{"id":854,"date":"2021-05-08T16:50:56","date_gmt":"2021-05-08T09:50:56","guid":{"rendered":"http:\/\/shinad.vn\/index.php\/hestia-front\/"},"modified":"2025-11-06T08:53:17","modified_gmt":"2025-11-06T01:53:17","slug":"www-shinad-vn","status":"publish","type":"page","link":"https:\/\/shinad.vn\/","title":{"rendered":"SHINAD ADVERTISING JSC"},"content":{"rendered":"\t\t<div data-elementor-type=\"wp-page\" data-elementor-id=\"854\" class=\"elementor elementor-854\">\n\t\t\t\t\t\t<section class=\"elementor-section elementor-top-section elementor-element elementor-element-36210448 elementor-section-boxed elementor-section-height-default elementor-section-height-default\" data-id=\"36210448\" data-element_type=\"section\" data-e-type=\"section\">\n\t\t\t\t\t\t<div class=\"elementor-container elementor-column-gap-default\">\n\t\t\t\t\t<div class=\"elementor-column elementor-col-100 elementor-top-column elementor-element elementor-element-7152ec5e\" data-id=\"7152ec5e\" data-element_type=\"column\" data-e-type=\"column\">\n\t\t\t<div class=\"elementor-widget-wrap elementor-element-populated\">\n\t\t\t\t\t\t<div class=\"elementor-element elementor-element-33eed01 elementor-widget elementor-widget-text-editor\" data-id=\"33eed01\" data-element_type=\"widget\" data-e-type=\"widget\" data-widget_type=\"text-editor.default\">\n\t\t\t\t<div class=\"elementor-widget-container\">\n\t\t\t\t\t\t\t\t\t<p><strong><em>K\u00ednh g\u1eedi Qu\u00fd \u0110\u1ed1i t\u00e1c v\u00e0 Kh\u00e1ch h\u00e0ng,<\/em><\/strong><\/p>\n<p class=\"has-text-align-justify\">L\u1eddi \u0111\u1ea7u ti\u00ean, C\u00f4ng ty c\u1ed5 ph\u1ea7n \u0110\u1ea7u t\u01b0 Th\u01b0\u01a1ng m\u1ea1i Qu\u1ea3ng c\u00e1o Shinad xin g\u1eedi l\u1eddi ch\u00e0o tr\u00e2n tr\u1ecdng v\u00e0 ch\u00fac th\u00e0nh c\u00f4ng \u0111\u1ebfn Qu\u00fd \u0111\u1ed1i t\u00e1c v\u00e0 Kh\u00e1ch h\u00e0ng.<\/p>\n<p class=\"has-text-align-justify\">Ng\u00e0y nay, v\u1edbi s\u1ef1 ph\u00e1t tri\u1ec3n m\u1ea1nh c\u1ee7a n\u1ec1n kinh t\u1ebf th\u1ecb tr\u01b0\u1eddng, kh\u00e1ch h\u00e0ng ng\u00e0y c\u00e0ng c\u00f3 nhi\u1ec1u s\u1ef1 l\u1ef1a ch\u1ecdn cho nhu c\u1ea7u m\u00ecnh. Vi\u1ec7c \u0111\u01b0\u1ee3c l\u1ef1a ch\u1ecdn v\u00e0 s\u1ef1 t\u00edn nhi\u1ec7m c\u1ee7a kh\u00e1ch h\u00e0ng lu\u00f4n l\u00e0 b\u00e0i to\u00e1n ch\u00fa tr\u1ecdng h\u00e0ng \u0111\u1ea7u trong c\u00f4ng t\u00e1c b\u00e1n h\u00e0ng c\u1ee7a c\u00e1c doanh nghi\u1ec7p. B\u00ean c\u1ea1nh vi\u1ec7c gia t\u0103ng ch\u1ea5t l\u01b0\u1ee3ng s\u1ea3n ph\u1ea9m, c\u00e1c ch\u01b0\u01a1ng tr\u00ecnh d\u1ecbch v\u1ee5 k\u00e8m theo c\u0169ng kh\u00f4ng k\u00e9m ph\u1ea7n quan tr\u1ecdng, ch\u1ee9ng t\u1ecf b\u1eb1ng vi\u1ec7c c\u00e1c doanh nghi\u1ec7p \u0111ang gi\u00e0nh t\u1ef7 l\u1ec7 ng\u00e2n s\u00e1ch marketing ng\u00e0y c\u00e0ng t\u0103ng. Ngo\u00e0i c\u00e1c ch\u01b0\u01a1ng tr\u00ecnh qu\u1ea3ng c\u00e1o ti\u1ebfp th\u1ecb, h\u1ed7 tr\u1ee3 b\u00e1n h\u00e0ng v\u00e0 sau b\u00e1n h\u00e0ng, ch\u01b0\u01a1ng tr\u00ecnh marketing b\u1eb1ng\u00a0<a href=\"https:\/\/shinad.vn\/index.php\/qua-tang-doanh-nghiep\/\" target=\"_blank\" rel=\"noreferrer noopener\">Qu\u00e0 t\u1eb7ng doanh nghi\u1ec7p<\/a>\u00a0c\u0169ng ng\u00e0y c\u00e0ng \u0111\u01b0\u1ee3c s\u1eed d\u1ee5ng ch\u00ednh v\u00e0 \u0111\u01b0\u1ee3c xem l\u00e0 c\u00f4ng c\u1ee5 hi\u1ec7u qu\u1ea3 \u0111\u1ec3 qu\u1ea3ng b\u00e1 th\u01b0\u01a1ng hi\u1ec7u, ti\u1ebfp c\u1eadn v\u00e0 gi\u1eef ch\u00e2n kh\u00e1ch h\u00e0ng.<\/p>\n<p class=\"has-text-align-justify\">Ra \u0111\u1eddi v\u1edbi s\u1ee9 m\u1ec7nh\u00a0\u201ccung c\u1ea5p c\u00e1c s\u1ea3n ph\u1ea9m d\u1ecbch v\u1ee5 ti\u1ebfp th\u1ecb s\u00e1ng t\u1ea1o, kh\u00e1c bi\u1ec7t, hi\u1ec7u qu\u1ea3 nh\u1ea5t\u201d, Shinad mong mu\u1ed1n \u0111\u1ed3ng h\u00e0nh c\u00f9ng Qu\u00fd Doanh nghi\u1ec7p<strong>,\u00a0<\/strong>cung c\u1ea5p cho Qu\u00fd Doanh nghi\u1ec7p c\u00e1c s\u1ea3n ph\u1ea9m d\u1ecbch v\u1ee5 hi\u1ec7u qu\u1ea3 nh\u1ea5t trong vi\u1ec7c k\u1ebft n\u1ed1i v\u00e0 duy tr\u00ec l\u00f2ng tin v\u1edbi kh\u00e1ch h\u00e0ng.<\/p>\n<p><span>C\u00e1c s\u1ea3n ph\u1ea9m \u2013 gi\u1ea3i ph\u00e1p ch\u00ednh c\u1ee7a Shinad nh\u01b0:<\/span><\/p>\n<blockquote class=\"wp-block-quote is-layout-flow wp-block-quote-is-layout-flow\">\n<p class=\"has-text-align-justify\"><em><strong>Qu\u00e0 t\u1eb7ng doanh nghi\u1ec7p<\/strong>: Theo nh\u01b0 th\u1ed1ng k\u00ea c\u1ee7a Hi\u1ec7p h\u1ed9i <a href=\"https:\/\/www.ppai.org\/\">PPAI (Promotional Products<span>\u00a0<\/span><\/a><a href=\"https:\/\/www.ppai.org\/\" target=\"_blank\" rel=\"noreferrer noopener\">Association<\/a><a href=\"https:\/\/www.ppai.org\/\"><span>\u00a0<\/span>International)<\/a>, doanh s\u1ed1 c\u00f3 th\u1ec3 \u0111\u01b0\u1ee3c \u0111\u1ea9y l\u00ean \u0111\u1ebfn 20% n\u1ebfu s\u1eed d\u1ee5ng qu\u00e0 t\u1eb7ng khuy\u1ebfn m\u00e3i. B\u00ean c\u1ea1nh \u0111\u00f3 qu\u00e0 t\u1eb7ng c\u0169ng g\u00f3p ph\u1ea7n quan tr\u1ecdng \u0111em l\u1ea1i hi\u1ec7u qu\u1ea3 cao trong nhi\u1ec1u s\u1ef1 ki\u1ec7n nh\u01b0 Tri \u00e2n khen th\u01b0\u1edfng, Khai tr\u01b0\u01a1ng, L\u1ec5 &#8211; T\u1ebft,&#8230;<\/em><\/p>\n<\/blockquote>\n<blockquote class=\"wp-block-quote is-layout-flow wp-block-quote-is-layout-flow\">\n<p class=\"has-text-align-justify\"><em><strong>S\u1ea3n ph\u1ea9m In \u1ea5n v\u00e0 POSM:\u00a0<\/strong>In \u1ea5n chuy\u00ean nghi\u1ec7p kh\u00f4ng \u0111\u01a1n thu\u1ea7n ch\u1ec9 l\u00e0 in h\u00ecnh \u1ea3nh v\u00e0 th\u00f4ng tin l\u00ean b\u1ec1 m\u1eb7t v\u1eadt ph\u1ea9m m\u00e0 l\u00e0 c\u1ea3 qu\u00e1 tr\u00ecnh \u0111\u1ea7u t\u01b0 t\u1eeb ph\u1ea7n s\u00e1ng t\u1ea1o, thi\u1ebft k\u1ebf, \u0111\u1ebfn l\u1ef1a ch\u1ecdn ph\u01b0\u01a1ng ph\u00e1p in hi\u1ec7u qu\u1ea3 nh\u1ea5t cho m\u1ed7i s\u1ea3n ph\u1ea9m \u0111\u1ec3 t\u00f4n l\u00ean s\u1ef1 sang tr\u1ecdng v\u00e0 t\u00f4n tr\u1ecdng trao \u0111\u1ebfn \u0111\u1ed1i t\u00e1c v\u00e0 kh\u00e1ch h\u00e0ng.\u00a0<\/em><\/p>\n<\/blockquote>\n<blockquote class=\"wp-block-quote is-layout-flow wp-block-quote-is-layout-flow\">\n<p class=\"has-text-align-justify\"><em><strong>Gi\u1ea3i ph\u00e1p V\u0103n ph\u00f2ng to\u00e0n di\u1ec7n:<\/strong> M<span>\u1ed9t v\u0103n ph\u00f2ng hi\u1ec7n \u0111\u1ea1i kh\u00f4ng ch\u1ec9 l\u00e0 n\u01a1i l\u00e0m vi\u1ec7c, m\u00e0 c\u00f2n l\u00e0 kh\u00f4ng gian truy\u1ec1n c\u1ea3m h\u1ee9ng v\u00e0 t\u0103ng c\u01b0\u1eddng s\u1ef1 k\u1ebft n\u1ed1i. M\u1ed9t h\u1ec7 sinh th\u00e1i l\u00e0m vi\u1ec7c th\u00f4ng minh, n\u01a1i m\u1ecdi thi\u1ebft b\u1ecb v\u00e0 gi\u1ea3i ph\u00e1p v\u1eadn h\u00e0nh \u0111\u1ed3ng b\u1ed9, h\u1ed7 tr\u1ee3 t\u1ed1i \u0111a cho c\u00e1c quy tr\u00ecnh h\u00e0ng ng\u00e0y, gi\u00fap \u0111\u1ed9i ng\u0169 t\u1eadp trung ho\u00e0n to\u00e0n v\u00e0o c\u00f4ng vi\u1ec7c c\u1ed1t l\u00f5i.<\/span><\/em><\/p>\n<\/blockquote>\n<p class=\"has-text-align-justify\">B\u1eb1ng t\u00e2m huy\u1ebft, kh\u00e1t v\u1ecdng v\u00e0 n\u1ed7 l\u1ef1c kh\u00f4ng ng\u1eebng s\u00e1ng t\u1ea1o, Shinad v\u1edbi tri\u1ebft l\u00fd kinh doanh xem kh\u00e1ch h\u00e0ng l\u00e0 tr\u00ean h\u1ebft c\u00f9ng \u0110\u1ed9i ng\u0169 nh\u00e2n vi\u00ean chuy\u00ean nghi\u1ec7p, cam k\u1ebft \u0111em \u0111\u1ebfn cho Qu\u00fd Doanh nghi\u1ec7p nh\u1eefng quy\u1ebft \u0111\u1ecbnh hi\u1ec7u qu\u1ea3 nh\u1ea5t.<\/p>\n<p>Xin ch\u00e2n th\u00e0nh c\u1ea3m \u01a1n <span>v\u00e0 k\u00ednh ch\u00fac Qu\u00fd \u0110\u1ed1i t\u00e1c- Kh\u00e1ch h\u00e0ng lu\u00f4n ph\u00e1t tri\u1ec3n v\u1eefng m\u1ea1nh!<\/span><\/p>\t\t\t\t\t\t\t\t<\/div>\n\t\t\t\t<\/div>\n\t\t\t\t\t<\/div>\n\t\t<\/div>\n\t\t\t\t\t<\/div>\n\t\t<\/section>\n\t\t\t\t<\/div>\n\t\t","protected":false},"excerpt":{"rendered":"<p>K\u00ednh g\u1eedi Qu\u00fd \u0110\u1ed1i t\u00e1c v\u00e0 Kh\u00e1ch h\u00e0ng, L\u1eddi \u0111\u1ea7u ti\u00ean, C\u00f4ng ty c\u1ed5 ph\u1ea7n \u0110\u1ea7u t\u01b0 Th\u01b0\u01a1ng m\u1ea1i Qu\u1ea3ng c\u00e1o Shinad xin g\u1eedi l\u1eddi ch\u00e0o tr\u00e2n tr\u1ecdng v\u00e0 ch\u00fac th\u00e0nh c\u00f4ng \u0111\u1ebfn Qu\u00fd \u0111\u1ed1i t\u00e1c v\u00e0 Kh\u00e1ch h\u00e0ng. Ng\u00e0y nay, v\u1edbi s\u1ef1 ph\u00e1t tri\u1ec3n m\u1ea1nh c\u1ee7a n\u1ec1n kinh t\u1ebf [&hellip;]<\/p>\n","protected":false},"author":1,"featured_media":2494,"parent":0,"menu_order":0,"comment_status":"closed","ping_status":"closed","template":"","meta":{"footnotes":""},"class_list":["post-854","page","type-page","status-publish","has-post-thumbnail","hentry"],"yoast_head":"<!-- This site is optimized with the Yoast SEO plugin v27.4 - https:\/\/yoast.com\/product\/yoast-seo-wordpress\/ -->\n<title>SHINAD I Gi\u1ea3i Ph\u00e1p Qu\u00e0 T\u1eb7ng Doanh Nghi\u1ec7p &amp; POSM<\/title>\n<meta name=\"description\" content=\"Cung c\u1ea5p c\u00e1c gi\u1ea3i ph\u00e1p v\u1ec1 Qu\u00e0 T\u1eb7ng Doanh Nghi\u1ec7p, In \u1ea4n POSM, B\u1ed9 Nh\u1eadn Di\u1ec7n Th\u01b0\u01a1ng Hi\u1ec7u, v\u00e0 Gi\u1ea3i ph\u00e1p Thi\u1ebft B\u1ecb V\u0103n Ph\u00f2ng. Hotline: 08.3388.9788\" \/>\n<meta name=\"robots\" content=\"index, follow, max-snippet:-1, max-image-preview:large, max-video-preview:-1\" \/>\n<link rel=\"canonical\" href=\"https:\/\/shinad.vn\/\" \/>\n<meta property=\"og:locale\" content=\"vi_VN\" \/>\n<meta property=\"og:type\" content=\"article\" \/>\n<meta property=\"og:title\" content=\"SHINAD I Gi\u1ea3i Ph\u00e1p Qu\u00e0 T\u1eb7ng Doanh Nghi\u1ec7p &amp; POSM\" \/>\n<meta property=\"og:description\" content=\"Cung c\u1ea5p c\u00e1c gi\u1ea3i ph\u00e1p v\u1ec1 Qu\u00e0 T\u1eb7ng Doanh Nghi\u1ec7p, In \u1ea4n POSM, B\u1ed9 Nh\u1eadn Di\u1ec7n Th\u01b0\u01a1ng Hi\u1ec7u, v\u00e0 Gi\u1ea3i ph\u00e1p Thi\u1ebft B\u1ecb V\u0103n Ph\u00f2ng. Hotline: 08.3388.9788\" \/>\n<meta property=\"og:url\" content=\"https:\/\/shinad.vn\/\" \/>\n<meta property=\"article:publisher\" content=\"https:\/\/www.facebook.com\/shinad.vn\" \/>\n<meta property=\"article:modified_time\" content=\"2025-11-06T01:53:17+00:00\" \/>\n<meta property=\"og:image\" content=\"https:\/\/shinad.vn\/wp-content\/uploads\/2024\/06\/hop-qua-tet-sang-xin-min-690k.jpeg\" \/>\n\t<meta property=\"og:image:width\" content=\"700\" \/>\n\t<meta property=\"og:image:height\" content=\"700\" \/>\n\t<meta property=\"og:image:type\" content=\"image\/jpeg\" \/>\n<meta name=\"twitter:card\" content=\"summary_large_image\" \/>\n<meta name=\"twitter:label1\" content=\"\u01af\u1edbc t\u00ednh th\u1eddi gian \u0111\u1ecdc\" \/>\n\t<meta name=\"twitter:data1\" content=\"2 ph\u00fat\" \/>\n<script type=\"application\/ld+json\" class=\"yoast-schema-graph\">{\"@context\":\"https:\\\/\\\/schema.org\",\"@graph\":[{\"@type\":\"WebPage\",\"@id\":\"https:\\\/\\\/shinad.vn\\\/\",\"url\":\"https:\\\/\\\/shinad.vn\\\/\",\"name\":\"SHINAD I Gi\u1ea3i Ph\u00e1p Qu\u00e0 T\u1eb7ng Doanh Nghi\u1ec7p & POSM\",\"isPartOf\":{\"@id\":\"https:\\\/\\\/shinad.vn\\\/#website\"},\"primaryImageOfPage\":{\"@id\":\"https:\\\/\\\/shinad.vn\\\/#primaryimage\"},\"image\":{\"@id\":\"https:\\\/\\\/shinad.vn\\\/#primaryimage\"},\"thumbnailUrl\":\"https:\\\/\\\/i0.wp.com\\\/shinad.vn\\\/wp-content\\\/uploads\\\/2024\\\/06\\\/hop-qua-tet-sang-xin-min-690k.jpeg?fit=700%2C700&ssl=1\",\"datePublished\":\"2021-05-08T09:50:56+00:00\",\"dateModified\":\"2025-11-06T01:53:17+00:00\",\"description\":\"Cung c\u1ea5p c\u00e1c gi\u1ea3i ph\u00e1p v\u1ec1 Qu\u00e0 T\u1eb7ng Doanh Nghi\u1ec7p, In \u1ea4n POSM, B\u1ed9 Nh\u1eadn Di\u1ec7n Th\u01b0\u01a1ng Hi\u1ec7u, v\u00e0 Gi\u1ea3i ph\u00e1p Thi\u1ebft B\u1ecb V\u0103n Ph\u00f2ng. Hotline: 08.3388.9788\",\"breadcrumb\":{\"@id\":\"https:\\\/\\\/shinad.vn\\\/#breadcrumb\"},\"inLanguage\":\"vi\",\"potentialAction\":[{\"@type\":\"ReadAction\",\"target\":[\"https:\\\/\\\/shinad.vn\\\/\"]}]},{\"@type\":\"ImageObject\",\"inLanguage\":\"vi\",\"@id\":\"https:\\\/\\\/shinad.vn\\\/#primaryimage\",\"url\":\"https:\\\/\\\/i0.wp.com\\\/shinad.vn\\\/wp-content\\\/uploads\\\/2024\\\/06\\\/hop-qua-tet-sang-xin-min-690k.jpeg?fit=700%2C700&ssl=1\",\"contentUrl\":\"https:\\\/\\\/i0.wp.com\\\/shinad.vn\\\/wp-content\\\/uploads\\\/2024\\\/06\\\/hop-qua-tet-sang-xin-min-690k.jpeg?fit=700%2C700&ssl=1\",\"width\":700,\"height\":700},{\"@type\":\"BreadcrumbList\",\"@id\":\"https:\\\/\\\/shinad.vn\\\/#breadcrumb\",\"itemListElement\":[{\"@type\":\"ListItem\",\"position\":1,\"name\":\"Trang ch\u1ee7\",\"item\":\"https:\\\/\\\/shinad.vn\\\/\"},{\"@type\":\"ListItem\",\"position\":2,\"name\":\"SHINAD ADVERTISING JSC\"}]},{\"@type\":\"WebSite\",\"@id\":\"https:\\\/\\\/shinad.vn\\\/#website\",\"url\":\"https:\\\/\\\/shinad.vn\\\/\",\"name\":\"www.shinad.vn\",\"description\":\"\",\"publisher\":{\"@id\":\"https:\\\/\\\/shinad.vn\\\/#organization\"},\"potentialAction\":[{\"@type\":\"SearchAction\",\"target\":{\"@type\":\"EntryPoint\",\"urlTemplate\":\"https:\\\/\\\/shinad.vn\\\/?s={search_term_string}\"},\"query-input\":{\"@type\":\"PropertyValueSpecification\",\"valueRequired\":true,\"valueName\":\"search_term_string\"}}],\"inLanguage\":\"vi\"},{\"@type\":\"Organization\",\"@id\":\"https:\\\/\\\/shinad.vn\\\/#organization\",\"name\":\"C\u00f4ng ty c\u1ed5 ph\u1ea7n \u0111\u1ea7u t\u01b0 th\u01b0\u01a1ng m\u1ea1i qu\u1ea3ng c\u00e1o Shinad\",\"url\":\"https:\\\/\\\/shinad.vn\\\/\",\"logo\":{\"@type\":\"ImageObject\",\"inLanguage\":\"vi\",\"@id\":\"https:\\\/\\\/shinad.vn\\\/#\\\/schema\\\/logo\\\/image\\\/\",\"url\":\"https:\\\/\\\/i0.wp.com\\\/shinad.vn\\\/wp-content\\\/uploads\\\/2020\\\/04\\\/cropped-Logo-SHINAD-ngang-3.png?fit=378%2C101&ssl=1\",\"contentUrl\":\"https:\\\/\\\/i0.wp.com\\\/shinad.vn\\\/wp-content\\\/uploads\\\/2020\\\/04\\\/cropped-Logo-SHINAD-ngang-3.png?fit=378%2C101&ssl=1\",\"width\":378,\"height\":101,\"caption\":\"C\u00f4ng ty c\u1ed5 ph\u1ea7n \u0111\u1ea7u t\u01b0 th\u01b0\u01a1ng m\u1ea1i qu\u1ea3ng c\u00e1o Shinad\"},\"image\":{\"@id\":\"https:\\\/\\\/shinad.vn\\\/#\\\/schema\\\/logo\\\/image\\\/\"},\"sameAs\":[\"https:\\\/\\\/www.facebook.com\\\/shinad.vn\"]}]}<\/script>\n<!-- \/ Yoast SEO plugin. -->","yoast_head_json":{"title":"SHINAD I Gi\u1ea3i Ph\u00e1p Qu\u00e0 T\u1eb7ng Doanh Nghi\u1ec7p & POSM","description":"Cung c\u1ea5p c\u00e1c gi\u1ea3i ph\u00e1p v\u1ec1 Qu\u00e0 T\u1eb7ng Doanh Nghi\u1ec7p, In \u1ea4n POSM, B\u1ed9 Nh\u1eadn Di\u1ec7n Th\u01b0\u01a1ng Hi\u1ec7u, v\u00e0 Gi\u1ea3i ph\u00e1p Thi\u1ebft B\u1ecb V\u0103n Ph\u00f2ng. Hotline: 08.3388.9788","robots":{"index":"index","follow":"follow","max-snippet":"max-snippet:-1","max-image-preview":"max-image-preview:large","max-video-preview":"max-video-preview:-1"},"canonical":"https:\/\/shinad.vn\/","og_locale":"vi_VN","og_type":"article","og_title":"SHINAD I Gi\u1ea3i Ph\u00e1p Qu\u00e0 T\u1eb7ng Doanh Nghi\u1ec7p & POSM","og_description":"Cung c\u1ea5p c\u00e1c gi\u1ea3i ph\u00e1p v\u1ec1 Qu\u00e0 T\u1eb7ng Doanh Nghi\u1ec7p, In \u1ea4n POSM, B\u1ed9 Nh\u1eadn Di\u1ec7n Th\u01b0\u01a1ng Hi\u1ec7u, v\u00e0 Gi\u1ea3i ph\u00e1p Thi\u1ebft B\u1ecb V\u0103n Ph\u00f2ng. Hotline: 08.3388.9788","og_url":"https:\/\/shinad.vn\/","article_publisher":"https:\/\/www.facebook.com\/shinad.vn","article_modified_time":"2025-11-06T01:53:17+00:00","og_image":[{"width":700,"height":700,"url":"https:\/\/shinad.vn\/wp-content\/uploads\/2024\/06\/hop-qua-tet-sang-xin-min-690k.jpeg","type":"image\/jpeg"}],"twitter_card":"summary_large_image","twitter_misc":{"\u01af\u1edbc t\u00ednh th\u1eddi gian \u0111\u1ecdc":"2 ph\u00fat"},"schema":{"@context":"https:\/\/schema.org","@graph":[{"@type":"WebPage","@id":"https:\/\/shinad.vn\/","url":"https:\/\/shinad.vn\/","name":"SHINAD I Gi\u1ea3i Ph\u00e1p Qu\u00e0 T\u1eb7ng Doanh Nghi\u1ec7p & POSM","isPartOf":{"@id":"https:\/\/shinad.vn\/#website"},"primaryImageOfPage":{"@id":"https:\/\/shinad.vn\/#primaryimage"},"image":{"@id":"https:\/\/shinad.vn\/#primaryimage"},"thumbnailUrl":"https:\/\/i0.wp.com\/shinad.vn\/wp-content\/uploads\/2024\/06\/hop-qua-tet-sang-xin-min-690k.jpeg?fit=700%2C700&ssl=1","datePublished":"2021-05-08T09:50:56+00:00","dateModified":"2025-11-06T01:53:17+00:00","description":"Cung c\u1ea5p c\u00e1c gi\u1ea3i ph\u00e1p v\u1ec1 Qu\u00e0 T\u1eb7ng Doanh Nghi\u1ec7p, In \u1ea4n POSM, B\u1ed9 Nh\u1eadn Di\u1ec7n Th\u01b0\u01a1ng Hi\u1ec7u, v\u00e0 Gi\u1ea3i ph\u00e1p Thi\u1ebft B\u1ecb V\u0103n Ph\u00f2ng. Hotline: 08.3388.9788","breadcrumb":{"@id":"https:\/\/shinad.vn\/#breadcrumb"},"inLanguage":"vi","potentialAction":[{"@type":"ReadAction","target":["https:\/\/shinad.vn\/"]}]},{"@type":"ImageObject","inLanguage":"vi","@id":"https:\/\/shinad.vn\/#primaryimage","url":"https:\/\/i0.wp.com\/shinad.vn\/wp-content\/uploads\/2024\/06\/hop-qua-tet-sang-xin-min-690k.jpeg?fit=700%2C700&ssl=1","contentUrl":"https:\/\/i0.wp.com\/shinad.vn\/wp-content\/uploads\/2024\/06\/hop-qua-tet-sang-xin-min-690k.jpeg?fit=700%2C700&ssl=1","width":700,"height":700},{"@type":"BreadcrumbList","@id":"https:\/\/shinad.vn\/#breadcrumb","itemListElement":[{"@type":"ListItem","position":1,"name":"Trang ch\u1ee7","item":"https:\/\/shinad.vn\/"},{"@type":"ListItem","position":2,"name":"SHINAD ADVERTISING JSC"}]},{"@type":"WebSite","@id":"https:\/\/shinad.vn\/#website","url":"https:\/\/shinad.vn\/","name":"www.shinad.vn","description":"","publisher":{"@id":"https:\/\/shinad.vn\/#organization"},"potentialAction":[{"@type":"SearchAction","target":{"@type":"EntryPoint","urlTemplate":"https:\/\/shinad.vn\/?s={search_term_string}"},"query-input":{"@type":"PropertyValueSpecification","valueRequired":true,"valueName":"search_term_string"}}],"inLanguage":"vi"},{"@type":"Organization","@id":"https:\/\/shinad.vn\/#organization","name":"C\u00f4ng ty c\u1ed5 ph\u1ea7n \u0111\u1ea7u t\u01b0 th\u01b0\u01a1ng m\u1ea1i qu\u1ea3ng c\u00e1o Shinad","url":"https:\/\/shinad.vn\/","logo":{"@type":"ImageObject","inLanguage":"vi","@id":"https:\/\/shinad.vn\/#\/schema\/logo\/image\/","url":"https:\/\/i0.wp.com\/shinad.vn\/wp-content\/uploads\/2020\/04\/cropped-Logo-SHINAD-ngang-3.png?fit=378%2C101&ssl=1","contentUrl":"https:\/\/i0.wp.com\/shinad.vn\/wp-content\/uploads\/2020\/04\/cropped-Logo-SHINAD-ngang-3.png?fit=378%2C101&ssl=1","width":378,"height":101,"caption":"C\u00f4ng ty c\u1ed5 ph\u1ea7n \u0111\u1ea7u t\u01b0 th\u01b0\u01a1ng m\u1ea1i qu\u1ea3ng c\u00e1o Shinad"},"image":{"@id":"https:\/\/shinad.vn\/#\/schema\/logo\/image\/"},"sameAs":["https:\/\/www.facebook.com\/shinad.vn"]}]}},"jetpack_sharing_enabled":true,"_links":{"self":[{"href":"https:\/\/shinad.vn\/index.php\/wp-json\/wp\/v2\/pages\/854","targetHints":{"allow":["GET"]}}],"collection":[{"href":"https:\/\/shinad.vn\/index.php\/wp-json\/wp\/v2\/pages"}],"about":[{"href":"https:\/\/shinad.vn\/index.php\/wp-json\/wp\/v2\/types\/page"}],"author":[{"embeddable":true,"href":"https:\/\/shinad.vn\/index.php\/wp-json\/wp\/v2\/users\/1"}],"replies":[{"embeddable":true,"href":"https:\/\/shinad.vn\/index.php\/wp-json\/wp\/v2\/comments?post=854"}],"version-history":[{"count":11,"href":"https:\/\/shinad.vn\/index.php\/wp-json\/wp\/v2\/pages\/854\/revisions"}],"predecessor-version":[{"id":3058,"href":"https:\/\/shinad.vn\/index.php\/wp-json\/wp\/v2\/pages\/854\/revisions\/3058"}],"wp:featuredmedia":[{"embeddable":true,"href":"https:\/\/shinad.vn\/index.php\/wp-json\/wp\/v2\/media\/2494"}],"wp:attachment":[{"href":"https:\/\/shinad.vn\/index.php\/wp-json\/wp\/v2\/media?parent=854"}],"curies":[{"name":"wp","href":"https:\/\/api.w.org\/{rel}","templated":true}]}}