{"id":775,"date":"2021-05-08T11:49:38","date_gmt":"2021-05-08T04:49:38","guid":{"rendered":"https:\/\/shinad.vn\/?page_id=775"},"modified":"2021-05-11T23:01:25","modified_gmt":"2021-05-11T16:01:25","slug":"may-in-the-datacard-sd460","status":"publish","type":"page","link":"https:\/\/shinad.vn\/index.php\/giai-phap-the-nhua\/may-in-the-nhua\/may-in-the-datacard-sd460\/","title":{"rendered":"M\u00e1y in th\u1ebb Datacard SD460"},"content":{"rendered":"\n<div class=\"wp-block-columns is-layout-flex wp-container-core-columns-is-layout-28f84493 wp-block-columns-is-layout-flex\">\n<div class=\"wp-block-column is-layout-flow wp-block-column-is-layout-flow\" style=\"flex-basis:33.33%\">\n<div class=\"wp-block-jetpack-slideshow aligncenter\" data-effect=\"slide\"><div class=\"wp-block-jetpack-slideshow_container swiper-container\"><ul class=\"wp-block-jetpack-slideshow_swiper-wrapper swiper-wrapper\"><li class=\"wp-block-jetpack-slideshow_slide swiper-slide\"><figure><img data-recalc-dims=\"1\" fetchpriority=\"high\" decoding=\"async\" width=\"411\" height=\"250\" alt=\"\" class=\"wp-block-jetpack-slideshow_image wp-image-768\" data-id=\"768\" src=\"https:\/\/i0.wp.com\/shinad.vn\/wp-content\/uploads\/2021\/05\/Datacard-SD460-3.jpg?resize=411%2C250\" srcset=\"https:\/\/i0.wp.com\/shinad.vn\/wp-content\/uploads\/2021\/05\/Datacard-SD460-3.jpg?w=411&amp;ssl=1 411w, https:\/\/i0.wp.com\/shinad.vn\/wp-content\/uploads\/2021\/05\/Datacard-SD460-3.jpg?resize=300%2C182&amp;ssl=1 300w\" sizes=\"(max-width: 411px) 100vw, 411px\" \/><\/figure><\/li><li class=\"wp-block-jetpack-slideshow_slide swiper-slide\"><figure><img data-recalc-dims=\"1\" decoding=\"async\" width=\"750\" height=\"750\" alt=\"\" class=\"wp-block-jetpack-slideshow_image wp-image-811\" data-id=\"811\" src=\"https:\/\/i0.wp.com\/shinad.vn\/wp-content\/uploads\/2021\/05\/Ruybang.jpg?resize=750%2C750\" srcset=\"https:\/\/i0.wp.com\/shinad.vn\/wp-content\/uploads\/2021\/05\/Ruybang.jpg?w=922&amp;ssl=1 922w, https:\/\/i0.wp.com\/shinad.vn\/wp-content\/uploads\/2021\/05\/Ruybang.jpg?resize=300%2C300&amp;ssl=1 300w, https:\/\/i0.wp.com\/shinad.vn\/wp-content\/uploads\/2021\/05\/Ruybang.jpg?resize=150%2C150&amp;ssl=1 150w, https:\/\/i0.wp.com\/shinad.vn\/wp-content\/uploads\/2021\/05\/Ruybang.jpg?resize=768%2C768&amp;ssl=1 768w\" sizes=\"(max-width: 750px) 100vw, 750px\" \/><\/figure><\/li><li class=\"wp-block-jetpack-slideshow_slide swiper-slide\"><figure><img data-recalc-dims=\"1\" decoding=\"async\" width=\"750\" height=\"515\" alt=\"\" class=\"wp-block-jetpack-slideshow_image wp-image-814\" data-id=\"814\" src=\"https:\/\/i0.wp.com\/shinad.vn\/wp-content\/uploads\/2021\/05\/The-trang.png?resize=750%2C515\" srcset=\"https:\/\/i0.wp.com\/shinad.vn\/wp-content\/uploads\/2021\/05\/The-trang.png?w=1002&amp;ssl=1 1002w, https:\/\/i0.wp.com\/shinad.vn\/wp-content\/uploads\/2021\/05\/The-trang.png?resize=300%2C206&amp;ssl=1 300w, https:\/\/i0.wp.com\/shinad.vn\/wp-content\/uploads\/2021\/05\/The-trang.png?resize=768%2C527&amp;ssl=1 768w\" sizes=\"(max-width: 750px) 100vw, 750px\" \/><\/figure><\/li><li class=\"wp-block-jetpack-slideshow_slide swiper-slide\"><figure><img data-recalc-dims=\"1\" loading=\"lazy\" decoding=\"async\" width=\"516\" height=\"674\" alt=\"\" class=\"wp-block-jetpack-slideshow_image wp-image-684\" data-id=\"684\" src=\"https:\/\/i0.wp.com\/shinad.vn\/wp-content\/uploads\/2021\/05\/Chipcard-2.png?resize=516%2C674\" srcset=\"https:\/\/i0.wp.com\/shinad.vn\/wp-content\/uploads\/2021\/05\/Chipcard-2.png?w=516&amp;ssl=1 516w, https:\/\/i0.wp.com\/shinad.vn\/wp-content\/uploads\/2021\/05\/Chipcard-2.png?resize=230%2C300&amp;ssl=1 230w\" sizes=\"(max-width: 516px) 100vw, 516px\" \/><\/figure><\/li><li class=\"wp-block-jetpack-slideshow_slide swiper-slide\"><figure><img data-recalc-dims=\"1\" loading=\"lazy\" decoding=\"async\" width=\"347\" height=\"466\" alt=\"\" class=\"wp-block-jetpack-slideshow_image wp-image-687\" data-id=\"687\" src=\"https:\/\/i0.wp.com\/shinad.vn\/wp-content\/uploads\/2021\/05\/MAGcard-2.png?resize=347%2C466\" srcset=\"https:\/\/i0.wp.com\/shinad.vn\/wp-content\/uploads\/2021\/05\/MAGcard-2.png?w=347&amp;ssl=1 347w, https:\/\/i0.wp.com\/shinad.vn\/wp-content\/uploads\/2021\/05\/MAGcard-2.png?resize=223%2C300&amp;ssl=1 223w\" sizes=\"(max-width: 347px) 100vw, 347px\" \/><\/figure><\/li><\/ul><a class=\"wp-block-jetpack-slideshow_button-prev swiper-button-prev swiper-button-white\" role=\"button\"><\/a><a class=\"wp-block-jetpack-slideshow_button-next swiper-button-next swiper-button-white\" role=\"button\"><\/a><a aria-label=\"Pause Slideshow\" class=\"wp-block-jetpack-slideshow_button-pause\" role=\"button\"><\/a><div class=\"wp-block-jetpack-slideshow_pagination swiper-pagination swiper-pagination-white\"><\/div><\/div><\/div>\n<\/div>\n\n\n\n<div class=\"wp-block-column is-layout-flow wp-block-column-is-layout-flow\" style=\"flex-basis:66.66%\">\n<ul class=\"wp-block-list\" id=\"block-892a2338-5a2c-4186-8943-183a9cdb0d73\"><li>H\u00e3ng S\u1ea3n Xu\u1ea5t: \u00a0Entrust Datacard<\/li><li>Xu\u1ea5t X\u1ee9:\u00a0\u00a0\u00a0\u00a0\u00a0\u00a0\u00a0\u00a0\u00a0\u00a0 \u00a0\u00a0\u00a0 M\u1ef9<\/li><li>M\u00e3 S\u1ea3n Ph\u1ea9m:\u00a0\u00a0 \u00a0Datacard SD460<\/li><li>C\u00f4ng ngh\u1ec7 in:\u00a0\u00a0\u00a0 \u00a0In nhi\u1ec7t tr\u1ef1c ti\u1ebfp<\/li><li>CH\u1ee8C N\u0102NG IN + D\u1eacP N\u1ed4I + PH\u1ee6 NH\u0168 + PH\u1ee6 M\u00c0NG<\/li><li>G\u1ed3m m\u00e1y in v\u00e0 b\u1ed9 ph\u1eadn d\u1eadp, ph\u1ee7 m\u00e0ng<\/li><li>B\u1ea3o H\u00e0nh:\u00a0\u00a0\u00a0\u00a0\u00a0\u00a0\u00a0\u00a0 \u00a0\u00a030 th\u00e1ng<\/li><\/ul>\n\n\n\n<p><strong><a href=\"http:\/\/shinad.vn\/index.php\/ve-shinad\/lien-he\/\">Li\u00ean h\u1ec7<\/a><\/strong><\/p>\n<\/div>\n<\/div>\n\n\n\n<hr class=\"wp-block-separator is-style-wide\"\/>\n\n\n\n<p><strong>T\u1ed5ng quan v\u1ec1 m\u00e1y in th\u1ebb nh\u1ef1a Datacard SD460<\/strong><\/p>\n\n\n\n<p class=\"has-text-align-justify\">Gi\u1ea3i ph\u00e1p m\u00e1y in th\u1ebb nh\u1ef1a t\u00edch h\u1ee3p c\u1ea3 in d\u1eadp n\u1ed5i, ph\u1ee7 nh\u0169 th\u1ebb v\u00e0 ph\u1ee7 th\u00eam l\u1edbp b\u1ea3o m\u1eadt cao h\u01a1n d\u00e0nh cho c\u00e1c doanh nghi\u1ec7p v\u00e0 Ch\u00ednh Ph\u1ee7<\/p>\n\n\n\n<hr class=\"wp-block-separator is-style-wide\"\/>\n\n\n\n<p><strong>\u00a0Th\u00f4ng s\u1ed1 k\u1ef9 thu\u1eadt m\u00e1y in th\u1ebb nh\u1ef1a Datacard <strong>SD460<\/strong><\/strong><\/p>\n\n\n\n<p>+ In m\u00e0u\/\u0111\u01a1n m\u00e0u, m\u1ed9t m\u1eb7t ho\u1eb7c hai m\u1eb7t t\u1ef1 \u0111\u1ed9ng<br>+ In h\u00ecnh \u1ea3nh, k\u00ed t\u1ef1 logo, ch\u1eef k\u00fd \u0111i\u1ec7n t\u1eed;<br>+ In c\u00e1c lo\u1ea1i m\u00e3 v\u1ea1ch 1D\/2D, ho\u1ea1 ti\u1ebft h\u00ecnh n\u1ec1n<br>+ Tr\u1ea1m ph\u1ee7 m\u00e0ng b\u1ea3o v\u1ec7 lamination t\u0103ng \u0111\u1ed9 b\u1ec1n, ch\u1ed1ng l\u00e0m gi\u1ea3.<br>+ T\u00ednh n\u0103ng nh\u1eadn d\u1ea1ng v\u1ec1 m\u1eb7t x\u00fac gi\u00e1c; Ng\u0103n ng\u1eeba kh\u1ea3 n\u0103ng l\u00e0m gi\u1ea3 th\u1ebb ho\u1eb7c gian l\u1eadn th\u1ebb<br>+ T\u00ednh n\u0103ng \u0111\u1eb7c bi\u1ec7t debow: l\u00e0m ph\u1eb3ng th\u1ebb sau khi th\u1ebb \u0111\u00e3 \u0111\u01b0\u1ee3c \u00e9p m\u1ea3ng b\u1ea3o v\u1ec7.<br>+ \u0110\u1ed9 ph\u00e2n gi\u1ea3i h\u00ecnh \u1ea3nh: 300 dpi<br>+ K\u1ebft n\u1ed1i: USB 2.0, Ethernet<br>+ M\u00e0n h\u00ecnh hi\u1ec3n th\u1ecb: LCD<br>+ T\u1ed1c \u0111\u1ed9 in:<br>     &#8211; In m\u00e0u v\u00e0 \u00e9p m\u00e0ng b\u1ea3o v\u1ec7 m\u1eb7t tr\u01b0\u1edbc: l\u00ean t\u1edbi 200 th\u1ebb\/ gi\u1edd (Ruy b\u0103ng YMCK)<br>     &#8211; In m\u00e0u v\u00e0 \u00e9p m\u00e0ng b\u1ea3o v\u1ec7 m\u1eb7t tr\u01b0\u1edbc, in \u0111en m\u1eb7t sau: l\u00ean t\u1edbi 175 th\u1ebb\/gi\u1edd (Ruy b\u0103ng YMCK-K)<br>     &#8211; In m\u1ed9t m\u1eb7t m\u00e0u YMCK v\u00e0 \u00e9p m\u00e0ng b\u1ea3o v\u1ec7 c\u00f3 \u0111\u00f3ng d\u1ea5u: l\u00ean t\u1edbi 185 th\u1ebb\/gi\u1edd<br>     &#8211; In hai m\u1eb7t YMCK-K v\u00e0 \u00e9p m\u00e0ng b\u1ea3o v\u1ec7 c\u00f3 \u0111\u00f3ng d\u1ea5u: l\u00ean t\u1edbi 15 th\u1ebb\/gi\u1edd<br>+ H\u1ed9p \u0111\u1ef1ng th\u1ebb \u0111\u1ea7u v\u00e0o v\u00e0 \u0111\u1ea7u ra: 100 th\u1ebb<br>+ B\u1ea3o h\u00e0nh: 30 th\u00e1ng.<br>+ Nh\u00e0 s\u1ea3n xu\u1ea5t: Entrust<br>+ Ph\u1ea7n m\u1ec1m thi\u1ebft k\u1ebf v\u00e0 in th\u1ebb \u0111i k\u00e8m<\/p>\n\n\n\n<hr class=\"wp-block-separator is-style-wide\"\/>\n\n\n\n<p><strong>L\u1ef1a ch\u1ecdn th\u00eam cho m\u00e1y Datacard <strong>SD460<\/strong><\/strong><\/p>\n\n\n\n<p>+ Tr\u1ea1m d\u1eadp d\u1ea5u n\u1ed5i b\u1ea3o m\u1eadt<br>+ Tr\u1ea1m \u00e9p m\u00e0ng b\u1ea3o v\u1ec7 th\u1ee9 hai<br>+ M\u00e3 h\u00f3a d\u1ea3i t\u1eeb theo chu\u1ea9n ISO 7811<br>+ M\u00e3 h\u00f3a th\u1ebb th\u00f4ng minh ti\u1ebfp x\u00fac\/kh\u00f4ng ti\u1ebfp x\u00fac<br>+ H\u1ed9p \u0111\u1ef1ng th\u1ebb \u0111\u1ea7u v\u00e0o 200 th\u1ebb<br>+ Kh\u00f3a b\u1ea3o v\u1ec7 Kensington\u00ae cho m\u00e1y in<\/p>\n\n\n\n<p><strong>V\u1eadt li\u1ec7u in th\u1ebb m\u00e1y in th\u1ebb nh\u1ef1a Datacard <strong>SD460<\/strong><\/strong><\/p>\n\n\n\n<p>+ Ruy b\u0103ng m\u00e0u YMCK\/YMCK-K; Ruy b\u0103ng m\u00e0u c\u00f3 ph\u1ee7 b\u1ea3o v\u1ec7 YMCKT; Ruy b\u0103ng \u0111\u01a1n m\u00e0u \u0111en c\u00f3 ph\u1ee7 KT; Ruy b\u0103ng \u0111\u01a1n m\u00e0u: \u0110en, tr\u1eafng, xanh, \u0111\u1ecf, b\u1ea1c, v\u00e0ng,<br>+ Cu\u1ed9n ph\u1ee7 trong v\u00e0 ph\u1ee7 b\u1ea3o v\u1ec7 3 chi\u1ec1u:<br>&#8211; L\u1edbp ph\u1ee7 c\u01a1 b\u1ea3n<br>&#8211; L\u1edbp ph\u1ee7 b\u1ea3o v\u1ec7 Datacard\u00ae DuraShield\u2122<br>&#8211; L\u1edbp c\u00e1n ph\u1ee7 Datacard\u00ae DuraGard\u00ae<br>+ Th\u1ebb nh\u1ef1a PVC tr\u1eafng, th\u1ebb t\u1eeb, th\u1ebb proximity c\u00e1c lo\u1ea1i<\/p>\n\n\n\n<hr class=\"wp-block-separator is-style-wide\"\/>\n\n\n\n<p><strong>D\u1ecbch v\u1ee5 gi\u00e1 tr\u1ecb gia t\u0103ng \u0111\u1ed1i v\u1edbi d\u00f2ng&nbsp;m\u00e1y in th\u1ebb nh\u1ef1a Datacard<\/strong><\/p>\n\n\n\n<p>+ V\u1eadt t\u01b0 ti\u00eau hao (ribbon, th\u1ebb nh\u1ef1a, v\u1eadt t\u01b0 lau m\u00e1y) \/ Ph\u1ee5 t\u00f9ng thay th\u1ebf<br>+ B\u1ea3o h\u00e0nh \u2013 b\u1ea3o tr\u00ec<br>+ D\u1ecbch v\u1ee5 cho thu\u00ea m\u00e1y<br>+ D\u1ecbch v\u1ee5 thi\u1ebft k\u1ebf th\u1ebb<\/p>\n\n\n\n<div style=\"height:50px\" aria-hidden=\"true\" class=\"wp-block-spacer\"><\/div>\n\n\n\n<hr class=\"wp-block-separator is-style-wide\"\/>\n\n\n\n<p><strong>VIDEO V\u1ec0 S\u1ea2N PH\u1ea8M<\/strong><\/p>\n\n\n\n<figure class=\"wp-block-embed is-type-video is-provider-youtube wp-block-embed-youtube wp-embed-aspect-16-9 wp-has-aspect-ratio\"><div class=\"wp-block-embed__wrapper\">\n<iframe title=\"Higgins EntrustDatacard SD460\" width=\"750\" height=\"422\" src=\"https:\/\/www.youtube.com\/embed\/zmLL3X4cI2k?feature=oembed\" frameborder=\"0\" allow=\"accelerometer; autoplay; clipboard-write; encrypted-media; gyroscope; picture-in-picture\" allowfullscreen><\/iframe>\n<\/div><\/figure>\n","protected":false},"excerpt":{"rendered":"<p>H\u00e3ng S\u1ea3n Xu\u1ea5t: \u00a0Entrust Datacard Xu\u1ea5t X\u1ee9:\u00a0\u00a0\u00a0\u00a0\u00a0\u00a0\u00a0\u00a0\u00a0\u00a0 \u00a0\u00a0\u00a0 M\u1ef9 M\u00e3 S\u1ea3n Ph\u1ea9m:\u00a0\u00a0 \u00a0Datacard SD460 C\u00f4ng ngh\u1ec7 in:\u00a0\u00a0\u00a0 \u00a0In nhi\u1ec7t tr\u1ef1c ti\u1ebfp CH\u1ee8C N\u0102NG IN + D\u1eacP N\u1ed4I + PH\u1ee6 NH\u0168 + PH\u1ee6 M\u00c0NG G\u1ed3m m\u00e1y in v\u00e0 b\u1ed9 ph\u1eadn d\u1eadp, ph\u1ee7 m\u00e0ng B\u1ea3o H\u00e0nh:\u00a0\u00a0\u00a0\u00a0\u00a0\u00a0\u00a0\u00a0 \u00a0\u00a030 th\u00e1ng Li\u00ean h\u1ec7 T\u1ed5ng quan [&hellip;]<\/p>\n","protected":false},"author":1,"featured_media":0,"parent":533,"menu_order":0,"comment_status":"closed","ping_status":"closed","template":"","meta":{"footnotes":""},"class_list":["post-775","page","type-page","status-publish","hentry"],"yoast_head":"<!-- This site is optimized with the Yoast SEO plugin v27.4 - https:\/\/yoast.com\/product\/yoast-seo-wordpress\/ -->\n<title>M\u00e1y in th\u1ebb Datacard SD460 -<\/title>\n<meta name=\"robots\" content=\"index, follow, max-snippet:-1, max-image-preview:large, max-video-preview:-1\" \/>\n<link rel=\"canonical\" href=\"https:\/\/shinad.vn\/index.php\/giai-phap-the-nhua\/may-in-the-nhua\/may-in-the-datacard-sd460\/\" \/>\n<meta property=\"og:locale\" content=\"vi_VN\" \/>\n<meta property=\"og:type\" content=\"article\" \/>\n<meta property=\"og:title\" content=\"M\u00e1y in th\u1ebb Datacard SD460 -\" \/>\n<meta property=\"og:description\" content=\"H\u00e3ng S\u1ea3n Xu\u1ea5t: \u00a0Entrust Datacard Xu\u1ea5t X\u1ee9:\u00a0\u00a0\u00a0\u00a0\u00a0\u00a0\u00a0\u00a0\u00a0\u00a0 \u00a0\u00a0\u00a0 M\u1ef9 M\u00e3 S\u1ea3n Ph\u1ea9m:\u00a0\u00a0 \u00a0Datacard SD460 C\u00f4ng ngh\u1ec7 in:\u00a0\u00a0\u00a0 \u00a0In nhi\u1ec7t tr\u1ef1c ti\u1ebfp CH\u1ee8C N\u0102NG IN + D\u1eacP N\u1ed4I + PH\u1ee6 NH\u0168 + PH\u1ee6 M\u00c0NG G\u1ed3m m\u00e1y in v\u00e0 b\u1ed9 ph\u1eadn d\u1eadp, ph\u1ee7 m\u00e0ng B\u1ea3o H\u00e0nh:\u00a0\u00a0\u00a0\u00a0\u00a0\u00a0\u00a0\u00a0 \u00a0\u00a030 th\u00e1ng Li\u00ean h\u1ec7 T\u1ed5ng quan [&hellip;]\" \/>\n<meta property=\"og:url\" content=\"https:\/\/shinad.vn\/index.php\/giai-phap-the-nhua\/may-in-the-nhua\/may-in-the-datacard-sd460\/\" \/>\n<meta property=\"article:publisher\" content=\"https:\/\/www.facebook.com\/shinad.vn\" \/>\n<meta property=\"article:modified_time\" content=\"2021-05-11T16:01:25+00:00\" \/>\n<meta property=\"og:image\" content=\"http:\/\/shinad.vn\/wp-content\/uploads\/2021\/05\/Datacard-SD460-3.jpg\" \/>\n<meta name=\"twitter:card\" content=\"summary_large_image\" \/>\n<meta name=\"twitter:label1\" content=\"\u01af\u1edbc t\u00ednh th\u1eddi gian \u0111\u1ecdc\" \/>\n\t<meta name=\"twitter:data1\" content=\"4 ph\u00fat\" \/>\n<script type=\"application\/ld+json\" class=\"yoast-schema-graph\">{\"@context\":\"https:\\\/\\\/schema.org\",\"@graph\":[{\"@type\":\"WebPage\",\"@id\":\"https:\\\/\\\/shinad.vn\\\/index.php\\\/giai-phap-the-nhua\\\/may-in-the-nhua\\\/may-in-the-datacard-sd460\\\/\",\"url\":\"https:\\\/\\\/shinad.vn\\\/index.php\\\/giai-phap-the-nhua\\\/may-in-the-nhua\\\/may-in-the-datacard-sd460\\\/\",\"name\":\"M\u00e1y in th\u1ebb Datacard SD460 -\",\"isPartOf\":{\"@id\":\"https:\\\/\\\/shinad.vn\\\/#website\"},\"primaryImageOfPage\":{\"@id\":\"https:\\\/\\\/shinad.vn\\\/index.php\\\/giai-phap-the-nhua\\\/may-in-the-nhua\\\/may-in-the-datacard-sd460\\\/#primaryimage\"},\"image\":{\"@id\":\"https:\\\/\\\/shinad.vn\\\/index.php\\\/giai-phap-the-nhua\\\/may-in-the-nhua\\\/may-in-the-datacard-sd460\\\/#primaryimage\"},\"thumbnailUrl\":\"http:\\\/\\\/shinad.vn\\\/wp-content\\\/uploads\\\/2021\\\/05\\\/Datacard-SD460-3.jpg\",\"datePublished\":\"2021-05-08T04:49:38+00:00\",\"dateModified\":\"2021-05-11T16:01:25+00:00\",\"breadcrumb\":{\"@id\":\"https:\\\/\\\/shinad.vn\\\/index.php\\\/giai-phap-the-nhua\\\/may-in-the-nhua\\\/may-in-the-datacard-sd460\\\/#breadcrumb\"},\"inLanguage\":\"vi\",\"potentialAction\":[{\"@type\":\"ReadAction\",\"target\":[\"https:\\\/\\\/shinad.vn\\\/index.php\\\/giai-phap-the-nhua\\\/may-in-the-nhua\\\/may-in-the-datacard-sd460\\\/\"]}]},{\"@type\":\"ImageObject\",\"inLanguage\":\"vi\",\"@id\":\"https:\\\/\\\/shinad.vn\\\/index.php\\\/giai-phap-the-nhua\\\/may-in-the-nhua\\\/may-in-the-datacard-sd460\\\/#primaryimage\",\"url\":\"http:\\\/\\\/shinad.vn\\\/wp-content\\\/uploads\\\/2021\\\/05\\\/Datacard-SD460-3.jpg\",\"contentUrl\":\"http:\\\/\\\/shinad.vn\\\/wp-content\\\/uploads\\\/2021\\\/05\\\/Datacard-SD460-3.jpg\"},{\"@type\":\"BreadcrumbList\",\"@id\":\"https:\\\/\\\/shinad.vn\\\/index.php\\\/giai-phap-the-nhua\\\/may-in-the-nhua\\\/may-in-the-datacard-sd460\\\/#breadcrumb\",\"itemListElement\":[{\"@type\":\"ListItem\",\"position\":1,\"name\":\"Trang ch\u1ee7\",\"item\":\"https:\\\/\\\/shinad.vn\\\/\"},{\"@type\":\"ListItem\",\"position\":2,\"name\":\"GI\u1ea2I PH\u00c1P TH\u1eba NH\u1ef0A\",\"item\":\"https:\\\/\\\/shinad.vn\\\/index.php\\\/giai-phap-the-nhua\\\/\"},{\"@type\":\"ListItem\",\"position\":3,\"name\":\"M\u00e1y In Th\u1ebb Nh\u1ef1a\",\"item\":\"https:\\\/\\\/shinad.vn\\\/index.php\\\/giai-phap-the-nhua\\\/may-in-the-nhua\\\/\"},{\"@type\":\"ListItem\",\"position\":4,\"name\":\"M\u00e1y in th\u1ebb Datacard SD460\"}]},{\"@type\":\"WebSite\",\"@id\":\"https:\\\/\\\/shinad.vn\\\/#website\",\"url\":\"https:\\\/\\\/shinad.vn\\\/\",\"name\":\"www.shinad.vn\",\"description\":\"\",\"publisher\":{\"@id\":\"https:\\\/\\\/shinad.vn\\\/#organization\"},\"potentialAction\":[{\"@type\":\"SearchAction\",\"target\":{\"@type\":\"EntryPoint\",\"urlTemplate\":\"https:\\\/\\\/shinad.vn\\\/?s={search_term_string}\"},\"query-input\":{\"@type\":\"PropertyValueSpecification\",\"valueRequired\":true,\"valueName\":\"search_term_string\"}}],\"inLanguage\":\"vi\"},{\"@type\":\"Organization\",\"@id\":\"https:\\\/\\\/shinad.vn\\\/#organization\",\"name\":\"C\u00f4ng ty c\u1ed5 ph\u1ea7n \u0111\u1ea7u t\u01b0 th\u01b0\u01a1ng m\u1ea1i qu\u1ea3ng c\u00e1o Shinad\",\"url\":\"https:\\\/\\\/shinad.vn\\\/\",\"logo\":{\"@type\":\"ImageObject\",\"inLanguage\":\"vi\",\"@id\":\"https:\\\/\\\/shinad.vn\\\/#\\\/schema\\\/logo\\\/image\\\/\",\"url\":\"https:\\\/\\\/i0.wp.com\\\/shinad.vn\\\/wp-content\\\/uploads\\\/2020\\\/04\\\/cropped-Logo-SHINAD-ngang-3.png?fit=378%2C101&ssl=1\",\"contentUrl\":\"https:\\\/\\\/i0.wp.com\\\/shinad.vn\\\/wp-content\\\/uploads\\\/2020\\\/04\\\/cropped-Logo-SHINAD-ngang-3.png?fit=378%2C101&ssl=1\",\"width\":378,\"height\":101,\"caption\":\"C\u00f4ng ty c\u1ed5 ph\u1ea7n \u0111\u1ea7u t\u01b0 th\u01b0\u01a1ng m\u1ea1i qu\u1ea3ng c\u00e1o Shinad\"},\"image\":{\"@id\":\"https:\\\/\\\/shinad.vn\\\/#\\\/schema\\\/logo\\\/image\\\/\"},\"sameAs\":[\"https:\\\/\\\/www.facebook.com\\\/shinad.vn\"]}]}<\/script>\n<!-- \/ Yoast SEO plugin. -->","yoast_head_json":{"title":"M\u00e1y in th\u1ebb Datacard SD460 -","robots":{"index":"index","follow":"follow","max-snippet":"max-snippet:-1","max-image-preview":"max-image-preview:large","max-video-preview":"max-video-preview:-1"},"canonical":"https:\/\/shinad.vn\/index.php\/giai-phap-the-nhua\/may-in-the-nhua\/may-in-the-datacard-sd460\/","og_locale":"vi_VN","og_type":"article","og_title":"M\u00e1y in th\u1ebb Datacard SD460 -","og_description":"H\u00e3ng S\u1ea3n Xu\u1ea5t: \u00a0Entrust Datacard Xu\u1ea5t X\u1ee9:\u00a0\u00a0\u00a0\u00a0\u00a0\u00a0\u00a0\u00a0\u00a0\u00a0 \u00a0\u00a0\u00a0 M\u1ef9 M\u00e3 S\u1ea3n Ph\u1ea9m:\u00a0\u00a0 \u00a0Datacard SD460 C\u00f4ng ngh\u1ec7 in:\u00a0\u00a0\u00a0 \u00a0In nhi\u1ec7t tr\u1ef1c ti\u1ebfp CH\u1ee8C N\u0102NG IN + D\u1eacP N\u1ed4I + PH\u1ee6 NH\u0168 + PH\u1ee6 M\u00c0NG G\u1ed3m m\u00e1y in v\u00e0 b\u1ed9 ph\u1eadn d\u1eadp, ph\u1ee7 m\u00e0ng B\u1ea3o H\u00e0nh:\u00a0\u00a0\u00a0\u00a0\u00a0\u00a0\u00a0\u00a0 \u00a0\u00a030 th\u00e1ng Li\u00ean h\u1ec7 T\u1ed5ng quan [&hellip;]","og_url":"https:\/\/shinad.vn\/index.php\/giai-phap-the-nhua\/may-in-the-nhua\/may-in-the-datacard-sd460\/","article_publisher":"https:\/\/www.facebook.com\/shinad.vn","article_modified_time":"2021-05-11T16:01:25+00:00","og_image":[{"url":"http:\/\/shinad.vn\/wp-content\/uploads\/2021\/05\/Datacard-SD460-3.jpg","type":"","width":"","height":""}],"twitter_card":"summary_large_image","twitter_misc":{"\u01af\u1edbc t\u00ednh th\u1eddi gian \u0111\u1ecdc":"4 ph\u00fat"},"schema":{"@context":"https:\/\/schema.org","@graph":[{"@type":"WebPage","@id":"https:\/\/shinad.vn\/index.php\/giai-phap-the-nhua\/may-in-the-nhua\/may-in-the-datacard-sd460\/","url":"https:\/\/shinad.vn\/index.php\/giai-phap-the-nhua\/may-in-the-nhua\/may-in-the-datacard-sd460\/","name":"M\u00e1y in th\u1ebb Datacard SD460 -","isPartOf":{"@id":"https:\/\/shinad.vn\/#website"},"primaryImageOfPage":{"@id":"https:\/\/shinad.vn\/index.php\/giai-phap-the-nhua\/may-in-the-nhua\/may-in-the-datacard-sd460\/#primaryimage"},"image":{"@id":"https:\/\/shinad.vn\/index.php\/giai-phap-the-nhua\/may-in-the-nhua\/may-in-the-datacard-sd460\/#primaryimage"},"thumbnailUrl":"http:\/\/shinad.vn\/wp-content\/uploads\/2021\/05\/Datacard-SD460-3.jpg","datePublished":"2021-05-08T04:49:38+00:00","dateModified":"2021-05-11T16:01:25+00:00","breadcrumb":{"@id":"https:\/\/shinad.vn\/index.php\/giai-phap-the-nhua\/may-in-the-nhua\/may-in-the-datacard-sd460\/#breadcrumb"},"inLanguage":"vi","potentialAction":[{"@type":"ReadAction","target":["https:\/\/shinad.vn\/index.php\/giai-phap-the-nhua\/may-in-the-nhua\/may-in-the-datacard-sd460\/"]}]},{"@type":"ImageObject","inLanguage":"vi","@id":"https:\/\/shinad.vn\/index.php\/giai-phap-the-nhua\/may-in-the-nhua\/may-in-the-datacard-sd460\/#primaryimage","url":"http:\/\/shinad.vn\/wp-content\/uploads\/2021\/05\/Datacard-SD460-3.jpg","contentUrl":"http:\/\/shinad.vn\/wp-content\/uploads\/2021\/05\/Datacard-SD460-3.jpg"},{"@type":"BreadcrumbList","@id":"https:\/\/shinad.vn\/index.php\/giai-phap-the-nhua\/may-in-the-nhua\/may-in-the-datacard-sd460\/#breadcrumb","itemListElement":[{"@type":"ListItem","position":1,"name":"Trang ch\u1ee7","item":"https:\/\/shinad.vn\/"},{"@type":"ListItem","position":2,"name":"GI\u1ea2I PH\u00c1P TH\u1eba NH\u1ef0A","item":"https:\/\/shinad.vn\/index.php\/giai-phap-the-nhua\/"},{"@type":"ListItem","position":3,"name":"M\u00e1y In Th\u1ebb Nh\u1ef1a","item":"https:\/\/shinad.vn\/index.php\/giai-phap-the-nhua\/may-in-the-nhua\/"},{"@type":"ListItem","position":4,"name":"M\u00e1y in th\u1ebb Datacard SD460"}]},{"@type":"WebSite","@id":"https:\/\/shinad.vn\/#website","url":"https:\/\/shinad.vn\/","name":"www.shinad.vn","description":"","publisher":{"@id":"https:\/\/shinad.vn\/#organization"},"potentialAction":[{"@type":"SearchAction","target":{"@type":"EntryPoint","urlTemplate":"https:\/\/shinad.vn\/?s={search_term_string}"},"query-input":{"@type":"PropertyValueSpecification","valueRequired":true,"valueName":"search_term_string"}}],"inLanguage":"vi"},{"@type":"Organization","@id":"https:\/\/shinad.vn\/#organization","name":"C\u00f4ng ty c\u1ed5 ph\u1ea7n \u0111\u1ea7u t\u01b0 th\u01b0\u01a1ng m\u1ea1i qu\u1ea3ng c\u00e1o Shinad","url":"https:\/\/shinad.vn\/","logo":{"@type":"ImageObject","inLanguage":"vi","@id":"https:\/\/shinad.vn\/#\/schema\/logo\/image\/","url":"https:\/\/i0.wp.com\/shinad.vn\/wp-content\/uploads\/2020\/04\/cropped-Logo-SHINAD-ngang-3.png?fit=378%2C101&ssl=1","contentUrl":"https:\/\/i0.wp.com\/shinad.vn\/wp-content\/uploads\/2020\/04\/cropped-Logo-SHINAD-ngang-3.png?fit=378%2C101&ssl=1","width":378,"height":101,"caption":"C\u00f4ng ty c\u1ed5 ph\u1ea7n \u0111\u1ea7u t\u01b0 th\u01b0\u01a1ng m\u1ea1i qu\u1ea3ng c\u00e1o Shinad"},"image":{"@id":"https:\/\/shinad.vn\/#\/schema\/logo\/image\/"},"sameAs":["https:\/\/www.facebook.com\/shinad.vn"]}]}},"jetpack_sharing_enabled":true,"_links":{"self":[{"href":"https:\/\/shinad.vn\/index.php\/wp-json\/wp\/v2\/pages\/775","targetHints":{"allow":["GET"]}}],"collection":[{"href":"https:\/\/shinad.vn\/index.php\/wp-json\/wp\/v2\/pages"}],"about":[{"href":"https:\/\/shinad.vn\/index.php\/wp-json\/wp\/v2\/types\/page"}],"author":[{"embeddable":true,"href":"https:\/\/shinad.vn\/index.php\/wp-json\/wp\/v2\/users\/1"}],"replies":[{"embeddable":true,"href":"https:\/\/shinad.vn\/index.php\/wp-json\/wp\/v2\/comments?post=775"}],"version-history":[{"count":5,"href":"https:\/\/shinad.vn\/index.php\/wp-json\/wp\/v2\/pages\/775\/revisions"}],"predecessor-version":[{"id":1250,"href":"https:\/\/shinad.vn\/index.php\/wp-json\/wp\/v2\/pages\/775\/revisions\/1250"}],"up":[{"embeddable":true,"href":"https:\/\/shinad.vn\/index.php\/wp-json\/wp\/v2\/pages\/533"}],"wp:attachment":[{"href":"https:\/\/shinad.vn\/index.php\/wp-json\/wp\/v2\/media?parent=775"}],"curies":[{"name":"wp","href":"https:\/\/api.w.org\/{rel}","templated":true}]}}