{"id":536,"date":"2021-05-05T21:38:23","date_gmt":"2021-05-05T14:38:23","guid":{"rendered":"https:\/\/shinad.vn\/?page_id=536"},"modified":"2021-05-19T21:27:29","modified_gmt":"2021-05-19T14:27:29","slug":"may-in-the-datacard-cr805","status":"publish","type":"page","link":"https:\/\/shinad.vn\/index.php\/giai-phap-the-nhua\/may-in-the-nhua\/may-in-the-datacard-cr805\/","title":{"rendered":"M\u00e1y in th\u1ebb Datacard CR805"},"content":{"rendered":"\n<div class=\"wp-block-columns is-layout-flex wp-container-core-columns-is-layout-28f84493 wp-block-columns-is-layout-flex\">\n<div class=\"wp-block-column is-layout-flow wp-block-column-is-layout-flow\" style=\"flex-basis:33.33%\">\n<div class=\"wp-block-jetpack-slideshow aligncenter\" data-autoplay=\"true\" data-delay=\"2\" data-effect=\"slide\"><div class=\"wp-block-jetpack-slideshow_container swiper-container\"><ul class=\"wp-block-jetpack-slideshow_swiper-wrapper swiper-wrapper\"><li class=\"wp-block-jetpack-slideshow_slide swiper-slide\"><figure><img data-recalc-dims=\"1\" fetchpriority=\"high\" decoding=\"async\" width=\"600\" height=\"546\" alt=\"\" class=\"wp-block-jetpack-slideshow_image wp-image-1587\" data-id=\"1587\" src=\"https:\/\/i0.wp.com\/shinad.vn\/wp-content\/uploads\/2021\/05\/datacard-cr805-1.png?resize=600%2C546&#038;ssl=1\" srcset=\"https:\/\/i0.wp.com\/shinad.vn\/wp-content\/uploads\/2021\/05\/datacard-cr805-1.png?w=600&amp;ssl=1 600w, https:\/\/i0.wp.com\/shinad.vn\/wp-content\/uploads\/2021\/05\/datacard-cr805-1.png?resize=300%2C273&amp;ssl=1 300w\" sizes=\"(max-width: 600px) 100vw, 600px\" \/><\/figure><\/li><li class=\"wp-block-jetpack-slideshow_slide swiper-slide\"><figure><img data-recalc-dims=\"1\" decoding=\"async\" width=\"750\" height=\"750\" alt=\"\" class=\"wp-block-jetpack-slideshow_image wp-image-811\" data-id=\"811\" src=\"https:\/\/i0.wp.com\/shinad.vn\/wp-content\/uploads\/2021\/05\/Ruybang.jpg?resize=750%2C750&#038;ssl=1\" srcset=\"https:\/\/i0.wp.com\/shinad.vn\/wp-content\/uploads\/2021\/05\/Ruybang.jpg?w=922&amp;ssl=1 922w, https:\/\/i0.wp.com\/shinad.vn\/wp-content\/uploads\/2021\/05\/Ruybang.jpg?resize=300%2C300&amp;ssl=1 300w, https:\/\/i0.wp.com\/shinad.vn\/wp-content\/uploads\/2021\/05\/Ruybang.jpg?resize=150%2C150&amp;ssl=1 150w, https:\/\/i0.wp.com\/shinad.vn\/wp-content\/uploads\/2021\/05\/Ruybang.jpg?resize=768%2C768&amp;ssl=1 768w\" sizes=\"(max-width: 750px) 100vw, 750px\" \/><\/figure><\/li><li class=\"wp-block-jetpack-slideshow_slide swiper-slide\"><figure><img data-recalc-dims=\"1\" decoding=\"async\" width=\"516\" height=\"674\" alt=\"\" class=\"wp-block-jetpack-slideshow_image wp-image-684\" data-id=\"684\" src=\"https:\/\/i0.wp.com\/shinad.vn\/wp-content\/uploads\/2021\/05\/Chipcard-2.png?resize=516%2C674&#038;ssl=1\" srcset=\"https:\/\/i0.wp.com\/shinad.vn\/wp-content\/uploads\/2021\/05\/Chipcard-2.png?w=516&amp;ssl=1 516w, https:\/\/i0.wp.com\/shinad.vn\/wp-content\/uploads\/2021\/05\/Chipcard-2.png?resize=230%2C300&amp;ssl=1 230w\" sizes=\"(max-width: 516px) 100vw, 516px\" \/><\/figure><\/li><\/ul><a class=\"wp-block-jetpack-slideshow_button-prev swiper-button-prev swiper-button-white\" role=\"button\"><\/a><a class=\"wp-block-jetpack-slideshow_button-next swiper-button-next swiper-button-white\" role=\"button\"><\/a><a aria-label=\"Pause Slideshow\" class=\"wp-block-jetpack-slideshow_button-pause\" role=\"button\"><\/a><div class=\"wp-block-jetpack-slideshow_pagination swiper-pagination swiper-pagination-white\"><\/div><\/div><\/div>\n<\/div>\n\n\n\n<div class=\"wp-block-column is-layout-flow wp-block-column-is-layout-flow\" style=\"flex-basis:66.66%\">\n<ul class=\"wp-block-list\" id=\"block-892a2338-5a2c-4186-8943-183a9cdb0d73\"><li>H\u00e3ng S\u1ea3n Xu\u1ea5t: &nbsp;Entrust Datacard<\/li><li>Xu\u1ea5t X\u1ee9:&nbsp;&nbsp;&nbsp;&nbsp;&nbsp;&nbsp;&nbsp;&nbsp;&nbsp;&nbsp; &nbsp;&nbsp;&nbsp; M\u1ef9<\/li><li>M\u00e3 S\u1ea3n Ph\u1ea9m:&nbsp;&nbsp; &nbsp;Datacard CR805<\/li><li>C\u00f4ng ngh\u1ec7 in:&nbsp;&nbsp;&nbsp; &nbsp;In nhi\u1ec7t gi\u00e1n ti\u1ebfp<\/li><li>CH\u1ee8C N\u0102NG IN + PH\u1ee6 M\u00c0NG<\/li><li>K\u00edch th\u01b0\u1edbc:          (L x W x H)&nbsp;54.34 cm x 25.53 cm x 39.68 cm<\/li><li>B\u1ea3o H\u00e0nh:&nbsp;&nbsp;&nbsp;&nbsp;&nbsp;&nbsp;&nbsp;&nbsp; &nbsp;&nbsp;36 th\u00e1ng<\/li><\/ul>\n\n\n\n<p><strong><a href=\"http:\/\/shinad.vn\/index.php\/ve-shinad\/lien-he\/\">Li\u00ean h\u1ec7<\/a><\/strong><\/p>\n<\/div>\n<\/div>\n\n\n\n<hr class=\"wp-block-separator is-style-wide\"\/>\n\n\n\n<p><strong>T\u1ed5ng quan v\u1ec1 m\u00e1y in th\u1ebb nh\u1ef1a Datacard CR805<\/strong><\/p>\n\n\n\n<p class=\"has-text-align-justify\">M\u00e1y in th\u1ebb nh\u1ef1a Datacard CR805 s\u1eed d\u1ee5ng c\u00f4ng ngh\u1ec7 in gi\u00e1n ti\u1ebfp, \u0111\u00e1p \u1ee9ng y\u00eau c\u1ea7u v\u1edbi m\u00e0u s\u1eafc tuy\u1ec7t \u0111\u1eb9p, linh ho\u1ea1t v\u1ec1 ch\u1ea5t li\u1ec7u th\u1ebb. V\u1edbi t\u00ednh n\u0103ng b\u1ea3o m\u1eadt v\u00e0 \u0111\u1ed9 b\u1ec1n \u0111\u1ec3 t\u1ea1o ra h\u1ea7u nh\u01b0 b\u1ea5t k\u1ef3 &nbsp;lo\u1ea1i th\u1ebb n\u00e0o cho kh\u00e1ch h\u00e0ng, c\u00f4ng d\u00e2n v\u00e0 nh\u00e2n vi\u00ean\u2026.<\/p>\n\n\n\n<p class=\"has-text-align-justify\">Ch\u1ea5t l\u01b0\u1ee3ng in, m\u00e0u s\u1eafc tuy\u1ec7t \u0111\u1ec9nh cho m\u1ecdi thi\u1ebft k\u1ebf v\u1edbi c\u00f4ng ngh\u1ec7 m\u1ef1c in Pigment mang l\u1ea1i h\u00ecnh \u1ea3nh ch\u1ea5t l\u01b0\u1ee3ng, \u0111\u1ed9 ph\u00e2n gi\u1ea3i tuy\u1ec7t \u0111\u1eb9p v\u00e0 \u0111\u1ed9 ch\u00ednh x\u00e1c tuy\u1ec7t \u0111\u1ed1i. Th\u1ec3 hi\u1ec7n th\u01b0\u01a1ng hi\u1ec7u c\u1ee7a b\u1ea1n v\u1edbi thi\u1ebft k\u1ebf b\u1eaft m\u1eaft, t\u01b0\u01a1i s\u00e1ng v\u00e0 cho h\u00ecnh \u1ea3nh nh\u01b0 th\u1eadt \u0111\u1ed1i v\u1edbi \u1ea3nh th\u1ebb.T\u00ednh linh ho\u1ea1t c\u1ee7a m\u00e1y in CR805 cho ph\u00e9p b\u1ea1n in m\u1ecdi th\u1ee9, t\u1eeb th\u1ebb nh\u00e2n vi\u00ean c\u00f4ng ty, th\u1ebb h\u1ecdc sinh \u0111\u1ebfn gi\u1ea5y ph\u00e9p l\u00e1i xe v\u00e0 c\u00e1c th\u1ebb nh\u1eadn di\u1ec7n c\u00f3 \u0111\u1ed9 b\u1ea3o m\u1eadt cao.<\/p>\n\n\n\n<p class=\"has-text-align-justify\"><strong>N\u00e2ng cao \u0111\u1ed9 b\u1ea3o m\u1eadt cho tr\u01b0\u1eddng h\u1ecdc, s\u00e2n bay v\u00e0 c\u00e1c c\u01a1 quan ch\u00ednh ph\u1ee7 quan tr\u1ecdng kh\u00e1c<\/strong>: V\u1edbi m\u00e1y in th\u1ebb CR805, b\u1ea1n s\u1ebd c\u00f3 \u0111\u01b0\u1ee3c h\u00ecnh \u1ea3nh b\u1ec1n m\u00e0u h\u01a1n, nh\u1edd \u0111\u00f3 b\u1ea1n c\u00f3 th\u1ec3 x\u00e1c th\u1ef1c ch\u1ee7 th\u1ebb ch\u00ednh x\u00e1c h\u01a1n. C\u00e1c t\u00ednh n\u0103ng &nbsp;b\u1ea3o m\u1eadt b\u1ed5 sung &nbsp;c\u1ee7a m\u00e1y in bao g\u1ed3m:<\/p>\n\n\n\n<ul class=\"wp-block-list\"><li>Kh\u00f3a t\u00f9y ch\u1ecdn gi\u00fap b\u1ea3o v\u1ec7 m\u00e1y in kh\u1ecfi vi\u1ec7c s\u1eed d\u1ee5ng tr\u00e1i ph\u00e9p.<\/li><li>M\u00f4-\u0111un TMP \u0111\u01b0\u1ee3c c\u1ea5u h\u00ecnh s\u1eb5n trong m\u00e1y in. S\u1eed d\u1ee5ng RMM \u0111\u1ec3 ch\u00e8n, qu\u1ea3n l\u00fd v\u00e0 x\u00f3a.<\/li><li>Ch\u1ee9ng th\u01b0 v\u00e0 ch\u00eca kh\u00f3a truy c\u1eadp c\u1ee7a t\u1eebng ng\u01b0\u1eddi d\u00f9ng c\u1ee5 th\u1ec3 t\u1ea1i m\u1ed9t n\u01a1i b\u1ea3o m\u1eadt.<\/li><li>Kh\u1edfi \u0111\u1ed9ng an to\u00e0n \u0111\u1ec3 tr\u00e1nh kh\u1edfi \u0111\u1ed9ng h\u1ec7 th\u1ed1ng khi c\u00f3 d\u1ea5u hi\u1ec7u ph\u1ea7n m\u1ec1m \u0111\u1ed9c h\u1ea1i.<\/li><\/ul>\n\n\n\n<hr class=\"wp-block-separator is-style-wide\"\/>\n\n\n\n<p><strong>&nbsp;Th\u00f4ng s\u1ed1 k\u1ef9 thu\u1eadt m\u00e1y in th\u1ebb nh\u1ef1a Datacard <strong>CR805<\/strong><\/strong><\/p>\n\n\n\n<p>M\u00e1y in th\u1ebb truy\u1ec1n nhi\u1ec7t gi\u00e1n ti\u1ebfp CR805, in 1 m\u1eb7t ho\u1eb7c 02 m\u1eb7t (t\u00f9y ch\u1ecdn), h\u1ed9p \u0111\u1ef1ng th\u1ebb \u0111\u1ea7u<br>v\u00e0o 125 th\u1ebb (bao g\u1ed3m Debow)<\/p>\n\n\n\n<ul class=\"wp-block-list\"><li>C\u00f4ng ngh\u1ec7 in: M\u1ef1c in pigment \u2013 truy\u1ec1n nhi\u1ec7t gi\u00e1n ti\u1ebfp<\/li><li>In 01 m\u1eb7t ho\u1eb7c 02 m\u1eb7t (T\u00f9y ch\u1ecdn), in tr\u00e0n l\u1ec1<\/li><li>T\u1ed1c \u0111\u1ed9 in: In 01 m\u1eb7t (CMYKP): l\u00ean \u0111\u1ebfn 100 th\u1ebb\/gi\u1edd; In 02 m\u1eb7t&nbsp;(CMYKP-KP): l\u00ean \u0111\u1ebfn 66 th\u1ebb\/gi\u1edd<\/li><li>H\u1ed9p \u0111\u1ef1ng th\u1ebb:<br>\u2013 H\u1ed9p \u0111\u1ef1ng th\u1ebb \u0111\u1ea7u v\u00e0o: 125 th\u1ebb<br>\u2013 H\u1ed9p \u0111\u1ef1ng th\u1ebb \u0111\u1ea7u ra: 25 th\u1ebb<\/li><li>K\u1ebft n\u1ed1i: USB v\u00e0 Ethernet<\/li><li>B\u1ea3o h\u00e0nh: 36 th\u00e1ng<\/li><\/ul>\n\n\n\n<div style=\"height:50px\" aria-hidden=\"true\" class=\"wp-block-spacer\"><\/div>\n\n\n\n<hr class=\"wp-block-separator is-style-wide\"\/>\n\n\n\n<p><strong>VIDEO V\u1ec0 S\u1ea2N PH\u1ea8M<\/strong><\/p>\n\n\n\n<figure class=\"wp-block-embed is-type-video is-provider-youtube wp-block-embed-youtube wp-embed-aspect-16-9 wp-has-aspect-ratio\"><div class=\"wp-block-embed__wrapper\">\n<iframe title=\"Entrust Datacard CR805 - High Security Card Printing\" width=\"750\" height=\"422\" src=\"https:\/\/www.youtube.com\/embed\/xvijZBUoNFs?feature=oembed\" frameborder=\"0\" allow=\"accelerometer; autoplay; clipboard-write; encrypted-media; gyroscope; picture-in-picture\" allowfullscreen><\/iframe>\n<\/div><\/figure>\n","protected":false},"excerpt":{"rendered":"<p>H\u00e3ng S\u1ea3n Xu\u1ea5t: &nbsp;Entrust Datacard Xu\u1ea5t X\u1ee9:&nbsp;&nbsp;&nbsp;&nbsp;&nbsp;&nbsp;&nbsp;&nbsp;&nbsp;&nbsp; &nbsp;&nbsp;&nbsp; M\u1ef9 M\u00e3 S\u1ea3n Ph\u1ea9m:&nbsp;&nbsp; &nbsp;Datacard CR805 C\u00f4ng ngh\u1ec7 in:&nbsp;&nbsp;&nbsp; &nbsp;In nhi\u1ec7t gi\u00e1n ti\u1ebfp CH\u1ee8C N\u0102NG IN + PH\u1ee6 M\u00c0NG K\u00edch th\u01b0\u1edbc: (L x W x H)&nbsp;54.34 cm x 25.53 cm x 39.68 cm B\u1ea3o H\u00e0nh:&nbsp;&nbsp;&nbsp;&nbsp;&nbsp;&nbsp;&nbsp;&nbsp; &nbsp;&nbsp;36 th\u00e1ng Li\u00ean h\u1ec7 T\u1ed5ng quan v\u1ec1 [&hellip;]<\/p>\n","protected":false},"author":1,"featured_media":0,"parent":533,"menu_order":0,"comment_status":"closed","ping_status":"closed","template":"","meta":{"footnotes":""},"class_list":["post-536","page","type-page","status-publish","hentry"],"yoast_head":"<!-- This site is optimized with the Yoast SEO plugin v27.4 - https:\/\/yoast.com\/product\/yoast-seo-wordpress\/ -->\n<title>M\u00e1y in th\u1ebb Datacard CR805 -<\/title>\n<meta name=\"robots\" content=\"index, follow, max-snippet:-1, max-image-preview:large, max-video-preview:-1\" \/>\n<link rel=\"canonical\" href=\"https:\/\/shinad.vn\/index.php\/giai-phap-the-nhua\/may-in-the-nhua\/may-in-the-datacard-cr805\/\" \/>\n<meta property=\"og:locale\" content=\"vi_VN\" \/>\n<meta property=\"og:type\" content=\"article\" \/>\n<meta property=\"og:title\" content=\"M\u00e1y in th\u1ebb Datacard CR805 -\" \/>\n<meta property=\"og:description\" content=\"H\u00e3ng S\u1ea3n Xu\u1ea5t: &nbsp;Entrust Datacard Xu\u1ea5t X\u1ee9:&nbsp;&nbsp;&nbsp;&nbsp;&nbsp;&nbsp;&nbsp;&nbsp;&nbsp;&nbsp; &nbsp;&nbsp;&nbsp; M\u1ef9 M\u00e3 S\u1ea3n Ph\u1ea9m:&nbsp;&nbsp; &nbsp;Datacard CR805 C\u00f4ng ngh\u1ec7 in:&nbsp;&nbsp;&nbsp; &nbsp;In nhi\u1ec7t gi\u00e1n ti\u1ebfp CH\u1ee8C N\u0102NG IN + PH\u1ee6 M\u00c0NG K\u00edch th\u01b0\u1edbc: (L x W x H)&nbsp;54.34 cm x 25.53 cm x 39.68 cm B\u1ea3o H\u00e0nh:&nbsp;&nbsp;&nbsp;&nbsp;&nbsp;&nbsp;&nbsp;&nbsp; &nbsp;&nbsp;36 th\u00e1ng Li\u00ean h\u1ec7 T\u1ed5ng quan v\u1ec1 [&hellip;]\" \/>\n<meta property=\"og:url\" content=\"https:\/\/shinad.vn\/index.php\/giai-phap-the-nhua\/may-in-the-nhua\/may-in-the-datacard-cr805\/\" \/>\n<meta property=\"article:publisher\" content=\"https:\/\/www.facebook.com\/shinad.vn\" \/>\n<meta property=\"article:modified_time\" content=\"2021-05-19T14:27:29+00:00\" \/>\n<meta property=\"og:image\" content=\"https:\/\/shinad.vn\/wp-content\/uploads\/2021\/05\/datacard-cr805-1.png\" \/>\n<meta name=\"twitter:card\" content=\"summary_large_image\" \/>\n<meta name=\"twitter:label1\" content=\"\u01af\u1edbc t\u00ednh th\u1eddi gian \u0111\u1ecdc\" \/>\n\t<meta name=\"twitter:data1\" content=\"3 ph\u00fat\" \/>\n<script type=\"application\/ld+json\" class=\"yoast-schema-graph\">{\"@context\":\"https:\\\/\\\/schema.org\",\"@graph\":[{\"@type\":\"WebPage\",\"@id\":\"https:\\\/\\\/shinad.vn\\\/index.php\\\/giai-phap-the-nhua\\\/may-in-the-nhua\\\/may-in-the-datacard-cr805\\\/\",\"url\":\"https:\\\/\\\/shinad.vn\\\/index.php\\\/giai-phap-the-nhua\\\/may-in-the-nhua\\\/may-in-the-datacard-cr805\\\/\",\"name\":\"M\u00e1y in th\u1ebb Datacard CR805 -\",\"isPartOf\":{\"@id\":\"https:\\\/\\\/shinad.vn\\\/#website\"},\"primaryImageOfPage\":{\"@id\":\"https:\\\/\\\/shinad.vn\\\/index.php\\\/giai-phap-the-nhua\\\/may-in-the-nhua\\\/may-in-the-datacard-cr805\\\/#primaryimage\"},\"image\":{\"@id\":\"https:\\\/\\\/shinad.vn\\\/index.php\\\/giai-phap-the-nhua\\\/may-in-the-nhua\\\/may-in-the-datacard-cr805\\\/#primaryimage\"},\"thumbnailUrl\":\"https:\\\/\\\/shinad.vn\\\/wp-content\\\/uploads\\\/2021\\\/05\\\/datacard-cr805-1.png\",\"datePublished\":\"2021-05-05T14:38:23+00:00\",\"dateModified\":\"2021-05-19T14:27:29+00:00\",\"breadcrumb\":{\"@id\":\"https:\\\/\\\/shinad.vn\\\/index.php\\\/giai-phap-the-nhua\\\/may-in-the-nhua\\\/may-in-the-datacard-cr805\\\/#breadcrumb\"},\"inLanguage\":\"vi\",\"potentialAction\":[{\"@type\":\"ReadAction\",\"target\":[\"https:\\\/\\\/shinad.vn\\\/index.php\\\/giai-phap-the-nhua\\\/may-in-the-nhua\\\/may-in-the-datacard-cr805\\\/\"]}]},{\"@type\":\"ImageObject\",\"inLanguage\":\"vi\",\"@id\":\"https:\\\/\\\/shinad.vn\\\/index.php\\\/giai-phap-the-nhua\\\/may-in-the-nhua\\\/may-in-the-datacard-cr805\\\/#primaryimage\",\"url\":\"https:\\\/\\\/i0.wp.com\\\/shinad.vn\\\/wp-content\\\/uploads\\\/2021\\\/05\\\/datacard-cr805-1.png?fit=600%2C546&ssl=1\",\"contentUrl\":\"https:\\\/\\\/i0.wp.com\\\/shinad.vn\\\/wp-content\\\/uploads\\\/2021\\\/05\\\/datacard-cr805-1.png?fit=600%2C546&ssl=1\",\"width\":600,\"height\":546},{\"@type\":\"BreadcrumbList\",\"@id\":\"https:\\\/\\\/shinad.vn\\\/index.php\\\/giai-phap-the-nhua\\\/may-in-the-nhua\\\/may-in-the-datacard-cr805\\\/#breadcrumb\",\"itemListElement\":[{\"@type\":\"ListItem\",\"position\":1,\"name\":\"Trang ch\u1ee7\",\"item\":\"https:\\\/\\\/shinad.vn\\\/\"},{\"@type\":\"ListItem\",\"position\":2,\"name\":\"GI\u1ea2I PH\u00c1P TH\u1eba NH\u1ef0A\",\"item\":\"https:\\\/\\\/shinad.vn\\\/index.php\\\/giai-phap-the-nhua\\\/\"},{\"@type\":\"ListItem\",\"position\":3,\"name\":\"M\u00e1y In Th\u1ebb Nh\u1ef1a\",\"item\":\"https:\\\/\\\/shinad.vn\\\/index.php\\\/giai-phap-the-nhua\\\/may-in-the-nhua\\\/\"},{\"@type\":\"ListItem\",\"position\":4,\"name\":\"M\u00e1y in th\u1ebb Datacard CR805\"}]},{\"@type\":\"WebSite\",\"@id\":\"https:\\\/\\\/shinad.vn\\\/#website\",\"url\":\"https:\\\/\\\/shinad.vn\\\/\",\"name\":\"www.shinad.vn\",\"description\":\"\",\"publisher\":{\"@id\":\"https:\\\/\\\/shinad.vn\\\/#organization\"},\"potentialAction\":[{\"@type\":\"SearchAction\",\"target\":{\"@type\":\"EntryPoint\",\"urlTemplate\":\"https:\\\/\\\/shinad.vn\\\/?s={search_term_string}\"},\"query-input\":{\"@type\":\"PropertyValueSpecification\",\"valueRequired\":true,\"valueName\":\"search_term_string\"}}],\"inLanguage\":\"vi\"},{\"@type\":\"Organization\",\"@id\":\"https:\\\/\\\/shinad.vn\\\/#organization\",\"name\":\"C\u00f4ng ty c\u1ed5 ph\u1ea7n \u0111\u1ea7u t\u01b0 th\u01b0\u01a1ng m\u1ea1i qu\u1ea3ng c\u00e1o Shinad\",\"url\":\"https:\\\/\\\/shinad.vn\\\/\",\"logo\":{\"@type\":\"ImageObject\",\"inLanguage\":\"vi\",\"@id\":\"https:\\\/\\\/shinad.vn\\\/#\\\/schema\\\/logo\\\/image\\\/\",\"url\":\"https:\\\/\\\/i0.wp.com\\\/shinad.vn\\\/wp-content\\\/uploads\\\/2020\\\/04\\\/cropped-Logo-SHINAD-ngang-3.png?fit=378%2C101&ssl=1\",\"contentUrl\":\"https:\\\/\\\/i0.wp.com\\\/shinad.vn\\\/wp-content\\\/uploads\\\/2020\\\/04\\\/cropped-Logo-SHINAD-ngang-3.png?fit=378%2C101&ssl=1\",\"width\":378,\"height\":101,\"caption\":\"C\u00f4ng ty c\u1ed5 ph\u1ea7n \u0111\u1ea7u t\u01b0 th\u01b0\u01a1ng m\u1ea1i qu\u1ea3ng c\u00e1o Shinad\"},\"image\":{\"@id\":\"https:\\\/\\\/shinad.vn\\\/#\\\/schema\\\/logo\\\/image\\\/\"},\"sameAs\":[\"https:\\\/\\\/www.facebook.com\\\/shinad.vn\"]}]}<\/script>\n<!-- \/ Yoast SEO plugin. -->","yoast_head_json":{"title":"M\u00e1y in th\u1ebb Datacard CR805 -","robots":{"index":"index","follow":"follow","max-snippet":"max-snippet:-1","max-image-preview":"max-image-preview:large","max-video-preview":"max-video-preview:-1"},"canonical":"https:\/\/shinad.vn\/index.php\/giai-phap-the-nhua\/may-in-the-nhua\/may-in-the-datacard-cr805\/","og_locale":"vi_VN","og_type":"article","og_title":"M\u00e1y in th\u1ebb Datacard CR805 -","og_description":"H\u00e3ng S\u1ea3n Xu\u1ea5t: &nbsp;Entrust Datacard Xu\u1ea5t X\u1ee9:&nbsp;&nbsp;&nbsp;&nbsp;&nbsp;&nbsp;&nbsp;&nbsp;&nbsp;&nbsp; &nbsp;&nbsp;&nbsp; M\u1ef9 M\u00e3 S\u1ea3n Ph\u1ea9m:&nbsp;&nbsp; &nbsp;Datacard CR805 C\u00f4ng ngh\u1ec7 in:&nbsp;&nbsp;&nbsp; &nbsp;In nhi\u1ec7t gi\u00e1n ti\u1ebfp CH\u1ee8C N\u0102NG IN + PH\u1ee6 M\u00c0NG K\u00edch th\u01b0\u1edbc: (L x W x H)&nbsp;54.34 cm x 25.53 cm x 39.68 cm B\u1ea3o H\u00e0nh:&nbsp;&nbsp;&nbsp;&nbsp;&nbsp;&nbsp;&nbsp;&nbsp; &nbsp;&nbsp;36 th\u00e1ng Li\u00ean h\u1ec7 T\u1ed5ng quan v\u1ec1 [&hellip;]","og_url":"https:\/\/shinad.vn\/index.php\/giai-phap-the-nhua\/may-in-the-nhua\/may-in-the-datacard-cr805\/","article_publisher":"https:\/\/www.facebook.com\/shinad.vn","article_modified_time":"2021-05-19T14:27:29+00:00","og_image":[{"url":"https:\/\/shinad.vn\/wp-content\/uploads\/2021\/05\/datacard-cr805-1.png","type":"","width":"","height":""}],"twitter_card":"summary_large_image","twitter_misc":{"\u01af\u1edbc t\u00ednh th\u1eddi gian \u0111\u1ecdc":"3 ph\u00fat"},"schema":{"@context":"https:\/\/schema.org","@graph":[{"@type":"WebPage","@id":"https:\/\/shinad.vn\/index.php\/giai-phap-the-nhua\/may-in-the-nhua\/may-in-the-datacard-cr805\/","url":"https:\/\/shinad.vn\/index.php\/giai-phap-the-nhua\/may-in-the-nhua\/may-in-the-datacard-cr805\/","name":"M\u00e1y in th\u1ebb Datacard CR805 -","isPartOf":{"@id":"https:\/\/shinad.vn\/#website"},"primaryImageOfPage":{"@id":"https:\/\/shinad.vn\/index.php\/giai-phap-the-nhua\/may-in-the-nhua\/may-in-the-datacard-cr805\/#primaryimage"},"image":{"@id":"https:\/\/shinad.vn\/index.php\/giai-phap-the-nhua\/may-in-the-nhua\/may-in-the-datacard-cr805\/#primaryimage"},"thumbnailUrl":"https:\/\/shinad.vn\/wp-content\/uploads\/2021\/05\/datacard-cr805-1.png","datePublished":"2021-05-05T14:38:23+00:00","dateModified":"2021-05-19T14:27:29+00:00","breadcrumb":{"@id":"https:\/\/shinad.vn\/index.php\/giai-phap-the-nhua\/may-in-the-nhua\/may-in-the-datacard-cr805\/#breadcrumb"},"inLanguage":"vi","potentialAction":[{"@type":"ReadAction","target":["https:\/\/shinad.vn\/index.php\/giai-phap-the-nhua\/may-in-the-nhua\/may-in-the-datacard-cr805\/"]}]},{"@type":"ImageObject","inLanguage":"vi","@id":"https:\/\/shinad.vn\/index.php\/giai-phap-the-nhua\/may-in-the-nhua\/may-in-the-datacard-cr805\/#primaryimage","url":"https:\/\/i0.wp.com\/shinad.vn\/wp-content\/uploads\/2021\/05\/datacard-cr805-1.png?fit=600%2C546&ssl=1","contentUrl":"https:\/\/i0.wp.com\/shinad.vn\/wp-content\/uploads\/2021\/05\/datacard-cr805-1.png?fit=600%2C546&ssl=1","width":600,"height":546},{"@type":"BreadcrumbList","@id":"https:\/\/shinad.vn\/index.php\/giai-phap-the-nhua\/may-in-the-nhua\/may-in-the-datacard-cr805\/#breadcrumb","itemListElement":[{"@type":"ListItem","position":1,"name":"Trang ch\u1ee7","item":"https:\/\/shinad.vn\/"},{"@type":"ListItem","position":2,"name":"GI\u1ea2I PH\u00c1P TH\u1eba NH\u1ef0A","item":"https:\/\/shinad.vn\/index.php\/giai-phap-the-nhua\/"},{"@type":"ListItem","position":3,"name":"M\u00e1y In Th\u1ebb Nh\u1ef1a","item":"https:\/\/shinad.vn\/index.php\/giai-phap-the-nhua\/may-in-the-nhua\/"},{"@type":"ListItem","position":4,"name":"M\u00e1y in th\u1ebb Datacard CR805"}]},{"@type":"WebSite","@id":"https:\/\/shinad.vn\/#website","url":"https:\/\/shinad.vn\/","name":"www.shinad.vn","description":"","publisher":{"@id":"https:\/\/shinad.vn\/#organization"},"potentialAction":[{"@type":"SearchAction","target":{"@type":"EntryPoint","urlTemplate":"https:\/\/shinad.vn\/?s={search_term_string}"},"query-input":{"@type":"PropertyValueSpecification","valueRequired":true,"valueName":"search_term_string"}}],"inLanguage":"vi"},{"@type":"Organization","@id":"https:\/\/shinad.vn\/#organization","name":"C\u00f4ng ty c\u1ed5 ph\u1ea7n \u0111\u1ea7u t\u01b0 th\u01b0\u01a1ng m\u1ea1i qu\u1ea3ng c\u00e1o Shinad","url":"https:\/\/shinad.vn\/","logo":{"@type":"ImageObject","inLanguage":"vi","@id":"https:\/\/shinad.vn\/#\/schema\/logo\/image\/","url":"https:\/\/i0.wp.com\/shinad.vn\/wp-content\/uploads\/2020\/04\/cropped-Logo-SHINAD-ngang-3.png?fit=378%2C101&ssl=1","contentUrl":"https:\/\/i0.wp.com\/shinad.vn\/wp-content\/uploads\/2020\/04\/cropped-Logo-SHINAD-ngang-3.png?fit=378%2C101&ssl=1","width":378,"height":101,"caption":"C\u00f4ng ty c\u1ed5 ph\u1ea7n \u0111\u1ea7u t\u01b0 th\u01b0\u01a1ng m\u1ea1i qu\u1ea3ng c\u00e1o Shinad"},"image":{"@id":"https:\/\/shinad.vn\/#\/schema\/logo\/image\/"},"sameAs":["https:\/\/www.facebook.com\/shinad.vn"]}]}},"jetpack_sharing_enabled":true,"_links":{"self":[{"href":"https:\/\/shinad.vn\/index.php\/wp-json\/wp\/v2\/pages\/536","targetHints":{"allow":["GET"]}}],"collection":[{"href":"https:\/\/shinad.vn\/index.php\/wp-json\/wp\/v2\/pages"}],"about":[{"href":"https:\/\/shinad.vn\/index.php\/wp-json\/wp\/v2\/types\/page"}],"author":[{"embeddable":true,"href":"https:\/\/shinad.vn\/index.php\/wp-json\/wp\/v2\/users\/1"}],"replies":[{"embeddable":true,"href":"https:\/\/shinad.vn\/index.php\/wp-json\/wp\/v2\/comments?post=536"}],"version-history":[{"count":7,"href":"https:\/\/shinad.vn\/index.php\/wp-json\/wp\/v2\/pages\/536\/revisions"}],"predecessor-version":[{"id":1588,"href":"https:\/\/shinad.vn\/index.php\/wp-json\/wp\/v2\/pages\/536\/revisions\/1588"}],"up":[{"embeddable":true,"href":"https:\/\/shinad.vn\/index.php\/wp-json\/wp\/v2\/pages\/533"}],"wp:attachment":[{"href":"https:\/\/shinad.vn\/index.php\/wp-json\/wp\/v2\/media?parent=536"}],"curies":[{"name":"wp","href":"https:\/\/api.w.org\/{rel}","templated":true}]}}