{"id":531,"date":"2021-05-05T21:33:06","date_gmt":"2021-05-05T14:33:06","guid":{"rendered":"https:\/\/shinad.vn\/?page_id=531"},"modified":"2021-05-12T21:34:06","modified_gmt":"2021-05-12T14:34:06","slug":"may-in-the-solid-310","status":"publish","type":"page","link":"https:\/\/shinad.vn\/index.php\/giai-phap-the-nhua\/may-in-the-nhua\/may-in-the-solid-310\/","title":{"rendered":"M\u00e1y in th\u1ebb Solid 310"},"content":{"rendered":"\n<div class=\"wp-block-columns is-layout-flex wp-container-core-columns-is-layout-28f84493 wp-block-columns-is-layout-flex\">\n<div class=\"wp-block-column is-layout-flow wp-block-column-is-layout-flow\" style=\"flex-basis:33.33%\">\n<div class=\"wp-block-columns is-layout-flex wp-container-core-columns-is-layout-28f84493 wp-block-columns-is-layout-flex\">\n<div class=\"wp-block-column is-layout-flow wp-block-column-is-layout-flow\" style=\"flex-basis:100%\">\n<div class=\"wp-block-jetpack-slideshow aligncenter\" data-effect=\"slide\"><div class=\"wp-block-jetpack-slideshow_container swiper-container\"><ul class=\"wp-block-jetpack-slideshow_swiper-wrapper swiper-wrapper\"><li class=\"wp-block-jetpack-slideshow_slide swiper-slide\"><figure><img data-recalc-dims=\"1\" fetchpriority=\"high\" decoding=\"async\" width=\"614\" height=\"422\" alt=\"\" class=\"wp-block-jetpack-slideshow_image wp-image-792\" data-id=\"792\" src=\"https:\/\/i0.wp.com\/shinad.vn\/wp-content\/uploads\/2021\/05\/Solid-310.jpg?resize=614%2C422\" srcset=\"https:\/\/i0.wp.com\/shinad.vn\/wp-content\/uploads\/2021\/05\/Solid-310.jpg?w=614&amp;ssl=1 614w, https:\/\/i0.wp.com\/shinad.vn\/wp-content\/uploads\/2021\/05\/Solid-310.jpg?resize=300%2C206&amp;ssl=1 300w\" sizes=\"(max-width: 614px) 100vw, 614px\" \/><figcaption class=\"wp-block-jetpack-slideshow_caption gallery-caption\">123<\/figcaption><\/figure><\/li><li class=\"wp-block-jetpack-slideshow_slide swiper-slide\"><figure><img data-recalc-dims=\"1\" decoding=\"async\" width=\"750\" height=\"750\" alt=\"\" class=\"wp-block-jetpack-slideshow_image wp-image-811\" data-id=\"811\" src=\"https:\/\/i0.wp.com\/shinad.vn\/wp-content\/uploads\/2021\/05\/Ruybang.jpg?resize=750%2C750\" srcset=\"https:\/\/i0.wp.com\/shinad.vn\/wp-content\/uploads\/2021\/05\/Ruybang.jpg?w=922&amp;ssl=1 922w, https:\/\/i0.wp.com\/shinad.vn\/wp-content\/uploads\/2021\/05\/Ruybang.jpg?resize=300%2C300&amp;ssl=1 300w, https:\/\/i0.wp.com\/shinad.vn\/wp-content\/uploads\/2021\/05\/Ruybang.jpg?resize=150%2C150&amp;ssl=1 150w, https:\/\/i0.wp.com\/shinad.vn\/wp-content\/uploads\/2021\/05\/Ruybang.jpg?resize=768%2C768&amp;ssl=1 768w\" sizes=\"(max-width: 750px) 100vw, 750px\" \/><\/figure><\/li><li class=\"wp-block-jetpack-slideshow_slide swiper-slide\"><figure><img data-recalc-dims=\"1\" decoding=\"async\" width=\"750\" height=\"515\" alt=\"\" class=\"wp-block-jetpack-slideshow_image wp-image-814\" data-id=\"814\" src=\"https:\/\/i0.wp.com\/shinad.vn\/wp-content\/uploads\/2021\/05\/The-trang.png?resize=750%2C515\" srcset=\"https:\/\/i0.wp.com\/shinad.vn\/wp-content\/uploads\/2021\/05\/The-trang.png?w=1002&amp;ssl=1 1002w, https:\/\/i0.wp.com\/shinad.vn\/wp-content\/uploads\/2021\/05\/The-trang.png?resize=300%2C206&amp;ssl=1 300w, https:\/\/i0.wp.com\/shinad.vn\/wp-content\/uploads\/2021\/05\/The-trang.png?resize=768%2C527&amp;ssl=1 768w\" sizes=\"(max-width: 750px) 100vw, 750px\" \/><\/figure><\/li><li class=\"wp-block-jetpack-slideshow_slide swiper-slide\"><figure><img data-recalc-dims=\"1\" loading=\"lazy\" decoding=\"async\" width=\"347\" height=\"466\" alt=\"\" class=\"wp-block-jetpack-slideshow_image wp-image-687\" data-id=\"687\" src=\"https:\/\/i0.wp.com\/shinad.vn\/wp-content\/uploads\/2021\/05\/MAGcard-2.png?resize=347%2C466\" srcset=\"https:\/\/i0.wp.com\/shinad.vn\/wp-content\/uploads\/2021\/05\/MAGcard-2.png?w=347&amp;ssl=1 347w, https:\/\/i0.wp.com\/shinad.vn\/wp-content\/uploads\/2021\/05\/MAGcard-2.png?resize=223%2C300&amp;ssl=1 223w\" sizes=\"(max-width: 347px) 100vw, 347px\" \/><\/figure><\/li><\/ul><a class=\"wp-block-jetpack-slideshow_button-prev swiper-button-prev swiper-button-white\" role=\"button\"><\/a><a class=\"wp-block-jetpack-slideshow_button-next swiper-button-next swiper-button-white\" role=\"button\"><\/a><a aria-label=\"Pause Slideshow\" class=\"wp-block-jetpack-slideshow_button-pause\" role=\"button\"><\/a><div class=\"wp-block-jetpack-slideshow_pagination swiper-pagination swiper-pagination-white\"><\/div><\/div><\/div>\n<\/div>\n<\/div>\n<\/div>\n\n\n\n<div class=\"wp-block-column is-vertically-aligned-center is-layout-flow wp-block-column-is-layout-flow\" style=\"flex-basis:66.66%\">\n<ul class=\"wp-block-list\" style=\"font-size:15px\"><li>H\u00e3ng S\u1ea3n Xu\u1ea5t: \u00a0IDP<\/li><li>Xu\u1ea5t X\u1ee9:\u00a0\u00a0\u00a0\u00a0\u00a0\u00a0\u00a0\u00a0\u00a0\u00a0 \u00a0\u00a0\u00a0H\u00e0n Qu\u1ed1c<\/li><li>M\u00e3 S\u1ea3n Ph\u1ea9m:\u00a0\u00a0 \u00a0Solid 310<\/li><li>C\u00f4ng ngh\u1ec7 in:\u00a0\u00a0\u00a0 \u00a0In truy\u1ec1n nhi\u1ec7t tr\u1ef1c ti\u1ebfp<\/li><li>T\u1ed1c \u0111\u1ed9 in:\u00a0\u00a0\u00a0\u00a0\u00a0\u00a0\u00a0\u00a0\u00a0 \u00a0\u00a023 gi\u00e2y \/ th\u1ebb m\u00e0u; In \u0111en: 5 gi\u00e2y \/ th\u1ebb<\/li><li>K\u00edch Th\u01b0\u1edbc:\u00a0\u00a0\u00a0\u00a0\u00a0 \u00a0\u00a0\u00a0172 X 377 X 190 (mm)<\/li><li>B\u1ea3o H\u00e0nh:\u00a0\u00a0\u00a0\u00a0\u00a0\u00a0\u00a0\u00a0 \u00a0\u00a024 th\u00e1ng<\/li><\/ul>\n\n\n\n<p><strong><span class=\"has-inline-color has-accent-color\"><a href=\"http:\/\/shinad.vn\/index.php\/ve-shinad\/lien-he\/\">Li\u00ean h\u1ec7<\/a><\/span><\/strong><\/p>\n<\/div>\n<\/div>\n\n\n\n<hr class=\"wp-block-separator is-style-wide\"\/>\n\n\n\n<p><strong>T\u1ed5ng quan v\u1ec1 m\u00e1y in th\u1ebb nh\u1ef1a Solid 310<\/strong><\/p>\n\n\n\n<p class=\"has-text-align-justify\">M\u00e1y in th\u1ebb nh\u1ef1a SOLID 310 ti\u00eau chu\u1ea9n ch\u1ea5t l\u01b0\u1ee3ng c\u1ee7a h\u00e3ng IDP \u0111\u1ebfn t\u1eeb H\u00e0n Qu\u1ed1c. \u0110\u01b0\u1ee3c \u0111\u1ea7u t\u01b0 thi\u1ebft k\u1ebf tr\u00ean tinh th\u1ea7n c\u1ed1t l\u00f5i x\u00e2y d\u1ef1ng d\u00f2ng m\u00e1y in b\u1ec1n b\u1ec9. Ch\u1ea5t l\u01b0\u1ee3ng in cao v\u00e0 t\u1ed1c \u0111\u1ed9 in nhanh ch\u00f3ng, d\u1ec5 s\u1eed d\u1ee5ng cho m\u1ecdi ng\u01b0\u1eddi d\u00f9ng. M\u00e1y in th\u1ebb SOLID 310 \u0111\u01b0\u1ee3c gia t\u0103ng kh\u1ea3 n\u0103ng \u0111\u00e1p \u1ee9ng nhi\u1ec1u lo\u1ea1i th\u1ebb nh\u1ef1a phong ph\u00fa nh\u01b0 th\u1ebb nh\u00e2n vi\u00ean, th\u1ebb th\u00e0nh vi\u00ean, th\u1ebb t\u1eeb ra v\u00e0o c\u1eeda\u2026<\/p>\n\n\n\n<hr class=\"wp-block-separator is-style-wide\"\/>\n\n\n\n<p><strong>\u00a0Th\u00f4ng s\u1ed1 k\u1ef9 thu\u1eadt m\u00e1y in th\u1ebb nh\u1ef1a <strong>Solid 310<\/strong><\/strong><\/p>\n\n\n\n<ul class=\"wp-block-list\"><li>C\u00f4ng ngh\u1ec7: In nhi\u1ec7t In tr\u1ef1c ti\u1ebfp, in c\u1eadn tr\u00e0n l\u1ec1<\/li><li>In m\u00e0u v\u00e0 \u0111\u01a1n s\u1eafc 1 m\u1eb7t t\u1ef1 \u0111\u1ed9ng ho\u1eb7c 02 m\u1eb7t (t\u00f9y ch\u1ecdn n\u00e2ng c\u1ea5p)<\/li><li>Ph\u01b0\u01a1ng th\u1ee9c in: In tr\u1ef1c ti\u1ebfp 1 m\u1eb7t t\u1ef1 \u0111\u1ed9ng ho\u1eb7c 02 m\u1eb7t (t\u00f9y ch\u1ecdn n\u00e2ng c\u1ea5p)<\/li><li>\u0110\u1ed9 ph\u00e2n gi\u1ea3i: L\u00ean \u0111\u1ebfn 1200 DPI<\/li><li>T\u1ed1c \u0111\u1ed9 in: 23 gi\u00e2y \/ th\u1ebb m\u00e0u; In \u0111en: 5 gi\u00e2y \/ th\u1ebb<\/li><li>Khay th\u1ebb v\u00e0o \/ ra: 80 \/ 25 th\u1ebb.<\/li><li>M\u00e3 h\u00f3a th\u1ebb T\u1eeb (Magnetic)<\/li><\/ul>\n\n\n\n<hr class=\"wp-block-separator is-style-wide\"\/>\n\n\n\n<p><strong>V\u1eadt li\u1ec7u in th\u1ebb m\u00e1y in th\u1ebb nh\u1ef1a <strong><strong>Solid 310<\/strong><\/strong><\/strong><\/p>\n\n\n\n<p>+ Ruy b\u0103ng m\u00e0u c\u00f3 ph\u1ee7 b\u1ea3o v\u1ec7 YMCKO; Ruy b\u0103ng \u0111\u01a1n m\u00e0u: \u0110en, tr\u1eafng, xanh, \u0111\u1ecf, b\u1ea1c, v\u00e0ng<br>+ Th\u1ebb nh\u1ef1a : th\u1ebb tr\u1eafng, ph\u00f4i th\u1ebb in s\u1eb5n\u2026.<br>+ V\u1eadt t\u01b0 v\u1ec7 sinh m\u00e1y<\/p>\n\n\n\n<div style=\"height:50px\" aria-hidden=\"true\" class=\"wp-block-spacer\"><\/div>\n\n\n\n<hr class=\"wp-block-separator is-style-wide\"\/>\n\n\n\n<p><strong>VIDEO V\u1ec0 S\u1ea2N PH\u1ea8M<\/strong><\/p>\n\n\n\n<figure class=\"wp-block-embed is-type-video is-provider-youtube wp-block-embed-youtube wp-embed-aspect-16-9 wp-has-aspect-ratio\"><div class=\"wp-block-embed__wrapper\">\n<iframe title=\"SOLID 300 Getting Started\" width=\"750\" height=\"422\" src=\"https:\/\/www.youtube.com\/embed\/EKNESOni0hk?feature=oembed\" frameborder=\"0\" allow=\"accelerometer; autoplay; clipboard-write; encrypted-media; gyroscope; picture-in-picture\" allowfullscreen><\/iframe>\n<\/div><\/figure>\n","protected":false},"excerpt":{"rendered":"<p>H\u00e3ng S\u1ea3n Xu\u1ea5t: \u00a0IDP Xu\u1ea5t X\u1ee9:\u00a0\u00a0\u00a0\u00a0\u00a0\u00a0\u00a0\u00a0\u00a0\u00a0 \u00a0\u00a0\u00a0H\u00e0n Qu\u1ed1c M\u00e3 S\u1ea3n Ph\u1ea9m:\u00a0\u00a0 \u00a0Solid 310 C\u00f4ng ngh\u1ec7 in:\u00a0\u00a0\u00a0 \u00a0In truy\u1ec1n nhi\u1ec7t tr\u1ef1c ti\u1ebfp T\u1ed1c \u0111\u1ed9 in:\u00a0\u00a0\u00a0\u00a0\u00a0\u00a0\u00a0\u00a0\u00a0 \u00a0\u00a023 gi\u00e2y \/ th\u1ebb m\u00e0u; In \u0111en: 5 gi\u00e2y \/ th\u1ebb K\u00edch Th\u01b0\u1edbc:\u00a0\u00a0\u00a0\u00a0\u00a0 \u00a0\u00a0\u00a0172 X 377 X 190 (mm) B\u1ea3o H\u00e0nh:\u00a0\u00a0\u00a0\u00a0\u00a0\u00a0\u00a0\u00a0 \u00a0\u00a024 th\u00e1ng Li\u00ean h\u1ec7 T\u1ed5ng [&hellip;]<\/p>\n","protected":false},"author":1,"featured_media":0,"parent":533,"menu_order":0,"comment_status":"closed","ping_status":"closed","template":"","meta":{"footnotes":""},"class_list":["post-531","page","type-page","status-publish","hentry"],"yoast_head":"<!-- This site is optimized with the Yoast SEO plugin v27.4 - https:\/\/yoast.com\/product\/yoast-seo-wordpress\/ -->\n<title>M\u00e1y in th\u1ebb Solid 310 -<\/title>\n<meta name=\"robots\" content=\"index, follow, max-snippet:-1, max-image-preview:large, max-video-preview:-1\" \/>\n<link rel=\"canonical\" href=\"https:\/\/shinad.vn\/index.php\/giai-phap-the-nhua\/may-in-the-nhua\/may-in-the-solid-310\/\" \/>\n<meta property=\"og:locale\" content=\"vi_VN\" \/>\n<meta property=\"og:type\" content=\"article\" \/>\n<meta property=\"og:title\" content=\"M\u00e1y in th\u1ebb Solid 310 -\" \/>\n<meta property=\"og:description\" content=\"H\u00e3ng S\u1ea3n Xu\u1ea5t: \u00a0IDP Xu\u1ea5t X\u1ee9:\u00a0\u00a0\u00a0\u00a0\u00a0\u00a0\u00a0\u00a0\u00a0\u00a0 \u00a0\u00a0\u00a0H\u00e0n Qu\u1ed1c M\u00e3 S\u1ea3n Ph\u1ea9m:\u00a0\u00a0 \u00a0Solid 310 C\u00f4ng ngh\u1ec7 in:\u00a0\u00a0\u00a0 \u00a0In truy\u1ec1n nhi\u1ec7t tr\u1ef1c ti\u1ebfp T\u1ed1c \u0111\u1ed9 in:\u00a0\u00a0\u00a0\u00a0\u00a0\u00a0\u00a0\u00a0\u00a0 \u00a0\u00a023 gi\u00e2y \/ th\u1ebb m\u00e0u; In \u0111en: 5 gi\u00e2y \/ th\u1ebb K\u00edch Th\u01b0\u1edbc:\u00a0\u00a0\u00a0\u00a0\u00a0 \u00a0\u00a0\u00a0172 X 377 X 190 (mm) B\u1ea3o H\u00e0nh:\u00a0\u00a0\u00a0\u00a0\u00a0\u00a0\u00a0\u00a0 \u00a0\u00a024 th\u00e1ng Li\u00ean h\u1ec7 T\u1ed5ng [&hellip;]\" \/>\n<meta property=\"og:url\" content=\"https:\/\/shinad.vn\/index.php\/giai-phap-the-nhua\/may-in-the-nhua\/may-in-the-solid-310\/\" \/>\n<meta property=\"article:publisher\" content=\"https:\/\/www.facebook.com\/shinad.vn\" \/>\n<meta property=\"article:modified_time\" content=\"2021-05-12T14:34:06+00:00\" \/>\n<meta property=\"og:image\" content=\"http:\/\/shinad.vn\/wp-content\/uploads\/2021\/05\/Solid-310.jpg\" \/>\n<meta name=\"twitter:card\" content=\"summary_large_image\" \/>\n<meta name=\"twitter:label1\" content=\"\u01af\u1edbc t\u00ednh th\u1eddi gian \u0111\u1ecdc\" \/>\n\t<meta name=\"twitter:data1\" content=\"3 ph\u00fat\" \/>\n<script type=\"application\/ld+json\" class=\"yoast-schema-graph\">{\"@context\":\"https:\\\/\\\/schema.org\",\"@graph\":[{\"@type\":\"WebPage\",\"@id\":\"https:\\\/\\\/shinad.vn\\\/index.php\\\/giai-phap-the-nhua\\\/may-in-the-nhua\\\/may-in-the-solid-310\\\/\",\"url\":\"https:\\\/\\\/shinad.vn\\\/index.php\\\/giai-phap-the-nhua\\\/may-in-the-nhua\\\/may-in-the-solid-310\\\/\",\"name\":\"M\u00e1y in th\u1ebb Solid 310 -\",\"isPartOf\":{\"@id\":\"https:\\\/\\\/shinad.vn\\\/#website\"},\"primaryImageOfPage\":{\"@id\":\"https:\\\/\\\/shinad.vn\\\/index.php\\\/giai-phap-the-nhua\\\/may-in-the-nhua\\\/may-in-the-solid-310\\\/#primaryimage\"},\"image\":{\"@id\":\"https:\\\/\\\/shinad.vn\\\/index.php\\\/giai-phap-the-nhua\\\/may-in-the-nhua\\\/may-in-the-solid-310\\\/#primaryimage\"},\"thumbnailUrl\":\"http:\\\/\\\/shinad.vn\\\/wp-content\\\/uploads\\\/2021\\\/05\\\/Solid-310.jpg\",\"datePublished\":\"2021-05-05T14:33:06+00:00\",\"dateModified\":\"2021-05-12T14:34:06+00:00\",\"breadcrumb\":{\"@id\":\"https:\\\/\\\/shinad.vn\\\/index.php\\\/giai-phap-the-nhua\\\/may-in-the-nhua\\\/may-in-the-solid-310\\\/#breadcrumb\"},\"inLanguage\":\"vi\",\"potentialAction\":[{\"@type\":\"ReadAction\",\"target\":[\"https:\\\/\\\/shinad.vn\\\/index.php\\\/giai-phap-the-nhua\\\/may-in-the-nhua\\\/may-in-the-solid-310\\\/\"]}]},{\"@type\":\"ImageObject\",\"inLanguage\":\"vi\",\"@id\":\"https:\\\/\\\/shinad.vn\\\/index.php\\\/giai-phap-the-nhua\\\/may-in-the-nhua\\\/may-in-the-solid-310\\\/#primaryimage\",\"url\":\"http:\\\/\\\/shinad.vn\\\/wp-content\\\/uploads\\\/2021\\\/05\\\/Solid-310.jpg\",\"contentUrl\":\"http:\\\/\\\/shinad.vn\\\/wp-content\\\/uploads\\\/2021\\\/05\\\/Solid-310.jpg\"},{\"@type\":\"BreadcrumbList\",\"@id\":\"https:\\\/\\\/shinad.vn\\\/index.php\\\/giai-phap-the-nhua\\\/may-in-the-nhua\\\/may-in-the-solid-310\\\/#breadcrumb\",\"itemListElement\":[{\"@type\":\"ListItem\",\"position\":1,\"name\":\"Trang ch\u1ee7\",\"item\":\"https:\\\/\\\/shinad.vn\\\/\"},{\"@type\":\"ListItem\",\"position\":2,\"name\":\"GI\u1ea2I PH\u00c1P TH\u1eba NH\u1ef0A\",\"item\":\"https:\\\/\\\/shinad.vn\\\/index.php\\\/giai-phap-the-nhua\\\/\"},{\"@type\":\"ListItem\",\"position\":3,\"name\":\"M\u00e1y In Th\u1ebb Nh\u1ef1a\",\"item\":\"https:\\\/\\\/shinad.vn\\\/index.php\\\/giai-phap-the-nhua\\\/may-in-the-nhua\\\/\"},{\"@type\":\"ListItem\",\"position\":4,\"name\":\"M\u00e1y in th\u1ebb Solid 310\"}]},{\"@type\":\"WebSite\",\"@id\":\"https:\\\/\\\/shinad.vn\\\/#website\",\"url\":\"https:\\\/\\\/shinad.vn\\\/\",\"name\":\"www.shinad.vn\",\"description\":\"\",\"publisher\":{\"@id\":\"https:\\\/\\\/shinad.vn\\\/#organization\"},\"potentialAction\":[{\"@type\":\"SearchAction\",\"target\":{\"@type\":\"EntryPoint\",\"urlTemplate\":\"https:\\\/\\\/shinad.vn\\\/?s={search_term_string}\"},\"query-input\":{\"@type\":\"PropertyValueSpecification\",\"valueRequired\":true,\"valueName\":\"search_term_string\"}}],\"inLanguage\":\"vi\"},{\"@type\":\"Organization\",\"@id\":\"https:\\\/\\\/shinad.vn\\\/#organization\",\"name\":\"C\u00f4ng ty c\u1ed5 ph\u1ea7n \u0111\u1ea7u t\u01b0 th\u01b0\u01a1ng m\u1ea1i qu\u1ea3ng c\u00e1o Shinad\",\"url\":\"https:\\\/\\\/shinad.vn\\\/\",\"logo\":{\"@type\":\"ImageObject\",\"inLanguage\":\"vi\",\"@id\":\"https:\\\/\\\/shinad.vn\\\/#\\\/schema\\\/logo\\\/image\\\/\",\"url\":\"https:\\\/\\\/i0.wp.com\\\/shinad.vn\\\/wp-content\\\/uploads\\\/2020\\\/04\\\/cropped-Logo-SHINAD-ngang-3.png?fit=378%2C101&ssl=1\",\"contentUrl\":\"https:\\\/\\\/i0.wp.com\\\/shinad.vn\\\/wp-content\\\/uploads\\\/2020\\\/04\\\/cropped-Logo-SHINAD-ngang-3.png?fit=378%2C101&ssl=1\",\"width\":378,\"height\":101,\"caption\":\"C\u00f4ng ty c\u1ed5 ph\u1ea7n \u0111\u1ea7u t\u01b0 th\u01b0\u01a1ng m\u1ea1i qu\u1ea3ng c\u00e1o Shinad\"},\"image\":{\"@id\":\"https:\\\/\\\/shinad.vn\\\/#\\\/schema\\\/logo\\\/image\\\/\"},\"sameAs\":[\"https:\\\/\\\/www.facebook.com\\\/shinad.vn\"]}]}<\/script>\n<!-- \/ Yoast SEO plugin. -->","yoast_head_json":{"title":"M\u00e1y in th\u1ebb Solid 310 -","robots":{"index":"index","follow":"follow","max-snippet":"max-snippet:-1","max-image-preview":"max-image-preview:large","max-video-preview":"max-video-preview:-1"},"canonical":"https:\/\/shinad.vn\/index.php\/giai-phap-the-nhua\/may-in-the-nhua\/may-in-the-solid-310\/","og_locale":"vi_VN","og_type":"article","og_title":"M\u00e1y in th\u1ebb Solid 310 -","og_description":"H\u00e3ng S\u1ea3n Xu\u1ea5t: \u00a0IDP Xu\u1ea5t X\u1ee9:\u00a0\u00a0\u00a0\u00a0\u00a0\u00a0\u00a0\u00a0\u00a0\u00a0 \u00a0\u00a0\u00a0H\u00e0n Qu\u1ed1c M\u00e3 S\u1ea3n Ph\u1ea9m:\u00a0\u00a0 \u00a0Solid 310 C\u00f4ng ngh\u1ec7 in:\u00a0\u00a0\u00a0 \u00a0In truy\u1ec1n nhi\u1ec7t tr\u1ef1c ti\u1ebfp T\u1ed1c \u0111\u1ed9 in:\u00a0\u00a0\u00a0\u00a0\u00a0\u00a0\u00a0\u00a0\u00a0 \u00a0\u00a023 gi\u00e2y \/ th\u1ebb m\u00e0u; In \u0111en: 5 gi\u00e2y \/ th\u1ebb K\u00edch Th\u01b0\u1edbc:\u00a0\u00a0\u00a0\u00a0\u00a0 \u00a0\u00a0\u00a0172 X 377 X 190 (mm) B\u1ea3o H\u00e0nh:\u00a0\u00a0\u00a0\u00a0\u00a0\u00a0\u00a0\u00a0 \u00a0\u00a024 th\u00e1ng Li\u00ean h\u1ec7 T\u1ed5ng [&hellip;]","og_url":"https:\/\/shinad.vn\/index.php\/giai-phap-the-nhua\/may-in-the-nhua\/may-in-the-solid-310\/","article_publisher":"https:\/\/www.facebook.com\/shinad.vn","article_modified_time":"2021-05-12T14:34:06+00:00","og_image":[{"url":"http:\/\/shinad.vn\/wp-content\/uploads\/2021\/05\/Solid-310.jpg","type":"","width":"","height":""}],"twitter_card":"summary_large_image","twitter_misc":{"\u01af\u1edbc t\u00ednh th\u1eddi gian \u0111\u1ecdc":"3 ph\u00fat"},"schema":{"@context":"https:\/\/schema.org","@graph":[{"@type":"WebPage","@id":"https:\/\/shinad.vn\/index.php\/giai-phap-the-nhua\/may-in-the-nhua\/may-in-the-solid-310\/","url":"https:\/\/shinad.vn\/index.php\/giai-phap-the-nhua\/may-in-the-nhua\/may-in-the-solid-310\/","name":"M\u00e1y in th\u1ebb Solid 310 -","isPartOf":{"@id":"https:\/\/shinad.vn\/#website"},"primaryImageOfPage":{"@id":"https:\/\/shinad.vn\/index.php\/giai-phap-the-nhua\/may-in-the-nhua\/may-in-the-solid-310\/#primaryimage"},"image":{"@id":"https:\/\/shinad.vn\/index.php\/giai-phap-the-nhua\/may-in-the-nhua\/may-in-the-solid-310\/#primaryimage"},"thumbnailUrl":"http:\/\/shinad.vn\/wp-content\/uploads\/2021\/05\/Solid-310.jpg","datePublished":"2021-05-05T14:33:06+00:00","dateModified":"2021-05-12T14:34:06+00:00","breadcrumb":{"@id":"https:\/\/shinad.vn\/index.php\/giai-phap-the-nhua\/may-in-the-nhua\/may-in-the-solid-310\/#breadcrumb"},"inLanguage":"vi","potentialAction":[{"@type":"ReadAction","target":["https:\/\/shinad.vn\/index.php\/giai-phap-the-nhua\/may-in-the-nhua\/may-in-the-solid-310\/"]}]},{"@type":"ImageObject","inLanguage":"vi","@id":"https:\/\/shinad.vn\/index.php\/giai-phap-the-nhua\/may-in-the-nhua\/may-in-the-solid-310\/#primaryimage","url":"http:\/\/shinad.vn\/wp-content\/uploads\/2021\/05\/Solid-310.jpg","contentUrl":"http:\/\/shinad.vn\/wp-content\/uploads\/2021\/05\/Solid-310.jpg"},{"@type":"BreadcrumbList","@id":"https:\/\/shinad.vn\/index.php\/giai-phap-the-nhua\/may-in-the-nhua\/may-in-the-solid-310\/#breadcrumb","itemListElement":[{"@type":"ListItem","position":1,"name":"Trang ch\u1ee7","item":"https:\/\/shinad.vn\/"},{"@type":"ListItem","position":2,"name":"GI\u1ea2I PH\u00c1P TH\u1eba NH\u1ef0A","item":"https:\/\/shinad.vn\/index.php\/giai-phap-the-nhua\/"},{"@type":"ListItem","position":3,"name":"M\u00e1y In Th\u1ebb Nh\u1ef1a","item":"https:\/\/shinad.vn\/index.php\/giai-phap-the-nhua\/may-in-the-nhua\/"},{"@type":"ListItem","position":4,"name":"M\u00e1y in th\u1ebb Solid 310"}]},{"@type":"WebSite","@id":"https:\/\/shinad.vn\/#website","url":"https:\/\/shinad.vn\/","name":"www.shinad.vn","description":"","publisher":{"@id":"https:\/\/shinad.vn\/#organization"},"potentialAction":[{"@type":"SearchAction","target":{"@type":"EntryPoint","urlTemplate":"https:\/\/shinad.vn\/?s={search_term_string}"},"query-input":{"@type":"PropertyValueSpecification","valueRequired":true,"valueName":"search_term_string"}}],"inLanguage":"vi"},{"@type":"Organization","@id":"https:\/\/shinad.vn\/#organization","name":"C\u00f4ng ty c\u1ed5 ph\u1ea7n \u0111\u1ea7u t\u01b0 th\u01b0\u01a1ng m\u1ea1i qu\u1ea3ng c\u00e1o Shinad","url":"https:\/\/shinad.vn\/","logo":{"@type":"ImageObject","inLanguage":"vi","@id":"https:\/\/shinad.vn\/#\/schema\/logo\/image\/","url":"https:\/\/i0.wp.com\/shinad.vn\/wp-content\/uploads\/2020\/04\/cropped-Logo-SHINAD-ngang-3.png?fit=378%2C101&ssl=1","contentUrl":"https:\/\/i0.wp.com\/shinad.vn\/wp-content\/uploads\/2020\/04\/cropped-Logo-SHINAD-ngang-3.png?fit=378%2C101&ssl=1","width":378,"height":101,"caption":"C\u00f4ng ty c\u1ed5 ph\u1ea7n \u0111\u1ea7u t\u01b0 th\u01b0\u01a1ng m\u1ea1i qu\u1ea3ng c\u00e1o Shinad"},"image":{"@id":"https:\/\/shinad.vn\/#\/schema\/logo\/image\/"},"sameAs":["https:\/\/www.facebook.com\/shinad.vn"]}]}},"jetpack_sharing_enabled":true,"_links":{"self":[{"href":"https:\/\/shinad.vn\/index.php\/wp-json\/wp\/v2\/pages\/531","targetHints":{"allow":["GET"]}}],"collection":[{"href":"https:\/\/shinad.vn\/index.php\/wp-json\/wp\/v2\/pages"}],"about":[{"href":"https:\/\/shinad.vn\/index.php\/wp-json\/wp\/v2\/types\/page"}],"author":[{"embeddable":true,"href":"https:\/\/shinad.vn\/index.php\/wp-json\/wp\/v2\/users\/1"}],"replies":[{"embeddable":true,"href":"https:\/\/shinad.vn\/index.php\/wp-json\/wp\/v2\/comments?post=531"}],"version-history":[{"count":4,"href":"https:\/\/shinad.vn\/index.php\/wp-json\/wp\/v2\/pages\/531\/revisions"}],"predecessor-version":[{"id":1309,"href":"https:\/\/shinad.vn\/index.php\/wp-json\/wp\/v2\/pages\/531\/revisions\/1309"}],"up":[{"embeddable":true,"href":"https:\/\/shinad.vn\/index.php\/wp-json\/wp\/v2\/pages\/533"}],"wp:attachment":[{"href":"https:\/\/shinad.vn\/index.php\/wp-json\/wp\/v2\/media?parent=531"}],"curies":[{"name":"wp","href":"https:\/\/api.w.org\/{rel}","templated":true}]}}