{"id":529,"date":"2021-05-05T21:30:59","date_gmt":"2021-05-05T14:30:59","guid":{"rendered":"https:\/\/shinad.vn\/?page_id=529"},"modified":"2023-12-11T22:10:59","modified_gmt":"2023-12-11T15:10:59","slug":"may-in-the-datacard-sd260","status":"publish","type":"page","link":"https:\/\/shinad.vn\/index.php\/giai-phap-the-nhua\/may-in-the-nhua\/may-in-the-datacard-sd260\/","title":{"rendered":"M\u00e1y in th\u1ebb Entrust Sigma DS2"},"content":{"rendered":"\n<hr class=\"wp-block-separator has-css-opacity is-style-wide\"\/>\n\n\n\n<div class=\"wp-block-columns is-layout-flex wp-container-core-columns-is-layout-28f84493 wp-block-columns-is-layout-flex\">\n<div class=\"wp-block-column is-layout-flow wp-block-column-is-layout-flow\" style=\"flex-basis:33.33%\">\n<div class=\"wp-block-jetpack-slideshow aligncenter\" data-effect=\"slide\"><div class=\"wp-block-jetpack-slideshow_container swiper-container\"><ul class=\"wp-block-jetpack-slideshow_swiper-wrapper swiper-wrapper\"><li class=\"wp-block-jetpack-slideshow_slide swiper-slide\"><figure><img data-recalc-dims=\"1\" fetchpriority=\"high\" decoding=\"async\" width=\"600\" height=\"600\" alt=\"\" class=\"wp-block-jetpack-slideshow_image wp-image-2428\" data-id=\"2428\" src=\"https:\/\/i0.wp.com\/shinad.vn\/wp-content\/uploads\/2023\/12\/sigma_ds1.jpeg?resize=600%2C600&#038;ssl=1\" srcset=\"https:\/\/i0.wp.com\/shinad.vn\/wp-content\/uploads\/2023\/12\/sigma_ds1.jpeg?w=600&amp;ssl=1 600w, https:\/\/i0.wp.com\/shinad.vn\/wp-content\/uploads\/2023\/12\/sigma_ds1.jpeg?resize=300%2C300&amp;ssl=1 300w, https:\/\/i0.wp.com\/shinad.vn\/wp-content\/uploads\/2023\/12\/sigma_ds1.jpeg?resize=150%2C150&amp;ssl=1 150w\" sizes=\"(max-width: 600px) 100vw, 600px\" \/><\/figure><\/li><li class=\"wp-block-jetpack-slideshow_slide swiper-slide\"><figure><img data-recalc-dims=\"1\" decoding=\"async\" width=\"750\" height=\"750\" alt=\"\" class=\"wp-block-jetpack-slideshow_image wp-image-811\" data-id=\"811\" src=\"https:\/\/i0.wp.com\/shinad.vn\/wp-content\/uploads\/2021\/05\/Ruybang.jpg?resize=750%2C750&#038;ssl=1\" srcset=\"https:\/\/i0.wp.com\/shinad.vn\/wp-content\/uploads\/2021\/05\/Ruybang.jpg?w=922&amp;ssl=1 922w, https:\/\/i0.wp.com\/shinad.vn\/wp-content\/uploads\/2021\/05\/Ruybang.jpg?resize=300%2C300&amp;ssl=1 300w, https:\/\/i0.wp.com\/shinad.vn\/wp-content\/uploads\/2021\/05\/Ruybang.jpg?resize=150%2C150&amp;ssl=1 150w, https:\/\/i0.wp.com\/shinad.vn\/wp-content\/uploads\/2021\/05\/Ruybang.jpg?resize=768%2C768&amp;ssl=1 768w\" sizes=\"(max-width: 750px) 100vw, 750px\" \/><\/figure><\/li><li class=\"wp-block-jetpack-slideshow_slide swiper-slide\"><figure><img data-recalc-dims=\"1\" decoding=\"async\" width=\"347\" height=\"466\" alt=\"\" class=\"wp-block-jetpack-slideshow_image wp-image-687\" data-id=\"687\" src=\"https:\/\/i0.wp.com\/shinad.vn\/wp-content\/uploads\/2021\/05\/MAGcard-2.png?resize=347%2C466&#038;ssl=1\" srcset=\"https:\/\/i0.wp.com\/shinad.vn\/wp-content\/uploads\/2021\/05\/MAGcard-2.png?w=347&amp;ssl=1 347w, https:\/\/i0.wp.com\/shinad.vn\/wp-content\/uploads\/2021\/05\/MAGcard-2.png?resize=223%2C300&amp;ssl=1 223w\" sizes=\"(max-width: 347px) 100vw, 347px\" \/><\/figure><\/li><\/ul><a class=\"wp-block-jetpack-slideshow_button-prev swiper-button-prev swiper-button-white\" role=\"button\"><\/a><a class=\"wp-block-jetpack-slideshow_button-next swiper-button-next swiper-button-white\" role=\"button\"><\/a><a aria-label=\"Pause Slideshow\" class=\"wp-block-jetpack-slideshow_button-pause\" role=\"button\"><\/a><div class=\"wp-block-jetpack-slideshow_pagination swiper-pagination swiper-pagination-white\"><\/div><\/div><\/div>\n<\/div>\n\n\n\n<div class=\"wp-block-column is-vertically-aligned-center is-layout-flow wp-block-column-is-layout-flow\" style=\"flex-basis:66.66%\">\n<ul class=\"wp-block-list\" id=\"block-892a2338-5a2c-4186-8943-183a9cdb0d73\">\n<li>H\u00e3ng S\u1ea3n Xu\u1ea5t: &nbsp;Entrust (USA)<\/li>\n\n\n\n<li>Xu\u1ea5t X\u1ee9:&nbsp;&nbsp;&nbsp;&nbsp;&nbsp;&nbsp;&nbsp;&nbsp;&nbsp;&nbsp; &nbsp;&nbsp;&nbsp; M\u1ef9<\/li>\n\n\n\n<li>M\u00e3 S\u1ea3n Ph\u1ea9m:\u00a0\u00a0 \u00a0Entrsust Sigma DS2<\/li>\n\n\n\n<li>C\u00f4ng ngh\u1ec7 in:&nbsp;&nbsp;&nbsp; &nbsp;In truy\u1ec1n nhi\u1ec7t tr\u1ef1c ti\u1ebfp<\/li>\n\n\n\n<li>T\u1ed1c \u0111\u1ed9 in:\u00a0\u00a0\u00a0\u00a0\u00a0\u00a0\u00a0\u00a0\u00a0 \u00a0\u00a0In 1 m\u1eb7t m\u00e0u 225 th\u1ebb\/gi\u1edd; 2 m\u1eb7t: 140 th\u1ebb\/gi\u1edd<\/li>\n\n\n\n<li>K\u00edch Th\u01b0\u1edbc:\u00a0\u00a0\u00a0\u00a0\u00a0 \u00a0\u00a0\u00a0Lx W x H (44,2 x 22,6 x 22,9) cm<\/li>\n\n\n\n<li>Tr\u1ecdng l\u01b0\u1ee3ng:        5,49kg<\/li>\n\n\n\n<li>B\u1ea3o H\u00e0nh:&nbsp;&nbsp;&nbsp;&nbsp;&nbsp;&nbsp;&nbsp;&nbsp; &nbsp;&nbsp;36 th\u00e1ng<\/li>\n<\/ul>\n\n\n\n<p><strong><a href=\"http:\/\/shinad.vn\/index.php\/ve-shinad\/lien-he\/\">Li\u00ean h\u1ec7<\/a><\/strong><\/p>\n<\/div>\n<\/div>\n\n\n\n<p><strong>T\u1ed5ng quan v\u1ec1 m\u00e1y in th\u1ebb nh\u1ef1a Entrust Sigma DS2<\/strong><\/p>\n\n\n\n<p class=\"has-text-align-justify\">M\u00e1y in th\u1ebb nh\u1ef1a Entrust Sigma DS2 \u0111\u01b0\u1ee3c thi\u1ebft k\u1ebf v\u1edbi c\u00f4ng ngh\u1ec7 h\u00e0ng \u0111\u1ea7u gi\u00fap cho vi\u1ec7c in th\u1ebb ID tr\u1edf n\u00ean \u0111\u01a1n gi\u1ea3n v\u00e0 ti\u1ebft ki\u1ec7m. Ph\u00f9 h\u1ee3p cho c\u00e1c ch\u01b0\u01a1ng tr\u00ecnh th\u1ebb sinh vi\u00ean, th\u1ebb b\u1ec7nh nh\u00e2n, th\u1ebb kh\u00e1ch h\u00e0ng,\u2026.<br>So v\u1edbi d\u00f2ng m\u00e1y in th\u1ebb c\u00f9ng lo\u1ea1i, m\u00e1y in th\u1ebb\u00a0Entrust Sigma DS2\u00a0c\u00f3 t\u1ed1c \u0111\u1ed9 in nhanh h\u01a1n nhi\u1ec1u. C\u00f4ng ngh\u1ec7 TruePick gi\u00fap lo\u1ea1i b\u1ecf k\u1eb9t th\u1ebb v\u00e0 nh\u1eadn th\u1ebb t\u1ef1 \u0111\u1ed9ng v\u00e0 ch\u00ednh x\u00e1c m\u00e0 kh\u00f4ng c\u1ea7n s\u1ef1 \u0111i\u1ec1u ch\u1ec9nh c\u1ee7a ng\u01b0\u1eddi d\u00f9ng.<br>D\u1ec5 d\u00e0ng s\u1eed d\u1ee5ng m\u00e0 ai c\u0169ng c\u00f3 th\u1ec3 th\u00e0nh th\u1ea1o: C\u00e1c bi\u1ec3u t\u01b0\u1ee3ng d\u1ec5 hi\u1ec3u tr\u00ean m\u00e0n h\u00ecnh LCD v\u00e0 c\u00e1c ph\u00edm \u0111i\u1ec1u kh\u1ec9\u1ec3n m\u1ec1m. D\u1ec5 d\u00e0ng n\u1ea1p th\u1ebb v\u00e0 m\u1ef1c in v\u00e0 ki\u1ec1u d\u00e1ng thi\u1ebft k\u1ebf c\u1ee7a catrige m\u1ef1c in m\u1edbi \u0111\u00e3 bao g\u1ed3m lu\u00f4n \u1ed1ng lau th\u1ebb.<\/p>\n\n\n\n<hr class=\"wp-block-separator has-css-opacity is-style-wide\"\/>\n\n\n\n<p><strong>\u00a0Th\u00f4ng s\u1ed1 k\u1ef9 thu\u1eadt m\u00e1y in th\u1ebb nh\u1ef1a Entrust Sigma DS2<\/strong> <\/p>\n\n\n\n<p>+ In m\u00e0u m\u1ed9t m\u1eb7t,<br>+ In h\u00ecnh \u1ea3nh, k\u00fd t\u1ef1, logo, v\u00e0 ch\u1eef k\u00fd \u0111i\u1ec7n t\u1eed.<br>+ In c\u00e1c lo\u1ea1i m\u00e3 v\u1ea1ch: h\u00ecnh \u1ea3nh m\u00e3 v\u1ea1ch.<br>+ C\u00f4ng ngh\u1ec7 in New TrueMatch\u2122 \u0111\u1ea3m b\u1ea3o k\u1ebft qu\u1ea3 in m\u00e0u s\u1eafc s\u1ed1ng \u0111\u1ed9ng, s\u1eafc n\u00e9t v\u00e0 s\u00e1ng;<br>+ Th\u00e2n thi\u00ean v\u1edbi m\u00f4i tr\u01b0\u1eddng, ti\u1ebft ki\u1ec7m \u0111i\u1ec7n n\u0103ng<br>+ \u0110\u1ed9 ph\u00e2n gi\u1ea3i h\u00ecnh \u1ea3nh: 300 dpi<br>+ K\u1ebft n\u1ed1i: USB v\u00e0 Ethernet<br>+ M\u00e0n h\u00ecnh hi\u1ec3n th\u1ecb: LCD<br>+ T\u1ed1c \u0111\u1ed9 in:<br>        \u2013 In m\u00e0u: l\u00ean t\u1edbi 225 th\u1ebb\/gi\u1edd<br>        \u2013 In \u0111\u01a1n m\u00e0u: l\u00ean t\u1edbi 830 th\u1ebb\/gi\u1edd<br>+ B\u1ea3o h\u00e0nh: 36 th\u00e1ng.<br>+ Nh\u00e0 s\u1ea3n xu\u1ea5t: Entrust (USA)<br>+ Xu\u1ea5t x\u1ee9 : USA<\/p>\n\n\n\n<hr class=\"wp-block-separator has-css-opacity is-style-wide\"\/>\n\n\n\n<p><strong>L\u1ef1a ch\u1ecdn th\u00eam cho m\u00e1y <strong>Entrust Sigma DS2<\/strong><\/strong><\/p>\n\n\n\n<p>+ Kh\u00f3a b\u1ea3o v\u1ec7 Kensington\u00ae cho m\u00e1y in<br>+ M\u00e3 h\u00f3a d\u1ea3i t\u1eeb theo chu\u1ea9n ISO<br>+ M\u00e3 h\u00f3a th\u1ebb th\u00f4ng minh ti\u1ebfp x\u00fac\/kh\u00f4ng ti\u1ebfp x\u00fac<br>+ H\u1ed9p \u0111\u1ef1ng th\u1ebb \u0111\u1ea7u ra 100 th\u1ebb<br>+ H\u1ed9p \u0111\u1ef1ng th\u1ebb \u0111\u00e0u v\u00e0o 200 th\u1ebb<\/p>\n\n\n\n<p><strong>V\u1eadt li\u1ec7u in th\u1ebb m\u00e1y in th\u1ebb nh\u1ef1a <strong>Entrust Sigma DS2<\/strong><\/strong><\/p>\n\n\n\n<p>+ Ruy b\u0103ng m\u00e0u c\u00f3 ph\u1ee7 b\u1ea3o v\u1ec7 YMCKT; Ruy b\u0103ng \u0111\u01a1n m\u00e0u: \u0110en, tr\u1eafng, xanh, \u0111\u1ecf, b\u1ea1c, v\u00e0ng<br>+ Th\u1ebb nh\u1ef1a : th\u1ebb tr\u1eafng, ph\u00f4i th\u1ebb in s\u1eb5n\u2026.<br>+ V\u1eadt t\u01b0 v\u1ec7 sinh m\u00e1y<\/p>\n\n\n\n<hr class=\"wp-block-separator has-css-opacity is-style-wide\"\/>\n\n\n\n<p><strong>D\u1ecbch v\u1ee5 gi\u00e1 tr\u1ecb gia t\u0103ng \u0111\u1ed1i v\u1edbi d\u00f2ng\u00a0m\u00e1y in th\u1ebb nh\u1ef1a Entrust<\/strong><\/p>\n\n\n\n<p>+ V\u1eadt t\u01b0 ti\u00eau hao (ribbon, th\u1ebb nh\u1ef1a, v\u1eadt t\u01b0 lau m\u00e1y) \/ Ph\u1ee5 t\u00f9ng thay th\u1ebf<br>+ B\u1ea3o h\u00e0nh \u2013 b\u1ea3o tr\u00ec<br>+ D\u1ecbch v\u1ee5 cho thu\u00ea m\u00e1y<br>+ D\u1ecbch v\u1ee5 thi\u1ebft k\u1ebf th\u1ebb<\/p>\n\n\n\n<div style=\"height:50px\" aria-hidden=\"true\" class=\"wp-block-spacer\"><\/div>\n\n\n\n<hr class=\"wp-block-separator has-css-opacity is-style-wide\"\/>\n\n\n\n<p><strong>VIDEO V\u1ec0 S\u1ea2N PH\u1ea8M<\/strong><\/p>\n\n\n\n<div class=\"wp-block-columns is-layout-flex wp-container-core-columns-is-layout-28f84493 wp-block-columns-is-layout-flex\">\n<div class=\"wp-block-column is-layout-flow wp-block-column-is-layout-flow\">\n<figure class=\"wp-block-embed is-type-video is-provider-youtube wp-block-embed-youtube wp-embed-aspect-16-9 wp-has-aspect-ratio\"><div class=\"wp-block-embed__wrapper\">\n<iframe title=\"ENTRUST (Datacard) Sigma DS1 &amp; DS2\" width=\"750\" height=\"422\" src=\"https:\/\/www.youtube.com\/embed\/BDhXUCFND4M?feature=oembed\" frameborder=\"0\" allow=\"accelerometer; autoplay; clipboard-write; encrypted-media; gyroscope; picture-in-picture; web-share\" allowfullscreen><\/iframe>\n<\/div><\/figure>\n<\/div>\n<\/div>\n","protected":false},"excerpt":{"rendered":"<p>Li\u00ean h\u1ec7 T\u1ed5ng quan v\u1ec1 m\u00e1y in th\u1ebb nh\u1ef1a Entrust Sigma DS2 M\u00e1y in th\u1ebb nh\u1ef1a Entrust Sigma DS2 \u0111\u01b0\u1ee3c thi\u1ebft k\u1ebf v\u1edbi c\u00f4ng ngh\u1ec7 h\u00e0ng \u0111\u1ea7u gi\u00fap cho vi\u1ec7c in th\u1ebb ID tr\u1edf n\u00ean \u0111\u01a1n gi\u1ea3n v\u00e0 ti\u1ebft ki\u1ec7m. Ph\u00f9 h\u1ee3p cho c\u00e1c ch\u01b0\u01a1ng tr\u00ecnh th\u1ebb sinh vi\u00ean, th\u1ebb [&hellip;]<\/p>\n","protected":false},"author":1,"featured_media":0,"parent":533,"menu_order":0,"comment_status":"closed","ping_status":"closed","template":"","meta":{"footnotes":""},"class_list":["post-529","page","type-page","status-publish","hentry"],"yoast_head":"<!-- This site is optimized with the Yoast SEO plugin v27.4 - https:\/\/yoast.com\/product\/yoast-seo-wordpress\/ -->\n<title>M\u00e1y in th\u1ebb Entrust Sigma DS2 -<\/title>\n<meta name=\"description\" content=\"M\u00e1y in th\u1ebb Entrust Sigma DS2 \u0111\u1eb7c bi\u1ec7t ph\u00f9 h\u1ee3p cho c\u00e1c m\u00f4i tr\u01b0\u1eddng \u0111\u00e1m m\u00e2y v\u00e0 gi\u00fap t\u1ed5 ch\u1ee9c d\u1ec5 d\u00e0ng tri\u1ec3n khai c\u00e1c ch\u01b0\u01a1ng tr\u00ecnh th\u1ebb ID m\u1ed9t c\u00e1ch hi\u1ec7u qu\u1ea3.\" \/>\n<meta name=\"robots\" content=\"index, follow, max-snippet:-1, max-image-preview:large, max-video-preview:-1\" \/>\n<link rel=\"canonical\" href=\"https:\/\/shinad.vn\/index.php\/giai-phap-the-nhua\/may-in-the-nhua\/may-in-the-datacard-sd260\/\" \/>\n<meta property=\"og:locale\" content=\"vi_VN\" \/>\n<meta property=\"og:type\" content=\"article\" \/>\n<meta property=\"og:title\" content=\"M\u00e1y in th\u1ebb Entrust Sigma DS2 -\" \/>\n<meta property=\"og:description\" content=\"M\u00e1y in th\u1ebb Entrust Sigma DS2 \u0111\u1eb7c bi\u1ec7t ph\u00f9 h\u1ee3p cho c\u00e1c m\u00f4i tr\u01b0\u1eddng \u0111\u00e1m m\u00e2y v\u00e0 gi\u00fap t\u1ed5 ch\u1ee9c d\u1ec5 d\u00e0ng tri\u1ec3n khai c\u00e1c ch\u01b0\u01a1ng tr\u00ecnh th\u1ebb ID m\u1ed9t c\u00e1ch hi\u1ec7u qu\u1ea3.\" \/>\n<meta property=\"og:url\" content=\"https:\/\/shinad.vn\/index.php\/giai-phap-the-nhua\/may-in-the-nhua\/may-in-the-datacard-sd260\/\" \/>\n<meta property=\"article:publisher\" content=\"https:\/\/www.facebook.com\/shinad.vn\" \/>\n<meta property=\"article:modified_time\" content=\"2023-12-11T15:10:59+00:00\" \/>\n<meta property=\"og:image\" content=\"https:\/\/shinad.vn\/wp-content\/uploads\/2023\/12\/sigma_ds1.jpeg\" \/>\n<meta name=\"twitter:card\" content=\"summary_large_image\" \/>\n<meta name=\"twitter:label1\" content=\"\u01af\u1edbc t\u00ednh th\u1eddi gian \u0111\u1ecdc\" \/>\n\t<meta name=\"twitter:data1\" content=\"4 ph\u00fat\" \/>\n<script type=\"application\/ld+json\" class=\"yoast-schema-graph\">{\"@context\":\"https:\\\/\\\/schema.org\",\"@graph\":[{\"@type\":\"WebPage\",\"@id\":\"https:\\\/\\\/shinad.vn\\\/index.php\\\/giai-phap-the-nhua\\\/may-in-the-nhua\\\/may-in-the-datacard-sd260\\\/\",\"url\":\"https:\\\/\\\/shinad.vn\\\/index.php\\\/giai-phap-the-nhua\\\/may-in-the-nhua\\\/may-in-the-datacard-sd260\\\/\",\"name\":\"M\u00e1y in th\u1ebb Entrust Sigma DS2 -\",\"isPartOf\":{\"@id\":\"https:\\\/\\\/shinad.vn\\\/#website\"},\"primaryImageOfPage\":{\"@id\":\"https:\\\/\\\/shinad.vn\\\/index.php\\\/giai-phap-the-nhua\\\/may-in-the-nhua\\\/may-in-the-datacard-sd260\\\/#primaryimage\"},\"image\":{\"@id\":\"https:\\\/\\\/shinad.vn\\\/index.php\\\/giai-phap-the-nhua\\\/may-in-the-nhua\\\/may-in-the-datacard-sd260\\\/#primaryimage\"},\"thumbnailUrl\":\"https:\\\/\\\/shinad.vn\\\/wp-content\\\/uploads\\\/2023\\\/12\\\/sigma_ds1.jpeg\",\"datePublished\":\"2021-05-05T14:30:59+00:00\",\"dateModified\":\"2023-12-11T15:10:59+00:00\",\"description\":\"M\u00e1y in th\u1ebb Entrust Sigma DS2 \u0111\u1eb7c bi\u1ec7t ph\u00f9 h\u1ee3p cho c\u00e1c m\u00f4i tr\u01b0\u1eddng \u0111\u00e1m m\u00e2y v\u00e0 gi\u00fap t\u1ed5 ch\u1ee9c d\u1ec5 d\u00e0ng tri\u1ec3n khai c\u00e1c ch\u01b0\u01a1ng tr\u00ecnh th\u1ebb ID m\u1ed9t c\u00e1ch hi\u1ec7u qu\u1ea3.\",\"breadcrumb\":{\"@id\":\"https:\\\/\\\/shinad.vn\\\/index.php\\\/giai-phap-the-nhua\\\/may-in-the-nhua\\\/may-in-the-datacard-sd260\\\/#breadcrumb\"},\"inLanguage\":\"vi\",\"potentialAction\":[{\"@type\":\"ReadAction\",\"target\":[\"https:\\\/\\\/shinad.vn\\\/index.php\\\/giai-phap-the-nhua\\\/may-in-the-nhua\\\/may-in-the-datacard-sd260\\\/\"]}]},{\"@type\":\"ImageObject\",\"inLanguage\":\"vi\",\"@id\":\"https:\\\/\\\/shinad.vn\\\/index.php\\\/giai-phap-the-nhua\\\/may-in-the-nhua\\\/may-in-the-datacard-sd260\\\/#primaryimage\",\"url\":\"https:\\\/\\\/i0.wp.com\\\/shinad.vn\\\/wp-content\\\/uploads\\\/2023\\\/12\\\/sigma_ds1.jpeg?fit=600%2C600&ssl=1\",\"contentUrl\":\"https:\\\/\\\/i0.wp.com\\\/shinad.vn\\\/wp-content\\\/uploads\\\/2023\\\/12\\\/sigma_ds1.jpeg?fit=600%2C600&ssl=1\",\"width\":600,\"height\":600},{\"@type\":\"BreadcrumbList\",\"@id\":\"https:\\\/\\\/shinad.vn\\\/index.php\\\/giai-phap-the-nhua\\\/may-in-the-nhua\\\/may-in-the-datacard-sd260\\\/#breadcrumb\",\"itemListElement\":[{\"@type\":\"ListItem\",\"position\":1,\"name\":\"Trang ch\u1ee7\",\"item\":\"https:\\\/\\\/shinad.vn\\\/\"},{\"@type\":\"ListItem\",\"position\":2,\"name\":\"GI\u1ea2I PH\u00c1P TH\u1eba NH\u1ef0A\",\"item\":\"https:\\\/\\\/shinad.vn\\\/index.php\\\/giai-phap-the-nhua\\\/\"},{\"@type\":\"ListItem\",\"position\":3,\"name\":\"M\u00e1y In Th\u1ebb Nh\u1ef1a\",\"item\":\"https:\\\/\\\/shinad.vn\\\/index.php\\\/giai-phap-the-nhua\\\/may-in-the-nhua\\\/\"},{\"@type\":\"ListItem\",\"position\":4,\"name\":\"M\u00e1y in th\u1ebb Entrust Sigma DS2\"}]},{\"@type\":\"WebSite\",\"@id\":\"https:\\\/\\\/shinad.vn\\\/#website\",\"url\":\"https:\\\/\\\/shinad.vn\\\/\",\"name\":\"www.shinad.vn\",\"description\":\"\",\"publisher\":{\"@id\":\"https:\\\/\\\/shinad.vn\\\/#organization\"},\"potentialAction\":[{\"@type\":\"SearchAction\",\"target\":{\"@type\":\"EntryPoint\",\"urlTemplate\":\"https:\\\/\\\/shinad.vn\\\/?s={search_term_string}\"},\"query-input\":{\"@type\":\"PropertyValueSpecification\",\"valueRequired\":true,\"valueName\":\"search_term_string\"}}],\"inLanguage\":\"vi\"},{\"@type\":\"Organization\",\"@id\":\"https:\\\/\\\/shinad.vn\\\/#organization\",\"name\":\"C\u00f4ng ty c\u1ed5 ph\u1ea7n \u0111\u1ea7u t\u01b0 th\u01b0\u01a1ng m\u1ea1i qu\u1ea3ng c\u00e1o Shinad\",\"url\":\"https:\\\/\\\/shinad.vn\\\/\",\"logo\":{\"@type\":\"ImageObject\",\"inLanguage\":\"vi\",\"@id\":\"https:\\\/\\\/shinad.vn\\\/#\\\/schema\\\/logo\\\/image\\\/\",\"url\":\"https:\\\/\\\/i0.wp.com\\\/shinad.vn\\\/wp-content\\\/uploads\\\/2020\\\/04\\\/cropped-Logo-SHINAD-ngang-3.png?fit=378%2C101&ssl=1\",\"contentUrl\":\"https:\\\/\\\/i0.wp.com\\\/shinad.vn\\\/wp-content\\\/uploads\\\/2020\\\/04\\\/cropped-Logo-SHINAD-ngang-3.png?fit=378%2C101&ssl=1\",\"width\":378,\"height\":101,\"caption\":\"C\u00f4ng ty c\u1ed5 ph\u1ea7n \u0111\u1ea7u t\u01b0 th\u01b0\u01a1ng m\u1ea1i qu\u1ea3ng c\u00e1o Shinad\"},\"image\":{\"@id\":\"https:\\\/\\\/shinad.vn\\\/#\\\/schema\\\/logo\\\/image\\\/\"},\"sameAs\":[\"https:\\\/\\\/www.facebook.com\\\/shinad.vn\"]}]}<\/script>\n<!-- \/ Yoast SEO plugin. -->","yoast_head_json":{"title":"M\u00e1y in th\u1ebb Entrust Sigma DS2 -","description":"M\u00e1y in th\u1ebb Entrust Sigma DS2 \u0111\u1eb7c bi\u1ec7t ph\u00f9 h\u1ee3p cho c\u00e1c m\u00f4i tr\u01b0\u1eddng \u0111\u00e1m m\u00e2y v\u00e0 gi\u00fap t\u1ed5 ch\u1ee9c d\u1ec5 d\u00e0ng tri\u1ec3n khai c\u00e1c ch\u01b0\u01a1ng tr\u00ecnh th\u1ebb ID m\u1ed9t c\u00e1ch hi\u1ec7u qu\u1ea3.","robots":{"index":"index","follow":"follow","max-snippet":"max-snippet:-1","max-image-preview":"max-image-preview:large","max-video-preview":"max-video-preview:-1"},"canonical":"https:\/\/shinad.vn\/index.php\/giai-phap-the-nhua\/may-in-the-nhua\/may-in-the-datacard-sd260\/","og_locale":"vi_VN","og_type":"article","og_title":"M\u00e1y in th\u1ebb Entrust Sigma DS2 -","og_description":"M\u00e1y in th\u1ebb Entrust Sigma DS2 \u0111\u1eb7c bi\u1ec7t ph\u00f9 h\u1ee3p cho c\u00e1c m\u00f4i tr\u01b0\u1eddng \u0111\u00e1m m\u00e2y v\u00e0 gi\u00fap t\u1ed5 ch\u1ee9c d\u1ec5 d\u00e0ng tri\u1ec3n khai c\u00e1c ch\u01b0\u01a1ng tr\u00ecnh th\u1ebb ID m\u1ed9t c\u00e1ch hi\u1ec7u qu\u1ea3.","og_url":"https:\/\/shinad.vn\/index.php\/giai-phap-the-nhua\/may-in-the-nhua\/may-in-the-datacard-sd260\/","article_publisher":"https:\/\/www.facebook.com\/shinad.vn","article_modified_time":"2023-12-11T15:10:59+00:00","og_image":[{"url":"https:\/\/shinad.vn\/wp-content\/uploads\/2023\/12\/sigma_ds1.jpeg","type":"","width":"","height":""}],"twitter_card":"summary_large_image","twitter_misc":{"\u01af\u1edbc t\u00ednh th\u1eddi gian \u0111\u1ecdc":"4 ph\u00fat"},"schema":{"@context":"https:\/\/schema.org","@graph":[{"@type":"WebPage","@id":"https:\/\/shinad.vn\/index.php\/giai-phap-the-nhua\/may-in-the-nhua\/may-in-the-datacard-sd260\/","url":"https:\/\/shinad.vn\/index.php\/giai-phap-the-nhua\/may-in-the-nhua\/may-in-the-datacard-sd260\/","name":"M\u00e1y in th\u1ebb Entrust Sigma DS2 -","isPartOf":{"@id":"https:\/\/shinad.vn\/#website"},"primaryImageOfPage":{"@id":"https:\/\/shinad.vn\/index.php\/giai-phap-the-nhua\/may-in-the-nhua\/may-in-the-datacard-sd260\/#primaryimage"},"image":{"@id":"https:\/\/shinad.vn\/index.php\/giai-phap-the-nhua\/may-in-the-nhua\/may-in-the-datacard-sd260\/#primaryimage"},"thumbnailUrl":"https:\/\/shinad.vn\/wp-content\/uploads\/2023\/12\/sigma_ds1.jpeg","datePublished":"2021-05-05T14:30:59+00:00","dateModified":"2023-12-11T15:10:59+00:00","description":"M\u00e1y in th\u1ebb Entrust Sigma DS2 \u0111\u1eb7c bi\u1ec7t ph\u00f9 h\u1ee3p cho c\u00e1c m\u00f4i tr\u01b0\u1eddng \u0111\u00e1m m\u00e2y v\u00e0 gi\u00fap t\u1ed5 ch\u1ee9c d\u1ec5 d\u00e0ng tri\u1ec3n khai c\u00e1c ch\u01b0\u01a1ng tr\u00ecnh th\u1ebb ID m\u1ed9t c\u00e1ch hi\u1ec7u qu\u1ea3.","breadcrumb":{"@id":"https:\/\/shinad.vn\/index.php\/giai-phap-the-nhua\/may-in-the-nhua\/may-in-the-datacard-sd260\/#breadcrumb"},"inLanguage":"vi","potentialAction":[{"@type":"ReadAction","target":["https:\/\/shinad.vn\/index.php\/giai-phap-the-nhua\/may-in-the-nhua\/may-in-the-datacard-sd260\/"]}]},{"@type":"ImageObject","inLanguage":"vi","@id":"https:\/\/shinad.vn\/index.php\/giai-phap-the-nhua\/may-in-the-nhua\/may-in-the-datacard-sd260\/#primaryimage","url":"https:\/\/i0.wp.com\/shinad.vn\/wp-content\/uploads\/2023\/12\/sigma_ds1.jpeg?fit=600%2C600&ssl=1","contentUrl":"https:\/\/i0.wp.com\/shinad.vn\/wp-content\/uploads\/2023\/12\/sigma_ds1.jpeg?fit=600%2C600&ssl=1","width":600,"height":600},{"@type":"BreadcrumbList","@id":"https:\/\/shinad.vn\/index.php\/giai-phap-the-nhua\/may-in-the-nhua\/may-in-the-datacard-sd260\/#breadcrumb","itemListElement":[{"@type":"ListItem","position":1,"name":"Trang ch\u1ee7","item":"https:\/\/shinad.vn\/"},{"@type":"ListItem","position":2,"name":"GI\u1ea2I PH\u00c1P TH\u1eba NH\u1ef0A","item":"https:\/\/shinad.vn\/index.php\/giai-phap-the-nhua\/"},{"@type":"ListItem","position":3,"name":"M\u00e1y In Th\u1ebb Nh\u1ef1a","item":"https:\/\/shinad.vn\/index.php\/giai-phap-the-nhua\/may-in-the-nhua\/"},{"@type":"ListItem","position":4,"name":"M\u00e1y in th\u1ebb Entrust Sigma DS2"}]},{"@type":"WebSite","@id":"https:\/\/shinad.vn\/#website","url":"https:\/\/shinad.vn\/","name":"www.shinad.vn","description":"","publisher":{"@id":"https:\/\/shinad.vn\/#organization"},"potentialAction":[{"@type":"SearchAction","target":{"@type":"EntryPoint","urlTemplate":"https:\/\/shinad.vn\/?s={search_term_string}"},"query-input":{"@type":"PropertyValueSpecification","valueRequired":true,"valueName":"search_term_string"}}],"inLanguage":"vi"},{"@type":"Organization","@id":"https:\/\/shinad.vn\/#organization","name":"C\u00f4ng ty c\u1ed5 ph\u1ea7n \u0111\u1ea7u t\u01b0 th\u01b0\u01a1ng m\u1ea1i qu\u1ea3ng c\u00e1o Shinad","url":"https:\/\/shinad.vn\/","logo":{"@type":"ImageObject","inLanguage":"vi","@id":"https:\/\/shinad.vn\/#\/schema\/logo\/image\/","url":"https:\/\/i0.wp.com\/shinad.vn\/wp-content\/uploads\/2020\/04\/cropped-Logo-SHINAD-ngang-3.png?fit=378%2C101&ssl=1","contentUrl":"https:\/\/i0.wp.com\/shinad.vn\/wp-content\/uploads\/2020\/04\/cropped-Logo-SHINAD-ngang-3.png?fit=378%2C101&ssl=1","width":378,"height":101,"caption":"C\u00f4ng ty c\u1ed5 ph\u1ea7n \u0111\u1ea7u t\u01b0 th\u01b0\u01a1ng m\u1ea1i qu\u1ea3ng c\u00e1o Shinad"},"image":{"@id":"https:\/\/shinad.vn\/#\/schema\/logo\/image\/"},"sameAs":["https:\/\/www.facebook.com\/shinad.vn"]}]}},"jetpack_sharing_enabled":true,"_links":{"self":[{"href":"https:\/\/shinad.vn\/index.php\/wp-json\/wp\/v2\/pages\/529","targetHints":{"allow":["GET"]}}],"collection":[{"href":"https:\/\/shinad.vn\/index.php\/wp-json\/wp\/v2\/pages"}],"about":[{"href":"https:\/\/shinad.vn\/index.php\/wp-json\/wp\/v2\/types\/page"}],"author":[{"embeddable":true,"href":"https:\/\/shinad.vn\/index.php\/wp-json\/wp\/v2\/users\/1"}],"replies":[{"embeddable":true,"href":"https:\/\/shinad.vn\/index.php\/wp-json\/wp\/v2\/comments?post=529"}],"version-history":[{"count":7,"href":"https:\/\/shinad.vn\/index.php\/wp-json\/wp\/v2\/pages\/529\/revisions"}],"predecessor-version":[{"id":2437,"href":"https:\/\/shinad.vn\/index.php\/wp-json\/wp\/v2\/pages\/529\/revisions\/2437"}],"up":[{"embeddable":true,"href":"https:\/\/shinad.vn\/index.php\/wp-json\/wp\/v2\/pages\/533"}],"wp:attachment":[{"href":"https:\/\/shinad.vn\/index.php\/wp-json\/wp\/v2\/media?parent=529"}],"curies":[{"name":"wp","href":"https:\/\/api.w.org\/{rel}","templated":true}]}}