{"id":370,"date":"2021-04-25T22:20:07","date_gmt":"2021-04-25T15:20:07","guid":{"rendered":"https:\/\/shinad.vn\/?page_id=370"},"modified":"2023-04-24T09:36:26","modified_gmt":"2023-04-24T02:36:26","slug":"dau-doc-the","status":"publish","type":"page","link":"https:\/\/shinad.vn\/index.php\/giai-phap-the-nhua\/dau-doc-the\/","title":{"rendered":"\u0110\u1ea7u \u0110\u1ecdc Th\u1ebb"},"content":{"rendered":"\n<div class=\"wp-block-columns are-vertically-aligned-center is-layout-flex wp-container-core-columns-is-layout-28f84493 wp-block-columns-is-layout-flex\">\n<div class=\"wp-block-column is-vertically-aligned-center is-layout-flow wp-block-column-is-layout-flow\" style=\"flex-basis:33.33%\"><div class=\"wp-block-image\">\n<figure class=\"aligncenter size-full is-resized\"><img data-recalc-dims=\"1\" decoding=\"async\" data-attachment-id=\"1627\" data-permalink=\"https:\/\/shinad.vn\/index.php\/giai-phap-the-nhua\/dau-doc-the\/dau-doc-the-tu-1\/\" data-orig-file=\"https:\/\/i0.wp.com\/shinad.vn\/wp-content\/uploads\/2021\/05\/Dau-doc-the-tu-1.jpg?fit=300%2C295&amp;ssl=1\" data-orig-size=\"300,295\" data-comments-opened=\"1\" data-image-meta=\"{&quot;aperture&quot;:&quot;0&quot;,&quot;credit&quot;:&quot;&quot;,&quot;camera&quot;:&quot;&quot;,&quot;caption&quot;:&quot;&quot;,&quot;created_timestamp&quot;:&quot;0&quot;,&quot;copyright&quot;:&quot;&quot;,&quot;focal_length&quot;:&quot;0&quot;,&quot;iso&quot;:&quot;0&quot;,&quot;shutter_speed&quot;:&quot;0&quot;,&quot;title&quot;:&quot;&quot;,&quot;orientation&quot;:&quot;0&quot;}\" data-image-title=\"Dau-doc-the-tu-1\" data-image-description=\"\" data-image-caption=\"\" data-large-file=\"https:\/\/i0.wp.com\/shinad.vn\/wp-content\/uploads\/2021\/05\/Dau-doc-the-tu-1.jpg?fit=300%2C295&amp;ssl=1\" src=\"https:\/\/i0.wp.com\/shinad.vn\/wp-content\/uploads\/2021\/05\/Dau-doc-the-tu-1.jpg?resize=208%2C203&#038;ssl=1\" alt=\"\" class=\"wp-image-1627\" width=\"208\" height=\"203\"\/><\/figure>\n<\/div><\/div>\n\n\n\n<div class=\"wp-block-column is-vertically-aligned-center is-layout-flow wp-block-column-is-layout-flow\" style=\"flex-basis:66.66%\">\n<p><strong>\u0110\u1ea6U \u0110\u1eccC TH\u1eba T\u1eea<\/strong><\/p>\n\n\n\n<p>\u0110\u1ea7u \u0111\u1ecdc th\u1ebb t\u1eeb MightyStripe M Series do SHINAD JSC cung c\u1ea5p \u0111\u01b0\u1ee3c thi\u1ebft k\u1ebf v\u00e0 s\u1ea3n xu\u1ea5t v\u1edbi c\u00e1c linh ki\u1ec7n ch\u1ea5t l\u01b0\u1ee3ng cao. \u0110\u1ea7u \u0111\u1ecdc ph\u00f9 h\u1ee3p v\u1edbi ti\u00eau chu\u1ea9n ISO 7811\/2, ti\u00eau chu\u1ea9n th\u1ebb t\u1eeb qu\u1ed1c t\u1ebf v\u00e0 \u0111\u1ed9 b\u1ec1n cao, t\u00ednh \u1ed5n \u0111\u1ecbnh trong qu\u00e1 tr\u00ecnh s\u1eed d\u1ee5ng.<\/p>\n\n\n\n<p><strong>Th\u00f4ng s\u1ed1 k\u1ef9 thu\u1eadt:<\/strong>&nbsp;Ti\u00eau chu\u1ea9n ISO 7811\/2; Ngu\u1ed3n \u0111i\u1ec7n +5 V DC \u00b1 5%; Giao ti\u1ebfp USB; Track \u0111\u1ecdc 1,2,3 th\u1ebb t\u1eeb Hico; Tr\u1ecdng l\u01b0\u1ee3ng 85g.<\/p>\n\n\n\n<p>B\u1ea3o h\u00e0nh 12 th\u00e1ng<\/p>\n<\/div>\n<\/div>\n\n\n\n<hr class=\"wp-block-separator has-css-opacity is-style-wide\"\/>\n\n\n\n<div class=\"wp-block-columns are-vertically-aligned-center is-layout-flex wp-container-core-columns-is-layout-28f84493 wp-block-columns-is-layout-flex\">\n<div class=\"wp-block-column is-vertically-aligned-center is-layout-flow wp-block-column-is-layout-flow\" style=\"flex-basis:33.33%\"><div class=\"wp-block-image\">\n<figure class=\"aligncenter size-large is-resized\"><img data-recalc-dims=\"1\" decoding=\"async\" data-attachment-id=\"1628\" data-permalink=\"https:\/\/shinad.vn\/index.php\/giai-phap-the-nhua\/dau-doc-the\/proximity-reader\/\" data-orig-file=\"https:\/\/i0.wp.com\/shinad.vn\/wp-content\/uploads\/2021\/05\/Proximity-reader.jpg?fit=500%2C500&amp;ssl=1\" data-orig-size=\"500,500\" data-comments-opened=\"1\" data-image-meta=\"{&quot;aperture&quot;:&quot;0&quot;,&quot;credit&quot;:&quot;&quot;,&quot;camera&quot;:&quot;&quot;,&quot;caption&quot;:&quot;&quot;,&quot;created_timestamp&quot;:&quot;0&quot;,&quot;copyright&quot;:&quot;&quot;,&quot;focal_length&quot;:&quot;0&quot;,&quot;iso&quot;:&quot;0&quot;,&quot;shutter_speed&quot;:&quot;0&quot;,&quot;title&quot;:&quot;&quot;,&quot;orientation&quot;:&quot;0&quot;}\" data-image-title=\"Proximity-reader\" data-image-description=\"\" data-image-caption=\"\" data-large-file=\"https:\/\/i0.wp.com\/shinad.vn\/wp-content\/uploads\/2021\/05\/Proximity-reader.jpg?fit=500%2C500&amp;ssl=1\" src=\"https:\/\/i0.wp.com\/shinad.vn\/wp-content\/uploads\/2021\/05\/Proximity-reader.jpg?resize=198%2C198&#038;ssl=1\" alt=\"\" class=\"wp-image-1628\" width=\"198\" height=\"198\" srcset=\"https:\/\/i0.wp.com\/shinad.vn\/wp-content\/uploads\/2021\/05\/Proximity-reader.jpg?w=500&amp;ssl=1 500w, https:\/\/i0.wp.com\/shinad.vn\/wp-content\/uploads\/2021\/05\/Proximity-reader.jpg?resize=300%2C300&amp;ssl=1 300w, https:\/\/i0.wp.com\/shinad.vn\/wp-content\/uploads\/2021\/05\/Proximity-reader.jpg?resize=150%2C150&amp;ssl=1 150w\" sizes=\"(max-width: 198px) 100vw, 198px\" \/><\/figure>\n<\/div><\/div>\n\n\n\n<div class=\"wp-block-column is-vertically-aligned-center is-layout-flow wp-block-column-is-layout-flow\" style=\"flex-basis:66.66%\">\n<p><strong>\u0110\u1ea6U \u0110\u1eccC TH\u1eba C\u1ea2M \u1ee8NG PROXIMITY<\/strong><\/p>\n\n\n\n<p class=\"has-text-align-justify\">\u0110\u1ea7u \u0111\u1ecdc th\u1ebb c\u1ea3m \u1ee9ng proximity Card Prox-ID II do SHINAD JSC cung c\u1ea5p \u0111\u01b0\u1ee3c thi\u1ebft k\u1ebf v\u00e0 s\u1ea3n xu\u1ea5t v\u1edbi c\u00e1c linh ki\u1ec7n ch\u1ea5t l\u01b0\u1ee3ng cao s\u1ea3n xu\u1ea5t t\u1ea1i Malaysia. \u0110\u1ecdc \u0111\u01b0\u1ee3c c\u00e1c lo\u1ea1i th\u1ebb c\u1ea3m \u1ee9ng Proximity t\u1ea7n s\u1ed1 125 Khz<\/p>\n\n\n\n<p class=\"has-text-align-justify\"><strong>Th\u00f4ng s\u1ed1 k\u1ef9 thu\u1eadt:<\/strong> T\u1ea7n s\u1ed1 125Khz; Ngu\u1ed3n \u0111i\u1ec7n +5 V DC \u00b1 5%; Giao ti\u1ebfp USB; Kho\u1ea3ng c\u00e1ch \u0111\u1ecdc 01 ~ 10cm; C\u00f3 led v\u00e0 ti\u1ebfng beep; K\u00edch th\u01b0\u1edbc 110 mm(L) x 80 mm (W) x 26 mm (H); Tr\u1ecdng l\u01b0\u1ee3ng 85g.<\/p>\n\n\n\n<p>B\u1ea3o h\u00e0nh: 12 th\u00e1ng<\/p>\n<\/div>\n<\/div>\n\n\n\n<hr class=\"wp-block-separator has-css-opacity is-style-wide\"\/>\n\n\n\n<div class=\"wp-block-columns is-layout-flex wp-container-core-columns-is-layout-28f84493 wp-block-columns-is-layout-flex\">\n<div class=\"wp-block-column is-layout-flow wp-block-column-is-layout-flow\" style=\"flex-basis:33.33%\">\n<figure class=\"wp-block-image size-large\"><img data-recalc-dims=\"1\" fetchpriority=\"high\" decoding=\"async\" width=\"750\" height=\"750\" data-attachment-id=\"1636\" data-permalink=\"https:\/\/shinad.vn\/index.php\/giai-phap-the-nhua\/dau-doc-the\/mifare-cloud-reader\/\" data-orig-file=\"https:\/\/i0.wp.com\/shinad.vn\/wp-content\/uploads\/2021\/05\/Mifare-Cloud-reader.png?fit=800%2C800&amp;ssl=1\" data-orig-size=\"800,800\" data-comments-opened=\"1\" data-image-meta=\"{&quot;aperture&quot;:&quot;0&quot;,&quot;credit&quot;:&quot;&quot;,&quot;camera&quot;:&quot;&quot;,&quot;caption&quot;:&quot;&quot;,&quot;created_timestamp&quot;:&quot;0&quot;,&quot;copyright&quot;:&quot;&quot;,&quot;focal_length&quot;:&quot;0&quot;,&quot;iso&quot;:&quot;0&quot;,&quot;shutter_speed&quot;:&quot;0&quot;,&quot;title&quot;:&quot;&quot;,&quot;orientation&quot;:&quot;0&quot;}\" data-image-title=\"Mifare-Cloud-reader\" data-image-description=\"\" data-image-caption=\"\" data-large-file=\"https:\/\/i0.wp.com\/shinad.vn\/wp-content\/uploads\/2021\/05\/Mifare-Cloud-reader.png?fit=750%2C750&amp;ssl=1\" src=\"https:\/\/i0.wp.com\/shinad.vn\/wp-content\/uploads\/2021\/05\/Mifare-Cloud-reader.png?resize=750%2C750&#038;ssl=1\" alt=\"\" class=\"wp-image-1636\" srcset=\"https:\/\/i0.wp.com\/shinad.vn\/wp-content\/uploads\/2021\/05\/Mifare-Cloud-reader.png?w=800&amp;ssl=1 800w, https:\/\/i0.wp.com\/shinad.vn\/wp-content\/uploads\/2021\/05\/Mifare-Cloud-reader.png?resize=300%2C300&amp;ssl=1 300w, https:\/\/i0.wp.com\/shinad.vn\/wp-content\/uploads\/2021\/05\/Mifare-Cloud-reader.png?resize=150%2C150&amp;ssl=1 150w, https:\/\/i0.wp.com\/shinad.vn\/wp-content\/uploads\/2021\/05\/Mifare-Cloud-reader.png?resize=768%2C768&amp;ssl=1 768w\" sizes=\"(max-width: 750px) 100vw, 750px\" \/><\/figure>\n<\/div>\n\n\n\n<div class=\"wp-block-column is-layout-flow wp-block-column-is-layout-flow\" style=\"flex-basis:66.66%\">\n<p><strong>\u0110\u1ea6U \u0110\u1eccC TH\u1eba MIFARE<\/strong><\/p>\n\n\n\n<p class=\"has-text-align-justify\">\u0110\u1ea7u \u0111\u1ecdc th\u1ebb c\u1ea3m \u1ee9ng mifare CLOUD 3700 F c\u00f3 ti\u00eau chu\u1ea9n chu\u1ea9n t\u1ea7n s\u1ed1 13,56 Mhz. L\u00e0 s\u1ef1 k\u1ebft h\u1ee3p l\u00fd t\u01b0\u1edfng c\u1ee7a lo\u1ea1i th\u1ebb th\u00f4ng minh kh\u00f4ng ti\u1ebfp x\u00fac v\u00e0 c\u00f4ng ngh\u1ec7 NFC ch\u1ec9 trong m\u1ed9t thi\u1ebft b\u1ecb duy nh\u1ea5t. C\u00e1c nh\u00e0 ph\u00e1t tri\u1ec3n c\u00f4ng ngh\u1ec7 c\u00f3 th\u1ec3 l\u1ef1a ch\u1ecdn v\u00e0 ph\u00e1t tri\u1ec3n theo nh\u1eefng \u0111\u1ec1 xu\u1ea5t \u1ee9ng d\u1ee5ng th\u1ebb c\u00f4ng ngh\u1ec7 m\u1edbi hi\u1ec7n nay.<\/p>\n\n\n\n<p class=\"has-text-align-justify\"><strong>Th\u00f4ng s\u1ed1 k\u1ef9 thu\u1eadt:<\/strong> T\u1ea7n s\u1ed1 13,56 Mhz; Chu\u1ea9n ISO 14443 Type A &amp; B; H\u1ed7 tr\u1ee3 \u0111\u1ecdc th\u1ebb MIFARE, Felica, NFC (ISO\/IEC 18092) tags, Giao ti\u1ebfp USB 2.0 Full speed; Kho\u1ea3ng c\u00e1ch \u0111\u1ecdc 01 ~ 10cm; H\u1ed7 tr\u1ee3 Window, Mac OS, Linux, Andriod; K\u00edch th\u01b0\u1edbc 91x75x12 mm; Tr\u1ecdng l\u01b0\u1ee3ng 44g.<\/p>\n\n\n\n<p>B\u1ea3o h\u00e0nh: 12 th\u00e1ng<\/p>\n<\/div>\n<\/div>\n\n\n\n<hr class=\"wp-block-separator has-css-opacity is-style-wide\"\/>\n\n\n\n<div class=\"wp-block-columns are-vertically-aligned-center is-layout-flex wp-container-core-columns-is-layout-28f84493 wp-block-columns-is-layout-flex\">\n<div class=\"wp-block-column is-vertically-aligned-center is-layout-flow wp-block-column-is-layout-flow\" style=\"flex-basis:33.33%\"><div class=\"wp-block-image\">\n<figure class=\"aligncenter size-large\"><img data-recalc-dims=\"1\" loading=\"lazy\" decoding=\"async\" width=\"225\" height=\"225\" data-attachment-id=\"1635\" data-permalink=\"https:\/\/shinad.vn\/index.php\/giai-phap-the-nhua\/dau-doc-the\/acr1252u\/\" data-orig-file=\"https:\/\/i0.wp.com\/shinad.vn\/wp-content\/uploads\/2021\/05\/ACR1252U.jpg?fit=225%2C225&amp;ssl=1\" data-orig-size=\"225,225\" data-comments-opened=\"1\" data-image-meta=\"{&quot;aperture&quot;:&quot;0&quot;,&quot;credit&quot;:&quot;&quot;,&quot;camera&quot;:&quot;&quot;,&quot;caption&quot;:&quot;&quot;,&quot;created_timestamp&quot;:&quot;0&quot;,&quot;copyright&quot;:&quot;&quot;,&quot;focal_length&quot;:&quot;0&quot;,&quot;iso&quot;:&quot;0&quot;,&quot;shutter_speed&quot;:&quot;0&quot;,&quot;title&quot;:&quot;&quot;,&quot;orientation&quot;:&quot;0&quot;}\" data-image-title=\"ACR1252U\" data-image-description=\"\" data-image-caption=\"\" data-large-file=\"https:\/\/i0.wp.com\/shinad.vn\/wp-content\/uploads\/2021\/05\/ACR1252U.jpg?fit=225%2C225&amp;ssl=1\" src=\"https:\/\/i0.wp.com\/shinad.vn\/wp-content\/uploads\/2021\/05\/ACR1252U.jpg?resize=225%2C225&#038;ssl=1\" alt=\"\" class=\"wp-image-1635\" srcset=\"https:\/\/i0.wp.com\/shinad.vn\/wp-content\/uploads\/2021\/05\/ACR1252U.jpg?w=225&amp;ssl=1 225w, https:\/\/i0.wp.com\/shinad.vn\/wp-content\/uploads\/2021\/05\/ACR1252U.jpg?resize=150%2C150&amp;ssl=1 150w\" sizes=\"(max-width: 225px) 100vw, 225px\" \/><\/figure>\n<\/div><\/div>\n\n\n\n<div class=\"wp-block-column is-vertically-aligned-center is-layout-flow wp-block-column-is-layout-flow\" style=\"flex-basis:66.66%\">\n<p><strong>\u0110\u1ea6U \u0110\u1eccC &#8211; GHI TH\u1eba TH\u00d4NG MINH ACR 1252U<\/strong><\/p>\n\n\n\n<p class=\"has-text-align-justify\">\u0110\u1ea7u \u0111\u1ecdc th\u1ebb th\u00f4ng minh ACR1252U ph\u00e1t tri\u1ec3n d\u1ef1a tr\u00ean c\u00f4ng ngh\u1ec7 kh\u00f4ng ti\u1ebfp x\u00fac chu\u1ea9n t\u1ea7n s\u1ed1 13,56 Mhz. V\u1edbi ch\u1ee9c n\u0103ng ghi &#8211; \u0111\u1ecdc h\u1ed7 tr\u1ee3 ti\u00eau chu\u1ea9n th\u1ebb th\u00f4ng minh ISO 14443 Type A &amp; B d\u00e0nh cho th\u1ebb Mifare, Felica v\u00e0 chu\u1ea9n ISO\/IEC 18092 d\u00e0nh cho 4 d\u1ea1ng th\u1ebb NFC.<\/p>\n\n\n\n<p class=\"has-text-align-justify\"><strong>Th\u00f4ng s\u1ed1 k\u1ef9 thu\u1eadt:<\/strong> T\u1ea7n s\u1ed1 13,56 Mhz; Chu\u1ea9n ISO 14443 Type A &amp; B; H\u1ed7 tr\u1ee3 \u0111\u1ecdc th\u1ebb MIFARE, Felica, NFC (ISO\/IEC 18092) tags, Giao ti\u1ebfp USB 2.0 Full speed; Kho\u1ea3ng c\u00e1ch \u0111\u1ecdc 01 ~ 10cm; H\u1ed7 tr\u1ee3 Window, Mac OS, Linux, Andriod; K\u00edch th\u01b0\u1edbc 98 x 65 x 12,8 mm; Tr\u1ecdng l\u01b0\u1ee3ng 81g.<\/p>\n\n\n\n<p>B\u1ea3o h\u00e0nh: 12 th\u00e1ng<\/p>\n<\/div>\n<\/div>\n","protected":false},"excerpt":{"rendered":"<p>\u0110\u1ea6U \u0110\u1eccC TH\u1eba T\u1eea \u0110\u1ea7u \u0111\u1ecdc th\u1ebb t\u1eeb MightyStripe M Series do SHINAD JSC cung c\u1ea5p \u0111\u01b0\u1ee3c thi\u1ebft k\u1ebf v\u00e0 s\u1ea3n xu\u1ea5t v\u1edbi c\u00e1c linh ki\u1ec7n ch\u1ea5t l\u01b0\u1ee3ng cao. \u0110\u1ea7u \u0111\u1ecdc ph\u00f9 h\u1ee3p v\u1edbi ti\u00eau chu\u1ea9n ISO 7811\/2, ti\u00eau chu\u1ea9n th\u1ebb t\u1eeb qu\u1ed1c t\u1ebf v\u00e0 \u0111\u1ed9 b\u1ec1n cao, t\u00ednh \u1ed5n [&hellip;]<\/p>\n","protected":false},"author":1,"featured_media":0,"parent":27,"menu_order":0,"comment_status":"closed","ping_status":"closed","template":"","meta":{"footnotes":""},"class_list":["post-370","page","type-page","status-publish","hentry"],"yoast_head":"<!-- This site is optimized with the Yoast SEO plugin v27.4 - https:\/\/yoast.com\/product\/yoast-seo-wordpress\/ -->\n<title>\u0110\u1ea7u \u0110\u1ecdc Th\u1ebb -<\/title>\n<meta name=\"robots\" content=\"index, follow, max-snippet:-1, max-image-preview:large, max-video-preview:-1\" \/>\n<link rel=\"canonical\" href=\"https:\/\/shinad.vn\/index.php\/giai-phap-the-nhua\/dau-doc-the\/\" \/>\n<meta property=\"og:locale\" content=\"vi_VN\" \/>\n<meta property=\"og:type\" content=\"article\" \/>\n<meta property=\"og:title\" content=\"\u0110\u1ea7u \u0110\u1ecdc Th\u1ebb -\" \/>\n<meta property=\"og:description\" content=\"\u0110\u1ea6U \u0110\u1eccC TH\u1eba T\u1eea \u0110\u1ea7u \u0111\u1ecdc th\u1ebb t\u1eeb MightyStripe M Series do SHINAD JSC cung c\u1ea5p \u0111\u01b0\u1ee3c thi\u1ebft k\u1ebf v\u00e0 s\u1ea3n xu\u1ea5t v\u1edbi c\u00e1c linh ki\u1ec7n ch\u1ea5t l\u01b0\u1ee3ng cao. \u0110\u1ea7u \u0111\u1ecdc ph\u00f9 h\u1ee3p v\u1edbi ti\u00eau chu\u1ea9n ISO 7811\/2, ti\u00eau chu\u1ea9n th\u1ebb t\u1eeb qu\u1ed1c t\u1ebf v\u00e0 \u0111\u1ed9 b\u1ec1n cao, t\u00ednh \u1ed5n [&hellip;]\" \/>\n<meta property=\"og:url\" content=\"https:\/\/shinad.vn\/index.php\/giai-phap-the-nhua\/dau-doc-the\/\" \/>\n<meta property=\"article:publisher\" content=\"https:\/\/www.facebook.com\/shinad.vn\" \/>\n<meta property=\"article:modified_time\" content=\"2023-04-24T02:36:26+00:00\" \/>\n<meta property=\"og:image\" content=\"https:\/\/shinad.vn\/wp-content\/uploads\/2021\/05\/Dau-doc-the-tu-1.jpg\" \/>\n<meta name=\"twitter:card\" content=\"summary_large_image\" \/>\n<meta name=\"twitter:label1\" content=\"\u01af\u1edbc t\u00ednh th\u1eddi gian \u0111\u1ecdc\" \/>\n\t<meta name=\"twitter:data1\" content=\"4 ph\u00fat\" \/>\n<script type=\"application\/ld+json\" class=\"yoast-schema-graph\">{\"@context\":\"https:\\\/\\\/schema.org\",\"@graph\":[{\"@type\":\"WebPage\",\"@id\":\"https:\\\/\\\/shinad.vn\\\/index.php\\\/giai-phap-the-nhua\\\/dau-doc-the\\\/\",\"url\":\"https:\\\/\\\/shinad.vn\\\/index.php\\\/giai-phap-the-nhua\\\/dau-doc-the\\\/\",\"name\":\"\u0110\u1ea7u \u0110\u1ecdc Th\u1ebb -\",\"isPartOf\":{\"@id\":\"https:\\\/\\\/shinad.vn\\\/#website\"},\"primaryImageOfPage\":{\"@id\":\"https:\\\/\\\/shinad.vn\\\/index.php\\\/giai-phap-the-nhua\\\/dau-doc-the\\\/#primaryimage\"},\"image\":{\"@id\":\"https:\\\/\\\/shinad.vn\\\/index.php\\\/giai-phap-the-nhua\\\/dau-doc-the\\\/#primaryimage\"},\"thumbnailUrl\":\"https:\\\/\\\/shinad.vn\\\/wp-content\\\/uploads\\\/2021\\\/05\\\/Dau-doc-the-tu-1.jpg\",\"datePublished\":\"2021-04-25T15:20:07+00:00\",\"dateModified\":\"2023-04-24T02:36:26+00:00\",\"breadcrumb\":{\"@id\":\"https:\\\/\\\/shinad.vn\\\/index.php\\\/giai-phap-the-nhua\\\/dau-doc-the\\\/#breadcrumb\"},\"inLanguage\":\"vi\",\"potentialAction\":[{\"@type\":\"ReadAction\",\"target\":[\"https:\\\/\\\/shinad.vn\\\/index.php\\\/giai-phap-the-nhua\\\/dau-doc-the\\\/\"]}]},{\"@type\":\"ImageObject\",\"inLanguage\":\"vi\",\"@id\":\"https:\\\/\\\/shinad.vn\\\/index.php\\\/giai-phap-the-nhua\\\/dau-doc-the\\\/#primaryimage\",\"url\":\"https:\\\/\\\/i0.wp.com\\\/shinad.vn\\\/wp-content\\\/uploads\\\/2021\\\/05\\\/Dau-doc-the-tu-1.jpg?fit=300%2C295&ssl=1\",\"contentUrl\":\"https:\\\/\\\/i0.wp.com\\\/shinad.vn\\\/wp-content\\\/uploads\\\/2021\\\/05\\\/Dau-doc-the-tu-1.jpg?fit=300%2C295&ssl=1\",\"width\":300,\"height\":295},{\"@type\":\"BreadcrumbList\",\"@id\":\"https:\\\/\\\/shinad.vn\\\/index.php\\\/giai-phap-the-nhua\\\/dau-doc-the\\\/#breadcrumb\",\"itemListElement\":[{\"@type\":\"ListItem\",\"position\":1,\"name\":\"Trang ch\u1ee7\",\"item\":\"https:\\\/\\\/shinad.vn\\\/\"},{\"@type\":\"ListItem\",\"position\":2,\"name\":\"GI\u1ea2I PH\u00c1P TH\u1eba NH\u1ef0A\",\"item\":\"https:\\\/\\\/shinad.vn\\\/index.php\\\/giai-phap-the-nhua\\\/\"},{\"@type\":\"ListItem\",\"position\":3,\"name\":\"\u0110\u1ea7u \u0110\u1ecdc Th\u1ebb\"}]},{\"@type\":\"WebSite\",\"@id\":\"https:\\\/\\\/shinad.vn\\\/#website\",\"url\":\"https:\\\/\\\/shinad.vn\\\/\",\"name\":\"www.shinad.vn\",\"description\":\"\",\"publisher\":{\"@id\":\"https:\\\/\\\/shinad.vn\\\/#organization\"},\"potentialAction\":[{\"@type\":\"SearchAction\",\"target\":{\"@type\":\"EntryPoint\",\"urlTemplate\":\"https:\\\/\\\/shinad.vn\\\/?s={search_term_string}\"},\"query-input\":{\"@type\":\"PropertyValueSpecification\",\"valueRequired\":true,\"valueName\":\"search_term_string\"}}],\"inLanguage\":\"vi\"},{\"@type\":\"Organization\",\"@id\":\"https:\\\/\\\/shinad.vn\\\/#organization\",\"name\":\"C\u00f4ng ty c\u1ed5 ph\u1ea7n \u0111\u1ea7u t\u01b0 th\u01b0\u01a1ng m\u1ea1i qu\u1ea3ng c\u00e1o Shinad\",\"url\":\"https:\\\/\\\/shinad.vn\\\/\",\"logo\":{\"@type\":\"ImageObject\",\"inLanguage\":\"vi\",\"@id\":\"https:\\\/\\\/shinad.vn\\\/#\\\/schema\\\/logo\\\/image\\\/\",\"url\":\"https:\\\/\\\/i0.wp.com\\\/shinad.vn\\\/wp-content\\\/uploads\\\/2020\\\/04\\\/cropped-Logo-SHINAD-ngang-3.png?fit=378%2C101&ssl=1\",\"contentUrl\":\"https:\\\/\\\/i0.wp.com\\\/shinad.vn\\\/wp-content\\\/uploads\\\/2020\\\/04\\\/cropped-Logo-SHINAD-ngang-3.png?fit=378%2C101&ssl=1\",\"width\":378,\"height\":101,\"caption\":\"C\u00f4ng ty c\u1ed5 ph\u1ea7n \u0111\u1ea7u t\u01b0 th\u01b0\u01a1ng m\u1ea1i qu\u1ea3ng c\u00e1o Shinad\"},\"image\":{\"@id\":\"https:\\\/\\\/shinad.vn\\\/#\\\/schema\\\/logo\\\/image\\\/\"},\"sameAs\":[\"https:\\\/\\\/www.facebook.com\\\/shinad.vn\"]}]}<\/script>\n<!-- \/ Yoast SEO plugin. -->","yoast_head_json":{"title":"\u0110\u1ea7u \u0110\u1ecdc Th\u1ebb -","robots":{"index":"index","follow":"follow","max-snippet":"max-snippet:-1","max-image-preview":"max-image-preview:large","max-video-preview":"max-video-preview:-1"},"canonical":"https:\/\/shinad.vn\/index.php\/giai-phap-the-nhua\/dau-doc-the\/","og_locale":"vi_VN","og_type":"article","og_title":"\u0110\u1ea7u \u0110\u1ecdc Th\u1ebb -","og_description":"\u0110\u1ea6U \u0110\u1eccC TH\u1eba T\u1eea \u0110\u1ea7u \u0111\u1ecdc th\u1ebb t\u1eeb MightyStripe M Series do SHINAD JSC cung c\u1ea5p \u0111\u01b0\u1ee3c thi\u1ebft k\u1ebf v\u00e0 s\u1ea3n xu\u1ea5t v\u1edbi c\u00e1c linh ki\u1ec7n ch\u1ea5t l\u01b0\u1ee3ng cao. \u0110\u1ea7u \u0111\u1ecdc ph\u00f9 h\u1ee3p v\u1edbi ti\u00eau chu\u1ea9n ISO 7811\/2, ti\u00eau chu\u1ea9n th\u1ebb t\u1eeb qu\u1ed1c t\u1ebf v\u00e0 \u0111\u1ed9 b\u1ec1n cao, t\u00ednh \u1ed5n [&hellip;]","og_url":"https:\/\/shinad.vn\/index.php\/giai-phap-the-nhua\/dau-doc-the\/","article_publisher":"https:\/\/www.facebook.com\/shinad.vn","article_modified_time":"2023-04-24T02:36:26+00:00","og_image":[{"url":"https:\/\/shinad.vn\/wp-content\/uploads\/2021\/05\/Dau-doc-the-tu-1.jpg","type":"","width":"","height":""}],"twitter_card":"summary_large_image","twitter_misc":{"\u01af\u1edbc t\u00ednh th\u1eddi gian \u0111\u1ecdc":"4 ph\u00fat"},"schema":{"@context":"https:\/\/schema.org","@graph":[{"@type":"WebPage","@id":"https:\/\/shinad.vn\/index.php\/giai-phap-the-nhua\/dau-doc-the\/","url":"https:\/\/shinad.vn\/index.php\/giai-phap-the-nhua\/dau-doc-the\/","name":"\u0110\u1ea7u \u0110\u1ecdc Th\u1ebb -","isPartOf":{"@id":"https:\/\/shinad.vn\/#website"},"primaryImageOfPage":{"@id":"https:\/\/shinad.vn\/index.php\/giai-phap-the-nhua\/dau-doc-the\/#primaryimage"},"image":{"@id":"https:\/\/shinad.vn\/index.php\/giai-phap-the-nhua\/dau-doc-the\/#primaryimage"},"thumbnailUrl":"https:\/\/shinad.vn\/wp-content\/uploads\/2021\/05\/Dau-doc-the-tu-1.jpg","datePublished":"2021-04-25T15:20:07+00:00","dateModified":"2023-04-24T02:36:26+00:00","breadcrumb":{"@id":"https:\/\/shinad.vn\/index.php\/giai-phap-the-nhua\/dau-doc-the\/#breadcrumb"},"inLanguage":"vi","potentialAction":[{"@type":"ReadAction","target":["https:\/\/shinad.vn\/index.php\/giai-phap-the-nhua\/dau-doc-the\/"]}]},{"@type":"ImageObject","inLanguage":"vi","@id":"https:\/\/shinad.vn\/index.php\/giai-phap-the-nhua\/dau-doc-the\/#primaryimage","url":"https:\/\/i0.wp.com\/shinad.vn\/wp-content\/uploads\/2021\/05\/Dau-doc-the-tu-1.jpg?fit=300%2C295&ssl=1","contentUrl":"https:\/\/i0.wp.com\/shinad.vn\/wp-content\/uploads\/2021\/05\/Dau-doc-the-tu-1.jpg?fit=300%2C295&ssl=1","width":300,"height":295},{"@type":"BreadcrumbList","@id":"https:\/\/shinad.vn\/index.php\/giai-phap-the-nhua\/dau-doc-the\/#breadcrumb","itemListElement":[{"@type":"ListItem","position":1,"name":"Trang ch\u1ee7","item":"https:\/\/shinad.vn\/"},{"@type":"ListItem","position":2,"name":"GI\u1ea2I PH\u00c1P TH\u1eba NH\u1ef0A","item":"https:\/\/shinad.vn\/index.php\/giai-phap-the-nhua\/"},{"@type":"ListItem","position":3,"name":"\u0110\u1ea7u \u0110\u1ecdc Th\u1ebb"}]},{"@type":"WebSite","@id":"https:\/\/shinad.vn\/#website","url":"https:\/\/shinad.vn\/","name":"www.shinad.vn","description":"","publisher":{"@id":"https:\/\/shinad.vn\/#organization"},"potentialAction":[{"@type":"SearchAction","target":{"@type":"EntryPoint","urlTemplate":"https:\/\/shinad.vn\/?s={search_term_string}"},"query-input":{"@type":"PropertyValueSpecification","valueRequired":true,"valueName":"search_term_string"}}],"inLanguage":"vi"},{"@type":"Organization","@id":"https:\/\/shinad.vn\/#organization","name":"C\u00f4ng ty c\u1ed5 ph\u1ea7n \u0111\u1ea7u t\u01b0 th\u01b0\u01a1ng m\u1ea1i qu\u1ea3ng c\u00e1o Shinad","url":"https:\/\/shinad.vn\/","logo":{"@type":"ImageObject","inLanguage":"vi","@id":"https:\/\/shinad.vn\/#\/schema\/logo\/image\/","url":"https:\/\/i0.wp.com\/shinad.vn\/wp-content\/uploads\/2020\/04\/cropped-Logo-SHINAD-ngang-3.png?fit=378%2C101&ssl=1","contentUrl":"https:\/\/i0.wp.com\/shinad.vn\/wp-content\/uploads\/2020\/04\/cropped-Logo-SHINAD-ngang-3.png?fit=378%2C101&ssl=1","width":378,"height":101,"caption":"C\u00f4ng ty c\u1ed5 ph\u1ea7n \u0111\u1ea7u t\u01b0 th\u01b0\u01a1ng m\u1ea1i qu\u1ea3ng c\u00e1o Shinad"},"image":{"@id":"https:\/\/shinad.vn\/#\/schema\/logo\/image\/"},"sameAs":["https:\/\/www.facebook.com\/shinad.vn"]}]}},"jetpack_sharing_enabled":true,"_links":{"self":[{"href":"https:\/\/shinad.vn\/index.php\/wp-json\/wp\/v2\/pages\/370","targetHints":{"allow":["GET"]}}],"collection":[{"href":"https:\/\/shinad.vn\/index.php\/wp-json\/wp\/v2\/pages"}],"about":[{"href":"https:\/\/shinad.vn\/index.php\/wp-json\/wp\/v2\/types\/page"}],"author":[{"embeddable":true,"href":"https:\/\/shinad.vn\/index.php\/wp-json\/wp\/v2\/users\/1"}],"replies":[{"embeddable":true,"href":"https:\/\/shinad.vn\/index.php\/wp-json\/wp\/v2\/comments?post=370"}],"version-history":[{"count":9,"href":"https:\/\/shinad.vn\/index.php\/wp-json\/wp\/v2\/pages\/370\/revisions"}],"predecessor-version":[{"id":2182,"href":"https:\/\/shinad.vn\/index.php\/wp-json\/wp\/v2\/pages\/370\/revisions\/2182"}],"up":[{"embeddable":true,"href":"https:\/\/shinad.vn\/index.php\/wp-json\/wp\/v2\/pages\/27"}],"wp:attachment":[{"href":"https:\/\/shinad.vn\/index.php\/wp-json\/wp\/v2\/media?parent=370"}],"curies":[{"name":"wp","href":"https:\/\/api.w.org\/{rel}","templated":true}]}}