{"id":30,"date":"2019-11-02T17:29:03","date_gmt":"2019-11-02T10:29:03","guid":{"rendered":"http:\/\/shinad.vn\/?page_id=30"},"modified":"2025-11-05T21:41:21","modified_gmt":"2025-11-05T14:41:21","slug":"bo-nhan-dien-thuong-hieu","status":"publish","type":"page","link":"https:\/\/shinad.vn\/index.php\/bo-nhan-dien-thuong-hieu\/","title":{"rendered":"B\u1ed8 NH\u1eacN DI\u1ec6N TH\u01af\u01a0NG HI\u1ec6U"},"content":{"rendered":"\n<h6 class=\"wp-block-heading has-text-align-center\">NGH\u1ec6 THU\u1eacT X\u00c2Y D\u1ef0NG B\u1ed8 NH\u1eacN DI\u1ec6N TH\u01af\u01a0NG HI\u1ec6U CHUY\u00caN NGHI\u1ec6P<\/h6>\n\n\n\n<p class=\"has-text-align-justify\">Trong b\u1ed1i c\u1ea3nh kinh doanh ng\u00e0y c\u00e0ng c\u1ea1nh tranh, x\u00e2y d\u1ef1ng m\u1ed9t h\u00ecnh \u1ea3nh th\u01b0\u01a1ng hi\u1ec7u chuy\u00ean nghi\u1ec7p v\u00e0 \u0111\u1ed3ng nh\u1ea5t l\u00e0 y\u1ebfu t\u1ed1 then ch\u1ed1t gi\u00fap doanh nghi\u1ec7p t\u1ea1o d\u1ef1ng ni\u1ec1m tin v\u00e0 kh\u1eb3ng \u0111\u1ecbnh v\u1ecb th\u1ebf tr\u00ean th\u1ecb tr\u01b0\u1eddng. B\u1ed9 nh\u1eadn di\u1ec7n th\u01b0\u01a1ng hi\u1ec7u ch\u00ednh l\u00e0 t\u1eadp h\u1ee3p c\u00e1c y\u1ebfu t\u1ed1 h\u00ecnh \u1ea3nh, m\u00e0u s\u1eafc, ki\u1ec3u ch\u1eef, logo, kh\u1ea9u hi\u1ec7u v\u00e0 h\u1ec7 th\u1ed1ng \u1ea5n ph\u1ea9m truy\u1ec1n th\u00f4ng, nh\u1eb1m truy\u1ec1n t\u1ea3i gi\u00e1 tr\u1ecb c\u1ed1t l\u00f5i, b\u1ea3n s\u1eafc v\u00e0 phong c\u00e1ch ri\u00eang c\u1ee7a doanh nghi\u1ec7p \u0111\u1ebfn kh\u00e1ch h\u00e0ng.<\/p>\n\n\n\n<p class=\"has-text-align-justify\">Kh\u00f4ng ch\u1ec9 d\u1eebng l\u1ea1i \u1edf logo hay b\u1ea3ng hi\u1ec7u, b\u1ed9 nh\u1eadn di\u1ec7n c\u00f2n bao g\u1ed3m c\u00e1c s\u1ea3n ph\u1ea9m c\u1ee5 th\u1ec3 nh\u01b0 \u0111\u1ed3ng ph\u1ee5c nh\u00e2n vi\u00ean, h\u1ec7 th\u1ed1ng POSM, v\u0103n ph\u00f2ng ph\u1ea9m, bao b\u00ec s\u1ea3n ph\u1ea9m, th\u1ebb nh\u1eadn di\u1ec7n\u2026 M\u1ed7i chi ti\u1ebft nh\u1ecf \u0111\u1ec1u g\u00f3p ph\u1ea7n t\u1ea1o n\u00ean s\u1ef1 chuy\u00ean nghi\u1ec7p, \u0111\u1ed3ng b\u1ed9 v\u00e0 ghi d\u1ea5u \u1ea5n trong t\u00e2m tr\u00ed kh\u00e1ch h\u00e0ng.<\/p>\n\n\n\n<div class=\"wp-block-columns is-layout-flex wp-container-core-columns-is-layout-28f84493 wp-block-columns-is-layout-flex\">\n<div class=\"wp-block-column is-layout-flow wp-block-column-is-layout-flow\">\n<div class=\"wp-block-cover aligncenter is-light has-custom-content-position is-position-bottom-center\" style=\"min-height:280px;aspect-ratio:unset;\"><img data-recalc-dims=\"1\" fetchpriority=\"high\" decoding=\"async\" width=\"750\" height=\"477\" data-attachment-id=\"2917\" data-permalink=\"https:\/\/shinad.vn\/index.php\/bo-nhan-dien-thuong-hieu\/posm-truyen-thong\/\" data-orig-file=\"https:\/\/i0.wp.com\/shinad.vn\/wp-content\/uploads\/2025\/07\/posm-truyen-thong.jpg?fit=1000%2C636&amp;ssl=1\" data-orig-size=\"1000,636\" data-comments-opened=\"1\" data-image-meta=\"{&quot;aperture&quot;:&quot;0&quot;,&quot;credit&quot;:&quot;&quot;,&quot;camera&quot;:&quot;&quot;,&quot;caption&quot;:&quot;&quot;,&quot;created_timestamp&quot;:&quot;0&quot;,&quot;copyright&quot;:&quot;&quot;,&quot;focal_length&quot;:&quot;0&quot;,&quot;iso&quot;:&quot;0&quot;,&quot;shutter_speed&quot;:&quot;0&quot;,&quot;title&quot;:&quot;&quot;,&quot;orientation&quot;:&quot;0&quot;}\" data-image-title=\"posm-truyen-thong\" data-image-description=\"\" data-image-caption=\"\" data-large-file=\"https:\/\/i0.wp.com\/shinad.vn\/wp-content\/uploads\/2025\/07\/posm-truyen-thong.jpg?fit=750%2C477&amp;ssl=1\" class=\"wp-block-cover__image-background wp-image-2917 size-full\" alt=\"\" src=\"https:\/\/i0.wp.com\/shinad.vn\/wp-content\/uploads\/2025\/07\/posm-truyen-thong.jpg?resize=750%2C477&#038;ssl=1\" data-object-fit=\"cover\" srcset=\"https:\/\/i0.wp.com\/shinad.vn\/wp-content\/uploads\/2025\/07\/posm-truyen-thong.jpg?w=1000&amp;ssl=1 1000w, https:\/\/i0.wp.com\/shinad.vn\/wp-content\/uploads\/2025\/07\/posm-truyen-thong.jpg?resize=300%2C191&amp;ssl=1 300w, https:\/\/i0.wp.com\/shinad.vn\/wp-content\/uploads\/2025\/07\/posm-truyen-thong.jpg?resize=768%2C488&amp;ssl=1 768w\" sizes=\"(max-width: 750px) 100vw, 750px\" \/><span aria-hidden=\"true\" class=\"wp-block-cover__background has-background-dim-10 has-background-dim\" style=\"background-color:#8f968e\"><\/span><div class=\"wp-block-cover__inner-container is-layout-flow wp-block-cover-is-layout-flow\">\n<p class=\"has-text-align-center\"><strong><a href=\"https:\/\/shinad.vn\/index.php\/san-pham-in-an\/posm\/\"><mark style=\"background-color:rgba(0, 0, 0, 0)\" class=\"has-inline-color has-white-color\">POSM &#8211; V\u1eacT PH\u1ea8M QU\u1ea2NG C\u00c1O<\/mark><\/a><\/strong><\/p>\n<\/div><\/div>\n<\/div>\n\n\n\n<div class=\"wp-block-column is-layout-flow wp-block-column-is-layout-flow\">\n<div class=\"wp-block-cover aligncenter is-light has-custom-content-position is-position-bottom-center\" style=\"min-height:280px;aspect-ratio:unset;\"><img data-recalc-dims=\"1\" decoding=\"async\" width=\"750\" height=\"500\" data-attachment-id=\"1708\" data-permalink=\"https:\/\/shinad.vn\/index.php\/bo-nhan-dien-thuong-hieu\/in-an-2-2\/\" data-orig-file=\"https:\/\/i0.wp.com\/shinad.vn\/wp-content\/uploads\/2021\/05\/in-an-2.jpg?fit=800%2C533&amp;ssl=1\" data-orig-size=\"800,533\" data-comments-opened=\"1\" data-image-meta=\"{&quot;aperture&quot;:&quot;0&quot;,&quot;credit&quot;:&quot;&quot;,&quot;camera&quot;:&quot;&quot;,&quot;caption&quot;:&quot;&quot;,&quot;created_timestamp&quot;:&quot;0&quot;,&quot;copyright&quot;:&quot;&quot;,&quot;focal_length&quot;:&quot;0&quot;,&quot;iso&quot;:&quot;0&quot;,&quot;shutter_speed&quot;:&quot;0&quot;,&quot;title&quot;:&quot;&quot;,&quot;orientation&quot;:&quot;0&quot;}\" data-image-title=\"in-an-2\" data-image-description=\"\" data-image-caption=\"\" data-large-file=\"https:\/\/i0.wp.com\/shinad.vn\/wp-content\/uploads\/2021\/05\/in-an-2.jpg?fit=750%2C500&amp;ssl=1\" class=\"wp-block-cover__image-background wp-image-1708\" alt=\"\" src=\"https:\/\/i0.wp.com\/shinad.vn\/wp-content\/uploads\/2021\/05\/in-an-2.jpg?resize=750%2C500&#038;ssl=1\" data-object-fit=\"cover\" srcset=\"https:\/\/i0.wp.com\/shinad.vn\/wp-content\/uploads\/2021\/05\/in-an-2.jpg?w=800&amp;ssl=1 800w, https:\/\/i0.wp.com\/shinad.vn\/wp-content\/uploads\/2021\/05\/in-an-2.jpg?resize=300%2C200&amp;ssl=1 300w, https:\/\/i0.wp.com\/shinad.vn\/wp-content\/uploads\/2021\/05\/in-an-2.jpg?resize=768%2C512&amp;ssl=1 768w, https:\/\/i0.wp.com\/shinad.vn\/wp-content\/uploads\/2021\/05\/in-an-2.jpg?resize=360%2C240&amp;ssl=1 360w\" sizes=\"(max-width: 750px) 100vw, 750px\" \/><span aria-hidden=\"true\" class=\"wp-block-cover__background has-background-dim-10 has-background-dim\"><\/span><div class=\"wp-block-cover__inner-container is-layout-flow wp-block-cover-is-layout-flow\">\n<p class=\"has-text-align-center\"><strong><a href=\"https:\/\/shinad.vn\/index.php\/san-pham-in-an\/in-an-tren-tui-xach\/\"><mark style=\"background-color:rgba(0, 0, 0, 0)\" class=\"has-inline-color has-white-color\">IN TR\u00caN T\u00daI X\u00c1CH<\/mark><\/a><\/strong><\/p>\n<\/div><\/div>\n<\/div>\n<\/div>\n\n\n\n<div class=\"wp-block-columns is-layout-flex wp-container-core-columns-is-layout-28f84493 wp-block-columns-is-layout-flex\">\n<div class=\"wp-block-column is-layout-flow wp-block-column-is-layout-flow\">\n<div class=\"wp-block-cover aligncenter is-light has-custom-content-position is-position-bottom-center\" style=\"min-height:280px;aspect-ratio:unset;\"><img data-recalc-dims=\"1\" decoding=\"async\" width=\"750\" height=\"500\" data-attachment-id=\"1829\" data-permalink=\"https:\/\/shinad.vn\/index.php\/bo-nhan-dien-thuong-hieu\/thietkesangtao\/\" data-orig-file=\"https:\/\/i0.wp.com\/shinad.vn\/wp-content\/uploads\/2022\/04\/thietkesangtao.png?fit=900%2C600&amp;ssl=1\" data-orig-size=\"900,600\" data-comments-opened=\"1\" data-image-meta=\"{&quot;aperture&quot;:&quot;0&quot;,&quot;credit&quot;:&quot;&quot;,&quot;camera&quot;:&quot;&quot;,&quot;caption&quot;:&quot;&quot;,&quot;created_timestamp&quot;:&quot;0&quot;,&quot;copyright&quot;:&quot;&quot;,&quot;focal_length&quot;:&quot;0&quot;,&quot;iso&quot;:&quot;0&quot;,&quot;shutter_speed&quot;:&quot;0&quot;,&quot;title&quot;:&quot;&quot;,&quot;orientation&quot;:&quot;0&quot;}\" data-image-title=\"thietkesangtao\" data-image-description=\"\" data-image-caption=\"\" data-large-file=\"https:\/\/i0.wp.com\/shinad.vn\/wp-content\/uploads\/2022\/04\/thietkesangtao.png?fit=750%2C500&amp;ssl=1\" class=\"wp-block-cover__image-background wp-image-1829\" alt=\"\" src=\"https:\/\/i0.wp.com\/shinad.vn\/wp-content\/uploads\/2022\/04\/thietkesangtao.png?resize=750%2C500&#038;ssl=1\" data-object-fit=\"cover\" srcset=\"https:\/\/i0.wp.com\/shinad.vn\/wp-content\/uploads\/2022\/04\/thietkesangtao.png?w=900&amp;ssl=1 900w, https:\/\/i0.wp.com\/shinad.vn\/wp-content\/uploads\/2022\/04\/thietkesangtao.png?resize=300%2C200&amp;ssl=1 300w, https:\/\/i0.wp.com\/shinad.vn\/wp-content\/uploads\/2022\/04\/thietkesangtao.png?resize=768%2C512&amp;ssl=1 768w, https:\/\/i0.wp.com\/shinad.vn\/wp-content\/uploads\/2022\/04\/thietkesangtao.png?resize=360%2C240&amp;ssl=1 360w\" sizes=\"(max-width: 750px) 100vw, 750px\" \/><span aria-hidden=\"true\" class=\"wp-block-cover__background has-background-dim-10 has-background-dim\"><\/span><div class=\"wp-block-cover__inner-container is-layout-flow wp-block-cover-is-layout-flow\">\n<p class=\"has-text-align-center\"><strong><a href=\"https:\/\/shinad.vn\/index.php\/thiet-ke-sang-tao\/\"><mark style=\"background-color:rgba(0, 0, 0, 0)\" class=\"has-inline-color has-white-color\">THI\u1ebeT K\u1ebe S\u00c1NG T\u1ea0O<\/mark><\/a><\/strong><\/p>\n<\/div><\/div>\n<\/div>\n\n\n\n<div class=\"wp-block-column is-layout-flow wp-block-column-is-layout-flow\">\n<div class=\"wp-block-cover aligncenter is-light has-custom-content-position is-position-bottom-center\" style=\"min-height:280px;aspect-ratio:unset;\"><img data-recalc-dims=\"1\" loading=\"lazy\" decoding=\"async\" width=\"750\" height=\"550\" data-attachment-id=\"2707\" data-permalink=\"https:\/\/shinad.vn\/index.php\/bo-nhan-dien-thuong-hieu\/thi-cong-bang-quang-cao\/\" data-orig-file=\"https:\/\/i0.wp.com\/shinad.vn\/wp-content\/uploads\/2025\/02\/thi-cong-bang-quang-cao.jpeg?fit=800%2C587&amp;ssl=1\" data-orig-size=\"800,587\" data-comments-opened=\"1\" data-image-meta=\"{&quot;aperture&quot;:&quot;0&quot;,&quot;credit&quot;:&quot;&quot;,&quot;camera&quot;:&quot;&quot;,&quot;caption&quot;:&quot;&quot;,&quot;created_timestamp&quot;:&quot;0&quot;,&quot;copyright&quot;:&quot;&quot;,&quot;focal_length&quot;:&quot;0&quot;,&quot;iso&quot;:&quot;0&quot;,&quot;shutter_speed&quot;:&quot;0&quot;,&quot;title&quot;:&quot;&quot;,&quot;orientation&quot;:&quot;0&quot;}\" data-image-title=\"thi-cong-bang-quang-cao\" data-image-description=\"\" data-image-caption=\"\" data-large-file=\"https:\/\/i0.wp.com\/shinad.vn\/wp-content\/uploads\/2025\/02\/thi-cong-bang-quang-cao.jpeg?fit=750%2C550&amp;ssl=1\" class=\"wp-block-cover__image-background wp-image-2707\" alt=\"\" src=\"https:\/\/i0.wp.com\/shinad.vn\/wp-content\/uploads\/2025\/02\/thi-cong-bang-quang-cao.jpeg?resize=750%2C550&#038;ssl=1\" data-object-fit=\"cover\" srcset=\"https:\/\/i0.wp.com\/shinad.vn\/wp-content\/uploads\/2025\/02\/thi-cong-bang-quang-cao.jpeg?w=800&amp;ssl=1 800w, https:\/\/i0.wp.com\/shinad.vn\/wp-content\/uploads\/2025\/02\/thi-cong-bang-quang-cao.jpeg?resize=300%2C220&amp;ssl=1 300w, https:\/\/i0.wp.com\/shinad.vn\/wp-content\/uploads\/2025\/02\/thi-cong-bang-quang-cao.jpeg?resize=768%2C564&amp;ssl=1 768w\" sizes=\"(max-width: 750px) 100vw, 750px\" \/><span aria-hidden=\"true\" class=\"wp-block-cover__background has-background-dim-10 has-background-dim\" style=\"background-color:#888ea7\"><\/span><div class=\"wp-block-cover__inner-container is-layout-flow wp-block-cover-is-layout-flow\">\n<p class=\"has-text-align-center\"><strong><a href=\"https:\/\/shinad.vn\/index.php\/thi-cong-quang-cao\/\"><mark style=\"background-color:rgba(0, 0, 0, 0)\" class=\"has-inline-color has-white-color\">THI C\u00d4NG QU\u1ea2NG C\u00c1O<\/mark><\/a><\/strong><\/p>\n<\/div><\/div>\n<\/div>\n<\/div>\n\n\n\n<p>SHINAD thi\u1ebft k\u1ebf v\u00e0 cung c\u1ea5p tr\u1ecdn g\u1ecdi <a href=\"https:\/\/www.facebook.com\/shinad.vn\">c\u00e1c gi\u1ea3i ph\u00e1p s\u1ea3n ph\u1ea9m nh\u1eadn di\u1ec7n th\u01b0\u01a1ng hi\u1ec7u<\/a>. H\u00e3y li\u00ean h\u1ec7 SHINAD \u0111\u1ec3 \u0111\u01b0\u1ee3c t\u01b0 v\u1ea5n gi\u1ea3i ph\u00e1p ph\u00f9 h\u1ee3p v\u00e0 hi\u1ec7u qu\u1ea3 nh\u1ea5t.<\/p>\n\n\n\n<hr class=\"wp-block-separator has-css-opacity is-style-wide\"\/>\n\n\n\n<p><\/p>\n","protected":false},"excerpt":{"rendered":"<p>NGH\u1ec6 THU\u1eacT X\u00c2Y D\u1ef0NG B\u1ed8 NH\u1eacN DI\u1ec6N TH\u01af\u01a0NG HI\u1ec6U CHUY\u00caN NGHI\u1ec6P Trong b\u1ed1i c\u1ea3nh kinh doanh ng\u00e0y c\u00e0ng c\u1ea1nh tranh, x\u00e2y d\u1ef1ng m\u1ed9t h\u00ecnh \u1ea3nh th\u01b0\u01a1ng hi\u1ec7u chuy\u00ean nghi\u1ec7p v\u00e0 \u0111\u1ed3ng nh\u1ea5t l\u00e0 y\u1ebfu t\u1ed1 then ch\u1ed1t gi\u00fap doanh nghi\u1ec7p t\u1ea1o d\u1ef1ng ni\u1ec1m tin v\u00e0 kh\u1eb3ng \u0111\u1ecbnh v\u1ecb th\u1ebf tr\u00ean [&hellip;]<\/p>\n","protected":false},"author":1,"featured_media":0,"parent":0,"menu_order":0,"comment_status":"closed","ping_status":"closed","template":"","meta":{"footnotes":""},"class_list":["post-30","page","type-page","status-publish","hentry"],"yoast_head":"<!-- This site is optimized with the Yoast SEO plugin v27.4 - https:\/\/yoast.com\/product\/yoast-seo-wordpress\/ -->\n<title>SHINAD I Gi\u1ea3i Ph\u00e1p B\u1ed9 Nh\u1eadn Di\u1ec7n Th\u01b0\u01a1ng Hi\u1ec7u<\/title>\n<meta name=\"description\" content=\"B\u1ed9 nh\u1eadn di\u1ec7n th\u01b0\u01a1ng hi\u1ec7u bao g\u1ed3m c\u00e1c s\u1ea3n ph\u1ea9m nh\u01b0 logo, slogan, \u0111\u1ed3ng ph\u1ee5c, h\u1ec7 th\u1ed1ng POSM, v\u0103n ph\u00f2ng ph\u1ea9m, bao b\u00ec s\u1ea3n ph\u1ea9m, th\u1ebb nh\u1eadn di\u1ec7n...\" \/>\n<meta name=\"robots\" content=\"index, follow, max-snippet:-1, max-image-preview:large, max-video-preview:-1\" \/>\n<link rel=\"canonical\" href=\"https:\/\/shinad.vn\/index.php\/bo-nhan-dien-thuong-hieu\/\" \/>\n<meta property=\"og:locale\" content=\"vi_VN\" \/>\n<meta property=\"og:type\" content=\"article\" \/>\n<meta property=\"og:title\" content=\"SHINAD I Gi\u1ea3i Ph\u00e1p B\u1ed9 Nh\u1eadn Di\u1ec7n Th\u01b0\u01a1ng Hi\u1ec7u\" \/>\n<meta property=\"og:description\" content=\"B\u1ed9 nh\u1eadn di\u1ec7n th\u01b0\u01a1ng hi\u1ec7u bao g\u1ed3m c\u00e1c s\u1ea3n ph\u1ea9m nh\u01b0 logo, slogan, \u0111\u1ed3ng ph\u1ee5c, h\u1ec7 th\u1ed1ng POSM, v\u0103n ph\u00f2ng ph\u1ea9m, bao b\u00ec s\u1ea3n ph\u1ea9m, th\u1ebb nh\u1eadn di\u1ec7n...\" \/>\n<meta property=\"og:url\" content=\"https:\/\/shinad.vn\/index.php\/bo-nhan-dien-thuong-hieu\/\" \/>\n<meta property=\"article:publisher\" content=\"https:\/\/www.facebook.com\/shinad.vn\" \/>\n<meta property=\"article:modified_time\" content=\"2025-11-05T14:41:21+00:00\" \/>\n<meta property=\"og:image\" content=\"https:\/\/shinad.vn\/wp-content\/uploads\/2025\/07\/posm-truyen-thong.jpg\" \/>\n<meta name=\"twitter:card\" content=\"summary_large_image\" \/>\n<meta name=\"twitter:label1\" content=\"\u01af\u1edbc t\u00ednh th\u1eddi gian \u0111\u1ecdc\" \/>\n\t<meta name=\"twitter:data1\" content=\"2 ph\u00fat\" \/>\n<script type=\"application\/ld+json\" class=\"yoast-schema-graph\">{\"@context\":\"https:\\\/\\\/schema.org\",\"@graph\":[{\"@type\":\"WebPage\",\"@id\":\"https:\\\/\\\/shinad.vn\\\/index.php\\\/bo-nhan-dien-thuong-hieu\\\/\",\"url\":\"https:\\\/\\\/shinad.vn\\\/index.php\\\/bo-nhan-dien-thuong-hieu\\\/\",\"name\":\"SHINAD I Gi\u1ea3i Ph\u00e1p B\u1ed9 Nh\u1eadn Di\u1ec7n Th\u01b0\u01a1ng Hi\u1ec7u\",\"isPartOf\":{\"@id\":\"https:\\\/\\\/shinad.vn\\\/#website\"},\"primaryImageOfPage\":{\"@id\":\"https:\\\/\\\/shinad.vn\\\/index.php\\\/bo-nhan-dien-thuong-hieu\\\/#primaryimage\"},\"image\":{\"@id\":\"https:\\\/\\\/shinad.vn\\\/index.php\\\/bo-nhan-dien-thuong-hieu\\\/#primaryimage\"},\"thumbnailUrl\":\"https:\\\/\\\/shinad.vn\\\/wp-content\\\/uploads\\\/2025\\\/07\\\/posm-truyen-thong.jpg\",\"datePublished\":\"2019-11-02T10:29:03+00:00\",\"dateModified\":\"2025-11-05T14:41:21+00:00\",\"description\":\"B\u1ed9 nh\u1eadn di\u1ec7n th\u01b0\u01a1ng hi\u1ec7u bao g\u1ed3m c\u00e1c s\u1ea3n ph\u1ea9m nh\u01b0 logo, slogan, \u0111\u1ed3ng ph\u1ee5c, h\u1ec7 th\u1ed1ng POSM, v\u0103n ph\u00f2ng ph\u1ea9m, bao b\u00ec s\u1ea3n ph\u1ea9m, th\u1ebb nh\u1eadn di\u1ec7n...\",\"breadcrumb\":{\"@id\":\"https:\\\/\\\/shinad.vn\\\/index.php\\\/bo-nhan-dien-thuong-hieu\\\/#breadcrumb\"},\"inLanguage\":\"vi\",\"potentialAction\":[{\"@type\":\"ReadAction\",\"target\":[\"https:\\\/\\\/shinad.vn\\\/index.php\\\/bo-nhan-dien-thuong-hieu\\\/\"]}]},{\"@type\":\"ImageObject\",\"inLanguage\":\"vi\",\"@id\":\"https:\\\/\\\/shinad.vn\\\/index.php\\\/bo-nhan-dien-thuong-hieu\\\/#primaryimage\",\"url\":\"https:\\\/\\\/i0.wp.com\\\/shinad.vn\\\/wp-content\\\/uploads\\\/2025\\\/07\\\/posm-truyen-thong.jpg?fit=1000%2C636&ssl=1\",\"contentUrl\":\"https:\\\/\\\/i0.wp.com\\\/shinad.vn\\\/wp-content\\\/uploads\\\/2025\\\/07\\\/posm-truyen-thong.jpg?fit=1000%2C636&ssl=1\",\"width\":1000,\"height\":636},{\"@type\":\"BreadcrumbList\",\"@id\":\"https:\\\/\\\/shinad.vn\\\/index.php\\\/bo-nhan-dien-thuong-hieu\\\/#breadcrumb\",\"itemListElement\":[{\"@type\":\"ListItem\",\"position\":1,\"name\":\"Trang ch\u1ee7\",\"item\":\"https:\\\/\\\/shinad.vn\\\/\"},{\"@type\":\"ListItem\",\"position\":2,\"name\":\"B\u1ed8 NH\u1eacN DI\u1ec6N TH\u01af\u01a0NG HI\u1ec6U\"}]},{\"@type\":\"WebSite\",\"@id\":\"https:\\\/\\\/shinad.vn\\\/#website\",\"url\":\"https:\\\/\\\/shinad.vn\\\/\",\"name\":\"www.shinad.vn\",\"description\":\"\",\"publisher\":{\"@id\":\"https:\\\/\\\/shinad.vn\\\/#organization\"},\"potentialAction\":[{\"@type\":\"SearchAction\",\"target\":{\"@type\":\"EntryPoint\",\"urlTemplate\":\"https:\\\/\\\/shinad.vn\\\/?s={search_term_string}\"},\"query-input\":{\"@type\":\"PropertyValueSpecification\",\"valueRequired\":true,\"valueName\":\"search_term_string\"}}],\"inLanguage\":\"vi\"},{\"@type\":\"Organization\",\"@id\":\"https:\\\/\\\/shinad.vn\\\/#organization\",\"name\":\"C\u00f4ng ty c\u1ed5 ph\u1ea7n \u0111\u1ea7u t\u01b0 th\u01b0\u01a1ng m\u1ea1i qu\u1ea3ng c\u00e1o Shinad\",\"url\":\"https:\\\/\\\/shinad.vn\\\/\",\"logo\":{\"@type\":\"ImageObject\",\"inLanguage\":\"vi\",\"@id\":\"https:\\\/\\\/shinad.vn\\\/#\\\/schema\\\/logo\\\/image\\\/\",\"url\":\"https:\\\/\\\/i0.wp.com\\\/shinad.vn\\\/wp-content\\\/uploads\\\/2020\\\/04\\\/cropped-Logo-SHINAD-ngang-3.png?fit=378%2C101&ssl=1\",\"contentUrl\":\"https:\\\/\\\/i0.wp.com\\\/shinad.vn\\\/wp-content\\\/uploads\\\/2020\\\/04\\\/cropped-Logo-SHINAD-ngang-3.png?fit=378%2C101&ssl=1\",\"width\":378,\"height\":101,\"caption\":\"C\u00f4ng ty c\u1ed5 ph\u1ea7n \u0111\u1ea7u t\u01b0 th\u01b0\u01a1ng m\u1ea1i qu\u1ea3ng c\u00e1o Shinad\"},\"image\":{\"@id\":\"https:\\\/\\\/shinad.vn\\\/#\\\/schema\\\/logo\\\/image\\\/\"},\"sameAs\":[\"https:\\\/\\\/www.facebook.com\\\/shinad.vn\"]}]}<\/script>\n<!-- \/ Yoast SEO plugin. -->","yoast_head_json":{"title":"SHINAD I Gi\u1ea3i Ph\u00e1p B\u1ed9 Nh\u1eadn Di\u1ec7n Th\u01b0\u01a1ng Hi\u1ec7u","description":"B\u1ed9 nh\u1eadn di\u1ec7n th\u01b0\u01a1ng hi\u1ec7u bao g\u1ed3m c\u00e1c s\u1ea3n ph\u1ea9m nh\u01b0 logo, slogan, \u0111\u1ed3ng ph\u1ee5c, h\u1ec7 th\u1ed1ng POSM, v\u0103n ph\u00f2ng ph\u1ea9m, bao b\u00ec s\u1ea3n ph\u1ea9m, th\u1ebb nh\u1eadn di\u1ec7n...","robots":{"index":"index","follow":"follow","max-snippet":"max-snippet:-1","max-image-preview":"max-image-preview:large","max-video-preview":"max-video-preview:-1"},"canonical":"https:\/\/shinad.vn\/index.php\/bo-nhan-dien-thuong-hieu\/","og_locale":"vi_VN","og_type":"article","og_title":"SHINAD I Gi\u1ea3i Ph\u00e1p B\u1ed9 Nh\u1eadn Di\u1ec7n Th\u01b0\u01a1ng Hi\u1ec7u","og_description":"B\u1ed9 nh\u1eadn di\u1ec7n th\u01b0\u01a1ng hi\u1ec7u bao g\u1ed3m c\u00e1c s\u1ea3n ph\u1ea9m nh\u01b0 logo, slogan, \u0111\u1ed3ng ph\u1ee5c, h\u1ec7 th\u1ed1ng POSM, v\u0103n ph\u00f2ng ph\u1ea9m, bao b\u00ec s\u1ea3n ph\u1ea9m, th\u1ebb nh\u1eadn di\u1ec7n...","og_url":"https:\/\/shinad.vn\/index.php\/bo-nhan-dien-thuong-hieu\/","article_publisher":"https:\/\/www.facebook.com\/shinad.vn","article_modified_time":"2025-11-05T14:41:21+00:00","og_image":[{"url":"https:\/\/shinad.vn\/wp-content\/uploads\/2025\/07\/posm-truyen-thong.jpg","type":"","width":"","height":""}],"twitter_card":"summary_large_image","twitter_misc":{"\u01af\u1edbc t\u00ednh th\u1eddi gian \u0111\u1ecdc":"2 ph\u00fat"},"schema":{"@context":"https:\/\/schema.org","@graph":[{"@type":"WebPage","@id":"https:\/\/shinad.vn\/index.php\/bo-nhan-dien-thuong-hieu\/","url":"https:\/\/shinad.vn\/index.php\/bo-nhan-dien-thuong-hieu\/","name":"SHINAD I Gi\u1ea3i Ph\u00e1p B\u1ed9 Nh\u1eadn Di\u1ec7n Th\u01b0\u01a1ng Hi\u1ec7u","isPartOf":{"@id":"https:\/\/shinad.vn\/#website"},"primaryImageOfPage":{"@id":"https:\/\/shinad.vn\/index.php\/bo-nhan-dien-thuong-hieu\/#primaryimage"},"image":{"@id":"https:\/\/shinad.vn\/index.php\/bo-nhan-dien-thuong-hieu\/#primaryimage"},"thumbnailUrl":"https:\/\/shinad.vn\/wp-content\/uploads\/2025\/07\/posm-truyen-thong.jpg","datePublished":"2019-11-02T10:29:03+00:00","dateModified":"2025-11-05T14:41:21+00:00","description":"B\u1ed9 nh\u1eadn di\u1ec7n th\u01b0\u01a1ng hi\u1ec7u bao g\u1ed3m c\u00e1c s\u1ea3n ph\u1ea9m nh\u01b0 logo, slogan, \u0111\u1ed3ng ph\u1ee5c, h\u1ec7 th\u1ed1ng POSM, v\u0103n ph\u00f2ng ph\u1ea9m, bao b\u00ec s\u1ea3n ph\u1ea9m, th\u1ebb nh\u1eadn di\u1ec7n...","breadcrumb":{"@id":"https:\/\/shinad.vn\/index.php\/bo-nhan-dien-thuong-hieu\/#breadcrumb"},"inLanguage":"vi","potentialAction":[{"@type":"ReadAction","target":["https:\/\/shinad.vn\/index.php\/bo-nhan-dien-thuong-hieu\/"]}]},{"@type":"ImageObject","inLanguage":"vi","@id":"https:\/\/shinad.vn\/index.php\/bo-nhan-dien-thuong-hieu\/#primaryimage","url":"https:\/\/i0.wp.com\/shinad.vn\/wp-content\/uploads\/2025\/07\/posm-truyen-thong.jpg?fit=1000%2C636&ssl=1","contentUrl":"https:\/\/i0.wp.com\/shinad.vn\/wp-content\/uploads\/2025\/07\/posm-truyen-thong.jpg?fit=1000%2C636&ssl=1","width":1000,"height":636},{"@type":"BreadcrumbList","@id":"https:\/\/shinad.vn\/index.php\/bo-nhan-dien-thuong-hieu\/#breadcrumb","itemListElement":[{"@type":"ListItem","position":1,"name":"Trang ch\u1ee7","item":"https:\/\/shinad.vn\/"},{"@type":"ListItem","position":2,"name":"B\u1ed8 NH\u1eacN DI\u1ec6N TH\u01af\u01a0NG HI\u1ec6U"}]},{"@type":"WebSite","@id":"https:\/\/shinad.vn\/#website","url":"https:\/\/shinad.vn\/","name":"www.shinad.vn","description":"","publisher":{"@id":"https:\/\/shinad.vn\/#organization"},"potentialAction":[{"@type":"SearchAction","target":{"@type":"EntryPoint","urlTemplate":"https:\/\/shinad.vn\/?s={search_term_string}"},"query-input":{"@type":"PropertyValueSpecification","valueRequired":true,"valueName":"search_term_string"}}],"inLanguage":"vi"},{"@type":"Organization","@id":"https:\/\/shinad.vn\/#organization","name":"C\u00f4ng ty c\u1ed5 ph\u1ea7n \u0111\u1ea7u t\u01b0 th\u01b0\u01a1ng m\u1ea1i qu\u1ea3ng c\u00e1o Shinad","url":"https:\/\/shinad.vn\/","logo":{"@type":"ImageObject","inLanguage":"vi","@id":"https:\/\/shinad.vn\/#\/schema\/logo\/image\/","url":"https:\/\/i0.wp.com\/shinad.vn\/wp-content\/uploads\/2020\/04\/cropped-Logo-SHINAD-ngang-3.png?fit=378%2C101&ssl=1","contentUrl":"https:\/\/i0.wp.com\/shinad.vn\/wp-content\/uploads\/2020\/04\/cropped-Logo-SHINAD-ngang-3.png?fit=378%2C101&ssl=1","width":378,"height":101,"caption":"C\u00f4ng ty c\u1ed5 ph\u1ea7n \u0111\u1ea7u t\u01b0 th\u01b0\u01a1ng m\u1ea1i qu\u1ea3ng c\u00e1o Shinad"},"image":{"@id":"https:\/\/shinad.vn\/#\/schema\/logo\/image\/"},"sameAs":["https:\/\/www.facebook.com\/shinad.vn"]}]}},"jetpack_sharing_enabled":true,"_links":{"self":[{"href":"https:\/\/shinad.vn\/index.php\/wp-json\/wp\/v2\/pages\/30","targetHints":{"allow":["GET"]}}],"collection":[{"href":"https:\/\/shinad.vn\/index.php\/wp-json\/wp\/v2\/pages"}],"about":[{"href":"https:\/\/shinad.vn\/index.php\/wp-json\/wp\/v2\/types\/page"}],"author":[{"embeddable":true,"href":"https:\/\/shinad.vn\/index.php\/wp-json\/wp\/v2\/users\/1"}],"replies":[{"embeddable":true,"href":"https:\/\/shinad.vn\/index.php\/wp-json\/wp\/v2\/comments?post=30"}],"version-history":[{"count":33,"href":"https:\/\/shinad.vn\/index.php\/wp-json\/wp\/v2\/pages\/30\/revisions"}],"predecessor-version":[{"id":3104,"href":"https:\/\/shinad.vn\/index.php\/wp-json\/wp\/v2\/pages\/30\/revisions\/3104"}],"wp:attachment":[{"href":"https:\/\/shinad.vn\/index.php\/wp-json\/wp\/v2\/media?parent=30"}],"curies":[{"name":"wp","href":"https:\/\/api.w.org\/{rel}","templated":true}]}}