{"id":2963,"date":"2025-07-17T13:43:14","date_gmt":"2025-07-17T06:43:14","guid":{"rendered":"https:\/\/shinad.vn\/?page_id=2963"},"modified":"2025-07-17T18:01:49","modified_gmt":"2025-07-17T11:01:49","slug":"inthekhachhang","status":"publish","type":"page","link":"https:\/\/shinad.vn\/index.php\/inthekhachhang\/","title":{"rendered":"Th\u1ebb Th\u00e0nh Vi\u00ean &#8211; VIP Card"},"content":{"rendered":"\n<h5 class=\"wp-block-heading has-text-align-center\"><strong>Th\u1ebb Kh\u00e1ch H\u00e0ng Th\u00e2n Thi\u1ebft<\/strong><br><strong>Gi\u1ea3i Ph\u00e1p G\u1eafn K\u1ebft &amp; Gia T\u0103ng Gi\u00e1 Tr\u1ecb Th\u01b0\u01a1ng Hi\u1ec7u<\/strong><\/h5>\n\n\n\n<p>Trong kinh doanh hi\u1ec7n \u0111\u1ea1i, <strong>ch\u0103m s\u00f3c kh\u00e1ch h\u00e0ng c\u0169 hi\u1ec7u qu\u1ea3 lu\u00f4n r\u1ebb h\u01a1n t\u00ecm ki\u1ebfm kh\u00e1ch h\u00e0ng m\u1edbi<\/strong>. V\u00e0 m\u1ed9t trong nh\u1eefng c\u00f4ng c\u1ee5 gi\u00fap doanh nghi\u1ec7p duy tr\u00ec m\u1ed1i quan h\u1ec7 d\u00e0i l\u00e2u ch\u00ednh l\u00e0 <strong>Th\u1ebb Kh\u00e1ch H\u00e0ng Th\u00e2n Thi\u1ebft \u2013 VIP Member Card<\/strong>.<\/p>\n\n\n\n<figure class=\"wp-block-image size-large\"><img data-recalc-dims=\"1\" fetchpriority=\"high\" decoding=\"async\" width=\"750\" height=\"409\" data-attachment-id=\"2987\" data-permalink=\"https:\/\/shinad.vn\/index.php\/inthekhachhang\/thevip-2\/\" data-orig-file=\"https:\/\/i0.wp.com\/shinad.vn\/wp-content\/uploads\/2025\/07\/TheVIP-1.jpg?fit=2560%2C1396&amp;ssl=1\" data-orig-size=\"2560,1396\" data-comments-opened=\"1\" data-image-meta=\"{&quot;aperture&quot;:&quot;0&quot;,&quot;credit&quot;:&quot;&quot;,&quot;camera&quot;:&quot;&quot;,&quot;caption&quot;:&quot;&quot;,&quot;created_timestamp&quot;:&quot;0&quot;,&quot;copyright&quot;:&quot;&quot;,&quot;focal_length&quot;:&quot;0&quot;,&quot;iso&quot;:&quot;0&quot;,&quot;shutter_speed&quot;:&quot;0&quot;,&quot;title&quot;:&quot;&quot;,&quot;orientation&quot;:&quot;0&quot;}\" data-image-title=\"TheVIP\" data-image-description=\"\" data-image-caption=\"\" data-large-file=\"https:\/\/i0.wp.com\/shinad.vn\/wp-content\/uploads\/2025\/07\/TheVIP-1.jpg?fit=750%2C409&amp;ssl=1\" src=\"https:\/\/i0.wp.com\/shinad.vn\/wp-content\/uploads\/2025\/07\/TheVIP-1.jpg?resize=750%2C409&#038;ssl=1\" alt=\"\" class=\"wp-image-2987\" srcset=\"https:\/\/i0.wp.com\/shinad.vn\/wp-content\/uploads\/2025\/07\/TheVIP-1.jpg?resize=1024%2C558&amp;ssl=1 1024w, https:\/\/i0.wp.com\/shinad.vn\/wp-content\/uploads\/2025\/07\/TheVIP-1.jpg?resize=300%2C164&amp;ssl=1 300w, https:\/\/i0.wp.com\/shinad.vn\/wp-content\/uploads\/2025\/07\/TheVIP-1.jpg?resize=768%2C419&amp;ssl=1 768w, https:\/\/i0.wp.com\/shinad.vn\/wp-content\/uploads\/2025\/07\/TheVIP-1.jpg?resize=1536%2C838&amp;ssl=1 1536w, https:\/\/i0.wp.com\/shinad.vn\/wp-content\/uploads\/2025\/07\/TheVIP-1.jpg?resize=2048%2C1117&amp;ssl=1 2048w, https:\/\/i0.wp.com\/shinad.vn\/wp-content\/uploads\/2025\/07\/TheVIP-1.jpg?w=2250&amp;ssl=1 2250w\" sizes=\"(max-width: 750px) 100vw, 750px\" \/><\/figure>\n\n\n\n<p class=\"has-text-align-center\"><em>Th\u1ebb VIP \u2013 K\u1ebft n\u1ed1i kh\u00e1ch h\u00e0ng, gia t\u0103ng gi\u00e1 tr\u1ecb th\u01b0\u01a1ng hi\u1ec7u<\/em><\/p>\n\n\n\n<h5 class=\"wp-block-heading\">\u2705 <strong>L\u1ee3i \u00edch n\u1ed5i b\u1eadt:<\/strong><\/h5>\n\n\n\n<ul class=\"wp-block-list\">\n<li><strong>T\u0103ng s\u1ef1 trung th\u00e0nh <\/strong>c\u1ee7a kh\u00e1ch h\u00e0ng, th\u00fac \u0111\u1ea9y quay l\u1ea1i mua h\u00e0ng.<\/li>\n\n\n\n<li><strong>Th\u1ec3 hi\u1ec7n s\u1ef1 chuy\u00ean nghi\u1ec7p &amp; tr\u00e2n tr\u1ecdng kh\u00e1ch h\u00e0ng.<\/strong><\/li>\n\n\n\n<li><strong>Ghi d\u1ea5u th\u01b0\u01a1ng hi\u1ec7u trong t\u00e2m tr\u00ed kh\u00e1ch h\u00e0ng m\u1ed7i ng\u00e0y.<\/strong><\/li>\n\n\n\n<li><strong>D\u1ec5 d\u00e0ng t\u00edch h\u1ee3p ch\u01b0\u01a1ng tr\u00ecnh \u01b0u \u0111\u00e3i, t\u00edch \u0111i\u1ec3m, ph\u00e2n h\u1ea1ng VIP\u2026<\/strong><\/li>\n<\/ul>\n\n\n\n<hr class=\"wp-block-separator has-alpha-channel-opacity\"\/>\n\n\n\n<p>T\u1ea1i&nbsp;<strong>SHINAD<\/strong>, ch\u00fang t\u00f4i cung c\u1ea5p&nbsp;<strong>d\u1ecbch v\u1ee5 thi\u1ebft k\u1ebf v\u00e0 in th\u1ebb nh\u1ef1a nh\u00e2n vi\u00ean chuy\u00ean nghi\u1ec7p<\/strong>&nbsp;v\u1edbi quy tr\u00ecnh tr\u1ecdn g\u00f3i \u2013 t\u1eeb t\u01b0 v\u1ea5n, thi\u1ebft k\u1ebf, in \u1ea5n, cung c\u1ea5p&nbsp;<strong><a href=\"https:\/\/shinad.vn\/index.php\/giai-phap-the-nhua\/may-in-the-nhua\/\">m\u00e1y in th\u1ebb nh\u1ef1a \u0111\u1ec3 b\u00e0n<\/a><\/strong>, \u0111\u1ebfn ph\u1ee5 ki\u1ec7n \u0111i k\u00e8m nh\u01b0 d\u00e2y \u0111eo, bao \u0111\u1ef1ng, thi\u1ebft b\u1ecb ch\u1ea5m c\u00f4ng\u2026<\/p>\n\n\n\n<ul class=\"wp-block-list\">\n<li><strong>Ch\u1ea5t li\u1ec7u nh\u1ef1a PVC cao c\u1ea5p<\/strong>, in s\u1eafc n\u00e9t, b\u1ec1n m\u00e0u theo th\u1eddi gian<\/li>\n\n\n\n<li><strong>In tr\u1ef1c ti\u1ebfp t\u1ea1i x\u01b0\u1edfng<\/strong>&nbsp;\u2013 ch\u1ee9ng t\u1eeb nguy\u00ean v\u1eadt li\u1ec7u v\u00e0 h\u00e0ng ho\u00e1 r\u00f5 r\u00e0ng<\/li>\n\n\n\n<li><strong>Gi\u00e1 th\u00e0nh c\u1ea1nh tranh&nbsp;<\/strong>\u2013 chi\u1ebft kh\u1ea5u t\u1ed1t cho \u0111\u01a1n h\u00e0ng s\u1ed1 l\u01b0\u1ee3ng<\/li>\n\n\n\n<li><strong>Giao h\u00e0ng nhanh \u2013 linh ho\u1ea1t s\u1ed1 l\u01b0\u1ee3ng \u2013 chi ph\u00ed t\u1ed1i \u01b0u<\/strong><\/li>\n<\/ul>\n\n\n\n<p>SHINAD cam k\u1ebft mang \u0111\u1ebfn gi\u1ea3i ph\u00e1p th\u1ebb nh\u00e2n vi\u00ean kh\u00f4ng ch\u1ec9 \u0111\u1eb9p m\u1eaft m\u00e0 c\u00f2n \u1ee9ng d\u1ee5ng hi\u1ec7u qu\u1ea3 trong qu\u1ea3n l\u00fd v\u00e0 n\u00e2ng t\u1ea7m h\u00ecnh \u1ea3nh doanh nghi\u1ec7p.<\/p>\n\n\n\n<hr class=\"wp-block-separator has-alpha-channel-opacity\"\/>\n\n\n\n<p>Qu\u00fd Doanh nghi\u1ec7m quan t\u00e2m xin&nbsp;<a href=\"https:\/\/www.facebook.com\/inthenhuashinad\/\"><strong>li\u00ean h\u1ec7 SHINAD<\/strong><\/a>&nbsp;\u0111\u1ec3 \u0111\u01b0\u1ee3c t\u01b0 v\u1ea5n v\u00e0 tham kh\u1ea3o gi\u1ea3i ph\u00e1p ph\u00f9 h\u1ee3p nh\u1ea5t.<\/p>\n","protected":false},"excerpt":{"rendered":"<p>Th\u1ebb Kh\u00e1ch H\u00e0ng Th\u00e2n Thi\u1ebftGi\u1ea3i Ph\u00e1p G\u1eafn K\u1ebft &amp; Gia T\u0103ng Gi\u00e1 Tr\u1ecb Th\u01b0\u01a1ng Hi\u1ec7u Trong kinh doanh hi\u1ec7n \u0111\u1ea1i, ch\u0103m s\u00f3c kh\u00e1ch h\u00e0ng c\u0169 hi\u1ec7u qu\u1ea3 lu\u00f4n r\u1ebb h\u01a1n t\u00ecm ki\u1ebfm kh\u00e1ch h\u00e0ng m\u1edbi. V\u00e0 m\u1ed9t trong nh\u1eefng c\u00f4ng c\u1ee5 gi\u00fap doanh nghi\u1ec7p duy tr\u00ec m\u1ed1i quan h\u1ec7 d\u00e0i [&hellip;]<\/p>\n","protected":false},"author":1,"featured_media":0,"parent":0,"menu_order":0,"comment_status":"closed","ping_status":"closed","template":"","meta":{"footnotes":""},"class_list":["post-2963","page","type-page","status-publish","hentry"],"yoast_head":"<!-- This site is optimized with the Yoast SEO plugin v27.4 - https:\/\/yoast.com\/product\/yoast-seo-wordpress\/ -->\n<title>Gi\u1ea3i Ph\u00e1p In Th\u1ebb Kh\u00e1ch h\u00e0ng - VIP Card<\/title>\n<meta name=\"description\" content=\"SHINAD cung c\u1ea5p tr\u1ecdn g\u00f3i gi\u1ea3i ph\u00e1p Th\u1ebb Kh\u00e1ch h\u00e0ng VIP - VIP Member Card, t\u1eeb thi\u1ebft k\u1ebf, in \u1ea5n, \u0111\u1ebfn cung c\u1ea5p gi\u1ea3i ph\u00e1p qu\u1ea3n l\u00fd chuy\u00ean nghi\u1ec7p.\" \/>\n<meta name=\"robots\" content=\"index, follow, max-snippet:-1, max-image-preview:large, max-video-preview:-1\" \/>\n<link rel=\"canonical\" href=\"https:\/\/shinad.vn\/index.php\/inthekhachhang\/\" \/>\n<meta property=\"og:locale\" content=\"vi_VN\" \/>\n<meta property=\"og:type\" content=\"article\" \/>\n<meta property=\"og:title\" content=\"Gi\u1ea3i Ph\u00e1p In Th\u1ebb Kh\u00e1ch h\u00e0ng - VIP Card\" \/>\n<meta property=\"og:description\" content=\"SHINAD cung c\u1ea5p tr\u1ecdn g\u00f3i gi\u1ea3i ph\u00e1p Th\u1ebb Kh\u00e1ch h\u00e0ng VIP - VIP Member Card, t\u1eeb thi\u1ebft k\u1ebf, in \u1ea5n, \u0111\u1ebfn cung c\u1ea5p gi\u1ea3i ph\u00e1p qu\u1ea3n l\u00fd chuy\u00ean nghi\u1ec7p.\" \/>\n<meta property=\"og:url\" content=\"https:\/\/shinad.vn\/index.php\/inthekhachhang\/\" \/>\n<meta property=\"article:publisher\" content=\"https:\/\/www.facebook.com\/shinad.vn\" \/>\n<meta property=\"article:modified_time\" content=\"2025-07-17T11:01:49+00:00\" \/>\n<meta property=\"og:image\" content=\"https:\/\/shinad.vn\/wp-content\/uploads\/2025\/07\/TheVIP-1-1024x558.jpg\" \/>\n<meta name=\"twitter:card\" content=\"summary_large_image\" \/>\n<meta name=\"twitter:label1\" content=\"\u01af\u1edbc t\u00ednh th\u1eddi gian \u0111\u1ecdc\" \/>\n\t<meta name=\"twitter:data1\" content=\"2 ph\u00fat\" \/>\n<script type=\"application\/ld+json\" class=\"yoast-schema-graph\">{\"@context\":\"https:\\\/\\\/schema.org\",\"@graph\":[{\"@type\":\"WebPage\",\"@id\":\"https:\\\/\\\/shinad.vn\\\/index.php\\\/inthekhachhang\\\/\",\"url\":\"https:\\\/\\\/shinad.vn\\\/index.php\\\/inthekhachhang\\\/\",\"name\":\"Gi\u1ea3i Ph\u00e1p In Th\u1ebb Kh\u00e1ch h\u00e0ng - VIP Card\",\"isPartOf\":{\"@id\":\"https:\\\/\\\/shinad.vn\\\/#website\"},\"primaryImageOfPage\":{\"@id\":\"https:\\\/\\\/shinad.vn\\\/index.php\\\/inthekhachhang\\\/#primaryimage\"},\"image\":{\"@id\":\"https:\\\/\\\/shinad.vn\\\/index.php\\\/inthekhachhang\\\/#primaryimage\"},\"thumbnailUrl\":\"https:\\\/\\\/shinad.vn\\\/wp-content\\\/uploads\\\/2025\\\/07\\\/TheVIP-1-1024x558.jpg\",\"datePublished\":\"2025-07-17T06:43:14+00:00\",\"dateModified\":\"2025-07-17T11:01:49+00:00\",\"description\":\"SHINAD cung c\u1ea5p tr\u1ecdn g\u00f3i gi\u1ea3i ph\u00e1p Th\u1ebb Kh\u00e1ch h\u00e0ng VIP - VIP Member Card, t\u1eeb thi\u1ebft k\u1ebf, in \u1ea5n, \u0111\u1ebfn cung c\u1ea5p gi\u1ea3i ph\u00e1p qu\u1ea3n l\u00fd chuy\u00ean nghi\u1ec7p.\",\"breadcrumb\":{\"@id\":\"https:\\\/\\\/shinad.vn\\\/index.php\\\/inthekhachhang\\\/#breadcrumb\"},\"inLanguage\":\"vi\",\"potentialAction\":[{\"@type\":\"ReadAction\",\"target\":[\"https:\\\/\\\/shinad.vn\\\/index.php\\\/inthekhachhang\\\/\"]}]},{\"@type\":\"ImageObject\",\"inLanguage\":\"vi\",\"@id\":\"https:\\\/\\\/shinad.vn\\\/index.php\\\/inthekhachhang\\\/#primaryimage\",\"url\":\"https:\\\/\\\/i0.wp.com\\\/shinad.vn\\\/wp-content\\\/uploads\\\/2025\\\/07\\\/TheVIP-1.jpg?fit=2560%2C1396&ssl=1\",\"contentUrl\":\"https:\\\/\\\/i0.wp.com\\\/shinad.vn\\\/wp-content\\\/uploads\\\/2025\\\/07\\\/TheVIP-1.jpg?fit=2560%2C1396&ssl=1\",\"width\":2560,\"height\":1396},{\"@type\":\"BreadcrumbList\",\"@id\":\"https:\\\/\\\/shinad.vn\\\/index.php\\\/inthekhachhang\\\/#breadcrumb\",\"itemListElement\":[{\"@type\":\"ListItem\",\"position\":1,\"name\":\"Trang ch\u1ee7\",\"item\":\"https:\\\/\\\/shinad.vn\\\/\"},{\"@type\":\"ListItem\",\"position\":2,\"name\":\"Th\u1ebb Th\u00e0nh Vi\u00ean &#8211; VIP Card\"}]},{\"@type\":\"WebSite\",\"@id\":\"https:\\\/\\\/shinad.vn\\\/#website\",\"url\":\"https:\\\/\\\/shinad.vn\\\/\",\"name\":\"www.shinad.vn\",\"description\":\"\",\"publisher\":{\"@id\":\"https:\\\/\\\/shinad.vn\\\/#organization\"},\"potentialAction\":[{\"@type\":\"SearchAction\",\"target\":{\"@type\":\"EntryPoint\",\"urlTemplate\":\"https:\\\/\\\/shinad.vn\\\/?s={search_term_string}\"},\"query-input\":{\"@type\":\"PropertyValueSpecification\",\"valueRequired\":true,\"valueName\":\"search_term_string\"}}],\"inLanguage\":\"vi\"},{\"@type\":\"Organization\",\"@id\":\"https:\\\/\\\/shinad.vn\\\/#organization\",\"name\":\"C\u00f4ng ty c\u1ed5 ph\u1ea7n \u0111\u1ea7u t\u01b0 th\u01b0\u01a1ng m\u1ea1i qu\u1ea3ng c\u00e1o Shinad\",\"url\":\"https:\\\/\\\/shinad.vn\\\/\",\"logo\":{\"@type\":\"ImageObject\",\"inLanguage\":\"vi\",\"@id\":\"https:\\\/\\\/shinad.vn\\\/#\\\/schema\\\/logo\\\/image\\\/\",\"url\":\"https:\\\/\\\/i0.wp.com\\\/shinad.vn\\\/wp-content\\\/uploads\\\/2020\\\/04\\\/cropped-Logo-SHINAD-ngang-3.png?fit=378%2C101&ssl=1\",\"contentUrl\":\"https:\\\/\\\/i0.wp.com\\\/shinad.vn\\\/wp-content\\\/uploads\\\/2020\\\/04\\\/cropped-Logo-SHINAD-ngang-3.png?fit=378%2C101&ssl=1\",\"width\":378,\"height\":101,\"caption\":\"C\u00f4ng ty c\u1ed5 ph\u1ea7n \u0111\u1ea7u t\u01b0 th\u01b0\u01a1ng m\u1ea1i qu\u1ea3ng c\u00e1o Shinad\"},\"image\":{\"@id\":\"https:\\\/\\\/shinad.vn\\\/#\\\/schema\\\/logo\\\/image\\\/\"},\"sameAs\":[\"https:\\\/\\\/www.facebook.com\\\/shinad.vn\"]}]}<\/script>\n<!-- \/ Yoast SEO plugin. -->","yoast_head_json":{"title":"Gi\u1ea3i Ph\u00e1p In Th\u1ebb Kh\u00e1ch h\u00e0ng - VIP Card","description":"SHINAD cung c\u1ea5p tr\u1ecdn g\u00f3i gi\u1ea3i ph\u00e1p Th\u1ebb Kh\u00e1ch h\u00e0ng VIP - VIP Member Card, t\u1eeb thi\u1ebft k\u1ebf, in \u1ea5n, \u0111\u1ebfn cung c\u1ea5p gi\u1ea3i ph\u00e1p qu\u1ea3n l\u00fd chuy\u00ean nghi\u1ec7p.","robots":{"index":"index","follow":"follow","max-snippet":"max-snippet:-1","max-image-preview":"max-image-preview:large","max-video-preview":"max-video-preview:-1"},"canonical":"https:\/\/shinad.vn\/index.php\/inthekhachhang\/","og_locale":"vi_VN","og_type":"article","og_title":"Gi\u1ea3i Ph\u00e1p In Th\u1ebb Kh\u00e1ch h\u00e0ng - VIP Card","og_description":"SHINAD cung c\u1ea5p tr\u1ecdn g\u00f3i gi\u1ea3i ph\u00e1p Th\u1ebb Kh\u00e1ch h\u00e0ng VIP - VIP Member Card, t\u1eeb thi\u1ebft k\u1ebf, in \u1ea5n, \u0111\u1ebfn cung c\u1ea5p gi\u1ea3i ph\u00e1p qu\u1ea3n l\u00fd chuy\u00ean nghi\u1ec7p.","og_url":"https:\/\/shinad.vn\/index.php\/inthekhachhang\/","article_publisher":"https:\/\/www.facebook.com\/shinad.vn","article_modified_time":"2025-07-17T11:01:49+00:00","og_image":[{"url":"https:\/\/shinad.vn\/wp-content\/uploads\/2025\/07\/TheVIP-1-1024x558.jpg","type":"","width":"","height":""}],"twitter_card":"summary_large_image","twitter_misc":{"\u01af\u1edbc t\u00ednh th\u1eddi gian \u0111\u1ecdc":"2 ph\u00fat"},"schema":{"@context":"https:\/\/schema.org","@graph":[{"@type":"WebPage","@id":"https:\/\/shinad.vn\/index.php\/inthekhachhang\/","url":"https:\/\/shinad.vn\/index.php\/inthekhachhang\/","name":"Gi\u1ea3i Ph\u00e1p In Th\u1ebb Kh\u00e1ch h\u00e0ng - VIP Card","isPartOf":{"@id":"https:\/\/shinad.vn\/#website"},"primaryImageOfPage":{"@id":"https:\/\/shinad.vn\/index.php\/inthekhachhang\/#primaryimage"},"image":{"@id":"https:\/\/shinad.vn\/index.php\/inthekhachhang\/#primaryimage"},"thumbnailUrl":"https:\/\/shinad.vn\/wp-content\/uploads\/2025\/07\/TheVIP-1-1024x558.jpg","datePublished":"2025-07-17T06:43:14+00:00","dateModified":"2025-07-17T11:01:49+00:00","description":"SHINAD cung c\u1ea5p tr\u1ecdn g\u00f3i gi\u1ea3i ph\u00e1p Th\u1ebb Kh\u00e1ch h\u00e0ng VIP - VIP Member Card, t\u1eeb thi\u1ebft k\u1ebf, in \u1ea5n, \u0111\u1ebfn cung c\u1ea5p gi\u1ea3i ph\u00e1p qu\u1ea3n l\u00fd chuy\u00ean nghi\u1ec7p.","breadcrumb":{"@id":"https:\/\/shinad.vn\/index.php\/inthekhachhang\/#breadcrumb"},"inLanguage":"vi","potentialAction":[{"@type":"ReadAction","target":["https:\/\/shinad.vn\/index.php\/inthekhachhang\/"]}]},{"@type":"ImageObject","inLanguage":"vi","@id":"https:\/\/shinad.vn\/index.php\/inthekhachhang\/#primaryimage","url":"https:\/\/i0.wp.com\/shinad.vn\/wp-content\/uploads\/2025\/07\/TheVIP-1.jpg?fit=2560%2C1396&ssl=1","contentUrl":"https:\/\/i0.wp.com\/shinad.vn\/wp-content\/uploads\/2025\/07\/TheVIP-1.jpg?fit=2560%2C1396&ssl=1","width":2560,"height":1396},{"@type":"BreadcrumbList","@id":"https:\/\/shinad.vn\/index.php\/inthekhachhang\/#breadcrumb","itemListElement":[{"@type":"ListItem","position":1,"name":"Trang ch\u1ee7","item":"https:\/\/shinad.vn\/"},{"@type":"ListItem","position":2,"name":"Th\u1ebb Th\u00e0nh Vi\u00ean &#8211; VIP Card"}]},{"@type":"WebSite","@id":"https:\/\/shinad.vn\/#website","url":"https:\/\/shinad.vn\/","name":"www.shinad.vn","description":"","publisher":{"@id":"https:\/\/shinad.vn\/#organization"},"potentialAction":[{"@type":"SearchAction","target":{"@type":"EntryPoint","urlTemplate":"https:\/\/shinad.vn\/?s={search_term_string}"},"query-input":{"@type":"PropertyValueSpecification","valueRequired":true,"valueName":"search_term_string"}}],"inLanguage":"vi"},{"@type":"Organization","@id":"https:\/\/shinad.vn\/#organization","name":"C\u00f4ng ty c\u1ed5 ph\u1ea7n \u0111\u1ea7u t\u01b0 th\u01b0\u01a1ng m\u1ea1i qu\u1ea3ng c\u00e1o Shinad","url":"https:\/\/shinad.vn\/","logo":{"@type":"ImageObject","inLanguage":"vi","@id":"https:\/\/shinad.vn\/#\/schema\/logo\/image\/","url":"https:\/\/i0.wp.com\/shinad.vn\/wp-content\/uploads\/2020\/04\/cropped-Logo-SHINAD-ngang-3.png?fit=378%2C101&ssl=1","contentUrl":"https:\/\/i0.wp.com\/shinad.vn\/wp-content\/uploads\/2020\/04\/cropped-Logo-SHINAD-ngang-3.png?fit=378%2C101&ssl=1","width":378,"height":101,"caption":"C\u00f4ng ty c\u1ed5 ph\u1ea7n \u0111\u1ea7u t\u01b0 th\u01b0\u01a1ng m\u1ea1i qu\u1ea3ng c\u00e1o Shinad"},"image":{"@id":"https:\/\/shinad.vn\/#\/schema\/logo\/image\/"},"sameAs":["https:\/\/www.facebook.com\/shinad.vn"]}]}},"jetpack_sharing_enabled":true,"_links":{"self":[{"href":"https:\/\/shinad.vn\/index.php\/wp-json\/wp\/v2\/pages\/2963","targetHints":{"allow":["GET"]}}],"collection":[{"href":"https:\/\/shinad.vn\/index.php\/wp-json\/wp\/v2\/pages"}],"about":[{"href":"https:\/\/shinad.vn\/index.php\/wp-json\/wp\/v2\/types\/page"}],"author":[{"embeddable":true,"href":"https:\/\/shinad.vn\/index.php\/wp-json\/wp\/v2\/users\/1"}],"replies":[{"embeddable":true,"href":"https:\/\/shinad.vn\/index.php\/wp-json\/wp\/v2\/comments?post=2963"}],"version-history":[{"count":3,"href":"https:\/\/shinad.vn\/index.php\/wp-json\/wp\/v2\/pages\/2963\/revisions"}],"predecessor-version":[{"id":2989,"href":"https:\/\/shinad.vn\/index.php\/wp-json\/wp\/v2\/pages\/2963\/revisions\/2989"}],"wp:attachment":[{"href":"https:\/\/shinad.vn\/index.php\/wp-json\/wp\/v2\/media?parent=2963"}],"curies":[{"name":"wp","href":"https:\/\/api.w.org\/{rel}","templated":true}]}}