{"id":2938,"date":"2025-07-17T11:08:11","date_gmt":"2025-07-17T04:08:11","guid":{"rendered":"https:\/\/shinad.vn\/?page_id=2938"},"modified":"2025-07-17T13:31:47","modified_gmt":"2025-07-17T06:31:47","slug":"the-sinh-vien","status":"publish","type":"page","link":"https:\/\/shinad.vn\/index.php\/the-sinh-vien\/","title":{"rendered":"Gi\u1ea3i Ph\u00e1p Th\u1ebb Tr\u01b0\u1eddng H\u1ecdc"},"content":{"rendered":"\n<h5 class=\"wp-block-heading has-text-align-center\"><strong>TH\u1eba NH\u1ef0A H\u1eccC SINH &#8211; SINH VI\u00caN <\/strong><br><strong>GI\u1ea2I PH\u00c1P QU\u1ea2N L\u00dd TH\u00d4NG MINH CHO C\u00c1C TR\u01af\u1edcNG H\u1eccC<\/strong><\/h5>\n\n\n\n<p>Th\u1ebb h\u1ecdc sinh \u2013 sinh vi\u00ean\u00a0l\u00e0 m\u1ed9t d\u1ea1ng th\u1ebb nh\u1eadn di\u1ec7n d\u00f9ng trong tr\u01b0\u1eddng h\u1ecdc, d\u00e0nh cho c\u00e1c h\u1ecdc vi\u00ean. Ngo\u00e0i c\u00f4ng d\u1ee5ng l\u01b0u tr\u1eef th\u00f4ng tin c\u00e1 nh\u00e2n v\u00e0 th\u00f4ng tin v\u1ec1 tr\u01b0\u1eddng, th\u1ebb c\u00f3 th\u1ec3 \u0111\u01b0\u1ee3c s\u1eed d\u1ee5ng \u0111\u1ec3 l\u00e0m th\u1ebb ra v\u00e0o ph\u00f2ng thi, th\u1ebb th\u01b0 vi\u1ec7n, th\u1ebb ATM li\u00ean k\u1ebft, \u0111\u00f3ng h\u1ecdc ph\u00ed qua th\u1ebb\u2026<\/p>\n\n\n\n<p>\u0110i\u1ec1u quan tr\u1ecdng h\u01a1n, th\u1ebb h\u1ecdc sinh \u2013 sinh vi\u00ean l\u00e0 h\u00ecnh \u1ea3nh c\u1ee7a tr\u01b0\u1eddng, v\u00e0 gi\u00fap nh\u00e0 tr\u01b0\u1eddng ti\u1ec7n l\u1ee3i h\u01a1n trong c\u00f4ng t\u00e1c qu\u1ea3n l\u00fd sinh vi\u00ean ch\u1eb7t ch\u1ebd v\u00e0 hi\u1ec7u qu\u1ea3.<\/p>\n\n\n\n<figure class=\"wp-block-image size-full\"><img data-recalc-dims=\"1\" fetchpriority=\"high\" decoding=\"async\" width=\"750\" height=\"541\" data-attachment-id=\"2955\" data-permalink=\"https:\/\/shinad.vn\/index.php\/the-sinh-vien\/studentcard\/\" data-orig-file=\"https:\/\/i0.wp.com\/shinad.vn\/wp-content\/uploads\/2025\/07\/StudentCard.jpg?fit=1024%2C739&amp;ssl=1\" data-orig-size=\"1024,739\" data-comments-opened=\"1\" data-image-meta=\"{&quot;aperture&quot;:&quot;0&quot;,&quot;credit&quot;:&quot;&quot;,&quot;camera&quot;:&quot;&quot;,&quot;caption&quot;:&quot;&quot;,&quot;created_timestamp&quot;:&quot;0&quot;,&quot;copyright&quot;:&quot;&quot;,&quot;focal_length&quot;:&quot;0&quot;,&quot;iso&quot;:&quot;0&quot;,&quot;shutter_speed&quot;:&quot;0&quot;,&quot;title&quot;:&quot;&quot;,&quot;orientation&quot;:&quot;0&quot;}\" data-image-title=\"StudentCard\" data-image-description=\"\" data-image-caption=\"\" data-large-file=\"https:\/\/i0.wp.com\/shinad.vn\/wp-content\/uploads\/2025\/07\/StudentCard.jpg?fit=750%2C541&amp;ssl=1\" src=\"https:\/\/i0.wp.com\/shinad.vn\/wp-content\/uploads\/2025\/07\/StudentCard.jpg?resize=750%2C541&#038;ssl=1\" alt=\"\" class=\"wp-image-2955\" srcset=\"https:\/\/i0.wp.com\/shinad.vn\/wp-content\/uploads\/2025\/07\/StudentCard.jpg?w=1024&amp;ssl=1 1024w, https:\/\/i0.wp.com\/shinad.vn\/wp-content\/uploads\/2025\/07\/StudentCard.jpg?resize=300%2C217&amp;ssl=1 300w, https:\/\/i0.wp.com\/shinad.vn\/wp-content\/uploads\/2025\/07\/StudentCard.jpg?resize=768%2C554&amp;ssl=1 768w\" sizes=\"(max-width: 750px) 100vw, 750px\" \/><\/figure>\n\n\n\n<p class=\"has-text-align-center\"><em>T\u1ed1i \u01b0u quy tr\u00ecnh c\u1ea5p th\u1ebb sinh vi\u00ean v\u1edbi gi\u1ea3i ph\u00e1p \u0111\u1ed3ng b\u1ed9, hi\u1ec7n \u0111\u1ea1i v\u00e0 linh ho\u1ea1t<\/em><\/p>\n\n\n\n<p>Ngo\u00e0i ra, v\u1edbi Gi\u1ea3i ph\u00e1p <strong><a href=\"https:\/\/shinad.vn\/index.php\/giai-phap-the-nhua\/\">in th\u1ebb nh\u1ef1a t\u1ea1i ch\u1ed7<\/a><\/strong> \u2013 Nhanh ch\u00f3ng &amp; linh ho\u1ea1t, c\u00e1c \u0111\u01a1n v\u1ecb \u0111\u00e0o t\u1ea1o c\u00f3 \u0111\u01b0\u1ee3c:<br>\u2728 <strong>M\u00e1y in hi\u1ec7n \u0111\u1ea1i<\/strong>, chi ph\u00ed \u0111\u1ea7u t\u01b0 th\u1ea5p, hi\u1ec7u qu\u1ea3 cao.<br>\u2728 In th\u1ebb tr\u1ef1c ti\u1ebfp <strong>t\u1ea1i v\u0103n ph\u00f2ng<\/strong>\/tr\u01b0\u1eddng h\u1ecdc<br>\u2728 <strong>T\u00f9y ch\u1ec9nh thi\u1ebft k\u1ebf<\/strong> theo t\u1eebng \u0111\u1ee3t tuy\u1ec3n sinh<br>\u2728 <strong>Ti\u1ebft ki\u1ec7m<\/strong> th\u1eddi gian \u2013 ch\u1ee7 \u0111\u1ed9ng s\u1ed1 l\u01b0\u1ee3ng \u2013 in theo nhu c\u1ea7u<\/p>\n\n\n\n<hr class=\"wp-block-separator has-alpha-channel-opacity\"\/>\n\n\n\n<p class=\"has-text-align-center\"><strong>C\u00c1C LO\u1ea0I TH\u1eba TH\u00d4NG D\u1ee4NG TRONG TR\u01af\u1edcNG H\u1eccC<\/strong><\/p>\n\n\n\n<ul class=\"wp-block-list\">\n<li>Th\u1ebb Sinh vi\u00ean <em>(d\u00f9ng trong c\u00e1c tr\u01b0\u1eddng \u0110\u1ea1i h\u1ecdc, Cao \u0111\u1eb3ng, Trung h\u1ecdc, &#8230;.)<\/em><\/li>\n\n\n\n<li>Th\u1ebb H\u1ecdc Sinh <em>(d\u00f9ng trong c\u00e1c tr\u01b0\u1eddng Ti\u1ec3u h\u1ecdc, THPT,&#8230;..)<\/em><\/li>\n\n\n\n<li>Th\u1ebb Gi\u00e1o vi\u00ean, Th\u1ebb Gi\u1ea3ng vi\u00ean, Th\u1ebb B\u1ea3o m\u1eabu<\/li>\n\n\n\n<li>Th\u1ebb Th\u01b0 vi\u1ec7n, Th\u1ebb c\u0103n tin <em>(c\u00f3 th\u1ec3 t\u00edch h\u1ee3p \u1ee9ng d\u1ee5ng d\u00f9ng nh\u01b0 th\u1ebb thanh to\u00e1n tr\u1ea3 tr\u01b0\u1edbc)<\/em><\/li>\n\n\n\n<li>Th\u1ebb \u0111\u00f3n tr\u1ebb <em>(d\u00e0nh cho c\u00e1c tr\u01b0\u1eddng M\u1ea7m non, Ti\u1ec1u H\u1ecdc)<\/em><\/li>\n\n\n\n<li>Th\u1ebb gi\u1eef xe<\/li>\n\n\n\n<li>B\u1ed9 d\u00e2y v\u00e0 bao \u0111eo th\u1ebb<\/li>\n<\/ul>\n\n\n\n<hr class=\"wp-block-separator has-alpha-channel-opacity\"\/>\n\n\n\n<p>\ud83d\udcde <mark style=\"background-color:rgba(0, 0, 0, 0)\" class=\"has-inline-color has-accent-color\"><a href=\"https:\/\/www.facebook.com\/inthenhuashinad\/\">Li\u00ean h\u1ec7 ngay <strong>SHINAD<\/strong><\/a> \u0111\u1ec3 \u0111\u01b0\u1ee3c t\u01b0 v\u1ea5n tr\u1ecdn g\u00f3i: Thi\u1ebft k\u1ebf \u2013 In \u1ea5n \u2013 Cung c\u1ea5p m\u00e1y in th\u1ebb nh\u1ef1a ch\u00ednh h\u00e3ng.<\/mark><\/p>\n\n\n\n<p><\/p>\n","protected":false},"excerpt":{"rendered":"<p>TH\u1eba NH\u1ef0A H\u1eccC SINH &#8211; SINH VI\u00caN GI\u1ea2I PH\u00c1P QU\u1ea2N L\u00dd TH\u00d4NG MINH CHO C\u00c1C TR\u01af\u1edcNG H\u1eccC Th\u1ebb h\u1ecdc sinh \u2013 sinh vi\u00ean\u00a0l\u00e0 m\u1ed9t d\u1ea1ng th\u1ebb nh\u1eadn di\u1ec7n d\u00f9ng trong tr\u01b0\u1eddng h\u1ecdc, d\u00e0nh cho c\u00e1c h\u1ecdc vi\u00ean. Ngo\u00e0i c\u00f4ng d\u1ee5ng l\u01b0u tr\u1eef th\u00f4ng tin c\u00e1 nh\u00e2n v\u00e0 th\u00f4ng tin v\u1ec1 [&hellip;]<\/p>\n","protected":false},"author":1,"featured_media":0,"parent":0,"menu_order":0,"comment_status":"closed","ping_status":"closed","template":"","meta":{"footnotes":""},"class_list":["post-2938","page","type-page","status-publish","hentry"],"yoast_head":"<!-- This site is optimized with the Yoast SEO plugin v27.4 - https:\/\/yoast.com\/product\/yoast-seo-wordpress\/ -->\n<title>In Th\u1ebb H\u1ecdc Sinh - Sinh Vi\u00ean<\/title>\n<meta name=\"description\" content=\"SHINAD cung c\u1ea5p gi\u1ea3i ph\u00e1p in \u1ea5n th\u1ebb h\u1ecdc sinh sinh vi\u00ean, t\u1eeb thi\u1ebft k\u1ebf, in \u1ea5n, \u0111\u1ebfn cung c\u1ea5p tr\u1ecdn g\u00f3i gi\u1ea3i ph\u00e1p in t\u1eeb m\u00e1y in \u0111\u1ebfn v\u1eadt t\u01b0 in \u1ea5n t\u1ea1i ch\u1ed7.\" \/>\n<meta name=\"robots\" content=\"index, follow, max-snippet:-1, max-image-preview:large, max-video-preview:-1\" \/>\n<link rel=\"canonical\" href=\"https:\/\/shinad.vn\/index.php\/the-sinh-vien\/\" \/>\n<meta property=\"og:locale\" content=\"vi_VN\" \/>\n<meta property=\"og:type\" content=\"article\" \/>\n<meta property=\"og:title\" content=\"In Th\u1ebb H\u1ecdc Sinh - Sinh Vi\u00ean\" \/>\n<meta property=\"og:description\" content=\"SHINAD cung c\u1ea5p gi\u1ea3i ph\u00e1p in \u1ea5n th\u1ebb h\u1ecdc sinh sinh vi\u00ean, t\u1eeb thi\u1ebft k\u1ebf, in \u1ea5n, \u0111\u1ebfn cung c\u1ea5p tr\u1ecdn g\u00f3i gi\u1ea3i ph\u00e1p in t\u1eeb m\u00e1y in \u0111\u1ebfn v\u1eadt t\u01b0 in \u1ea5n t\u1ea1i ch\u1ed7.\" \/>\n<meta property=\"og:url\" content=\"https:\/\/shinad.vn\/index.php\/the-sinh-vien\/\" \/>\n<meta property=\"article:publisher\" content=\"https:\/\/www.facebook.com\/shinad.vn\" \/>\n<meta property=\"article:modified_time\" content=\"2025-07-17T06:31:47+00:00\" \/>\n<meta property=\"og:image\" content=\"https:\/\/shinad.vn\/wp-content\/uploads\/2025\/07\/StudentCard.jpg\" \/>\n<meta name=\"twitter:card\" content=\"summary_large_image\" \/>\n<meta name=\"twitter:label1\" content=\"\u01af\u1edbc t\u00ednh th\u1eddi gian \u0111\u1ecdc\" \/>\n\t<meta name=\"twitter:data1\" content=\"2 ph\u00fat\" \/>\n<script type=\"application\/ld+json\" class=\"yoast-schema-graph\">{\"@context\":\"https:\\\/\\\/schema.org\",\"@graph\":[{\"@type\":\"WebPage\",\"@id\":\"https:\\\/\\\/shinad.vn\\\/index.php\\\/the-sinh-vien\\\/\",\"url\":\"https:\\\/\\\/shinad.vn\\\/index.php\\\/the-sinh-vien\\\/\",\"name\":\"In Th\u1ebb H\u1ecdc Sinh - Sinh Vi\u00ean\",\"isPartOf\":{\"@id\":\"https:\\\/\\\/shinad.vn\\\/#website\"},\"primaryImageOfPage\":{\"@id\":\"https:\\\/\\\/shinad.vn\\\/index.php\\\/the-sinh-vien\\\/#primaryimage\"},\"image\":{\"@id\":\"https:\\\/\\\/shinad.vn\\\/index.php\\\/the-sinh-vien\\\/#primaryimage\"},\"thumbnailUrl\":\"https:\\\/\\\/shinad.vn\\\/wp-content\\\/uploads\\\/2025\\\/07\\\/StudentCard.jpg\",\"datePublished\":\"2025-07-17T04:08:11+00:00\",\"dateModified\":\"2025-07-17T06:31:47+00:00\",\"description\":\"SHINAD cung c\u1ea5p gi\u1ea3i ph\u00e1p in \u1ea5n th\u1ebb h\u1ecdc sinh sinh vi\u00ean, t\u1eeb thi\u1ebft k\u1ebf, in \u1ea5n, \u0111\u1ebfn cung c\u1ea5p tr\u1ecdn g\u00f3i gi\u1ea3i ph\u00e1p in t\u1eeb m\u00e1y in \u0111\u1ebfn v\u1eadt t\u01b0 in \u1ea5n t\u1ea1i ch\u1ed7.\",\"breadcrumb\":{\"@id\":\"https:\\\/\\\/shinad.vn\\\/index.php\\\/the-sinh-vien\\\/#breadcrumb\"},\"inLanguage\":\"vi\",\"potentialAction\":[{\"@type\":\"ReadAction\",\"target\":[\"https:\\\/\\\/shinad.vn\\\/index.php\\\/the-sinh-vien\\\/\"]}]},{\"@type\":\"ImageObject\",\"inLanguage\":\"vi\",\"@id\":\"https:\\\/\\\/shinad.vn\\\/index.php\\\/the-sinh-vien\\\/#primaryimage\",\"url\":\"https:\\\/\\\/i0.wp.com\\\/shinad.vn\\\/wp-content\\\/uploads\\\/2025\\\/07\\\/StudentCard.jpg?fit=1024%2C739&ssl=1\",\"contentUrl\":\"https:\\\/\\\/i0.wp.com\\\/shinad.vn\\\/wp-content\\\/uploads\\\/2025\\\/07\\\/StudentCard.jpg?fit=1024%2C739&ssl=1\",\"width\":1024,\"height\":739},{\"@type\":\"BreadcrumbList\",\"@id\":\"https:\\\/\\\/shinad.vn\\\/index.php\\\/the-sinh-vien\\\/#breadcrumb\",\"itemListElement\":[{\"@type\":\"ListItem\",\"position\":1,\"name\":\"Trang ch\u1ee7\",\"item\":\"https:\\\/\\\/shinad.vn\\\/\"},{\"@type\":\"ListItem\",\"position\":2,\"name\":\"Gi\u1ea3i Ph\u00e1p Th\u1ebb Tr\u01b0\u1eddng H\u1ecdc\"}]},{\"@type\":\"WebSite\",\"@id\":\"https:\\\/\\\/shinad.vn\\\/#website\",\"url\":\"https:\\\/\\\/shinad.vn\\\/\",\"name\":\"www.shinad.vn\",\"description\":\"\",\"publisher\":{\"@id\":\"https:\\\/\\\/shinad.vn\\\/#organization\"},\"potentialAction\":[{\"@type\":\"SearchAction\",\"target\":{\"@type\":\"EntryPoint\",\"urlTemplate\":\"https:\\\/\\\/shinad.vn\\\/?s={search_term_string}\"},\"query-input\":{\"@type\":\"PropertyValueSpecification\",\"valueRequired\":true,\"valueName\":\"search_term_string\"}}],\"inLanguage\":\"vi\"},{\"@type\":\"Organization\",\"@id\":\"https:\\\/\\\/shinad.vn\\\/#organization\",\"name\":\"C\u00f4ng ty c\u1ed5 ph\u1ea7n \u0111\u1ea7u t\u01b0 th\u01b0\u01a1ng m\u1ea1i qu\u1ea3ng c\u00e1o Shinad\",\"url\":\"https:\\\/\\\/shinad.vn\\\/\",\"logo\":{\"@type\":\"ImageObject\",\"inLanguage\":\"vi\",\"@id\":\"https:\\\/\\\/shinad.vn\\\/#\\\/schema\\\/logo\\\/image\\\/\",\"url\":\"https:\\\/\\\/i0.wp.com\\\/shinad.vn\\\/wp-content\\\/uploads\\\/2020\\\/04\\\/cropped-Logo-SHINAD-ngang-3.png?fit=378%2C101&ssl=1\",\"contentUrl\":\"https:\\\/\\\/i0.wp.com\\\/shinad.vn\\\/wp-content\\\/uploads\\\/2020\\\/04\\\/cropped-Logo-SHINAD-ngang-3.png?fit=378%2C101&ssl=1\",\"width\":378,\"height\":101,\"caption\":\"C\u00f4ng ty c\u1ed5 ph\u1ea7n \u0111\u1ea7u t\u01b0 th\u01b0\u01a1ng m\u1ea1i qu\u1ea3ng c\u00e1o Shinad\"},\"image\":{\"@id\":\"https:\\\/\\\/shinad.vn\\\/#\\\/schema\\\/logo\\\/image\\\/\"},\"sameAs\":[\"https:\\\/\\\/www.facebook.com\\\/shinad.vn\"]}]}<\/script>\n<!-- \/ Yoast SEO plugin. -->","yoast_head_json":{"title":"In Th\u1ebb H\u1ecdc Sinh - Sinh Vi\u00ean","description":"SHINAD cung c\u1ea5p gi\u1ea3i ph\u00e1p in \u1ea5n th\u1ebb h\u1ecdc sinh sinh vi\u00ean, t\u1eeb thi\u1ebft k\u1ebf, in \u1ea5n, \u0111\u1ebfn cung c\u1ea5p tr\u1ecdn g\u00f3i gi\u1ea3i ph\u00e1p in t\u1eeb m\u00e1y in \u0111\u1ebfn v\u1eadt t\u01b0 in \u1ea5n t\u1ea1i ch\u1ed7.","robots":{"index":"index","follow":"follow","max-snippet":"max-snippet:-1","max-image-preview":"max-image-preview:large","max-video-preview":"max-video-preview:-1"},"canonical":"https:\/\/shinad.vn\/index.php\/the-sinh-vien\/","og_locale":"vi_VN","og_type":"article","og_title":"In Th\u1ebb H\u1ecdc Sinh - Sinh Vi\u00ean","og_description":"SHINAD cung c\u1ea5p gi\u1ea3i ph\u00e1p in \u1ea5n th\u1ebb h\u1ecdc sinh sinh vi\u00ean, t\u1eeb thi\u1ebft k\u1ebf, in \u1ea5n, \u0111\u1ebfn cung c\u1ea5p tr\u1ecdn g\u00f3i gi\u1ea3i ph\u00e1p in t\u1eeb m\u00e1y in \u0111\u1ebfn v\u1eadt t\u01b0 in \u1ea5n t\u1ea1i ch\u1ed7.","og_url":"https:\/\/shinad.vn\/index.php\/the-sinh-vien\/","article_publisher":"https:\/\/www.facebook.com\/shinad.vn","article_modified_time":"2025-07-17T06:31:47+00:00","og_image":[{"url":"https:\/\/shinad.vn\/wp-content\/uploads\/2025\/07\/StudentCard.jpg","type":"","width":"","height":""}],"twitter_card":"summary_large_image","twitter_misc":{"\u01af\u1edbc t\u00ednh th\u1eddi gian \u0111\u1ecdc":"2 ph\u00fat"},"schema":{"@context":"https:\/\/schema.org","@graph":[{"@type":"WebPage","@id":"https:\/\/shinad.vn\/index.php\/the-sinh-vien\/","url":"https:\/\/shinad.vn\/index.php\/the-sinh-vien\/","name":"In Th\u1ebb H\u1ecdc Sinh - Sinh Vi\u00ean","isPartOf":{"@id":"https:\/\/shinad.vn\/#website"},"primaryImageOfPage":{"@id":"https:\/\/shinad.vn\/index.php\/the-sinh-vien\/#primaryimage"},"image":{"@id":"https:\/\/shinad.vn\/index.php\/the-sinh-vien\/#primaryimage"},"thumbnailUrl":"https:\/\/shinad.vn\/wp-content\/uploads\/2025\/07\/StudentCard.jpg","datePublished":"2025-07-17T04:08:11+00:00","dateModified":"2025-07-17T06:31:47+00:00","description":"SHINAD cung c\u1ea5p gi\u1ea3i ph\u00e1p in \u1ea5n th\u1ebb h\u1ecdc sinh sinh vi\u00ean, t\u1eeb thi\u1ebft k\u1ebf, in \u1ea5n, \u0111\u1ebfn cung c\u1ea5p tr\u1ecdn g\u00f3i gi\u1ea3i ph\u00e1p in t\u1eeb m\u00e1y in \u0111\u1ebfn v\u1eadt t\u01b0 in \u1ea5n t\u1ea1i ch\u1ed7.","breadcrumb":{"@id":"https:\/\/shinad.vn\/index.php\/the-sinh-vien\/#breadcrumb"},"inLanguage":"vi","potentialAction":[{"@type":"ReadAction","target":["https:\/\/shinad.vn\/index.php\/the-sinh-vien\/"]}]},{"@type":"ImageObject","inLanguage":"vi","@id":"https:\/\/shinad.vn\/index.php\/the-sinh-vien\/#primaryimage","url":"https:\/\/i0.wp.com\/shinad.vn\/wp-content\/uploads\/2025\/07\/StudentCard.jpg?fit=1024%2C739&ssl=1","contentUrl":"https:\/\/i0.wp.com\/shinad.vn\/wp-content\/uploads\/2025\/07\/StudentCard.jpg?fit=1024%2C739&ssl=1","width":1024,"height":739},{"@type":"BreadcrumbList","@id":"https:\/\/shinad.vn\/index.php\/the-sinh-vien\/#breadcrumb","itemListElement":[{"@type":"ListItem","position":1,"name":"Trang ch\u1ee7","item":"https:\/\/shinad.vn\/"},{"@type":"ListItem","position":2,"name":"Gi\u1ea3i Ph\u00e1p Th\u1ebb Tr\u01b0\u1eddng H\u1ecdc"}]},{"@type":"WebSite","@id":"https:\/\/shinad.vn\/#website","url":"https:\/\/shinad.vn\/","name":"www.shinad.vn","description":"","publisher":{"@id":"https:\/\/shinad.vn\/#organization"},"potentialAction":[{"@type":"SearchAction","target":{"@type":"EntryPoint","urlTemplate":"https:\/\/shinad.vn\/?s={search_term_string}"},"query-input":{"@type":"PropertyValueSpecification","valueRequired":true,"valueName":"search_term_string"}}],"inLanguage":"vi"},{"@type":"Organization","@id":"https:\/\/shinad.vn\/#organization","name":"C\u00f4ng ty c\u1ed5 ph\u1ea7n \u0111\u1ea7u t\u01b0 th\u01b0\u01a1ng m\u1ea1i qu\u1ea3ng c\u00e1o Shinad","url":"https:\/\/shinad.vn\/","logo":{"@type":"ImageObject","inLanguage":"vi","@id":"https:\/\/shinad.vn\/#\/schema\/logo\/image\/","url":"https:\/\/i0.wp.com\/shinad.vn\/wp-content\/uploads\/2020\/04\/cropped-Logo-SHINAD-ngang-3.png?fit=378%2C101&ssl=1","contentUrl":"https:\/\/i0.wp.com\/shinad.vn\/wp-content\/uploads\/2020\/04\/cropped-Logo-SHINAD-ngang-3.png?fit=378%2C101&ssl=1","width":378,"height":101,"caption":"C\u00f4ng ty c\u1ed5 ph\u1ea7n \u0111\u1ea7u t\u01b0 th\u01b0\u01a1ng m\u1ea1i qu\u1ea3ng c\u00e1o Shinad"},"image":{"@id":"https:\/\/shinad.vn\/#\/schema\/logo\/image\/"},"sameAs":["https:\/\/www.facebook.com\/shinad.vn"]}]}},"jetpack_sharing_enabled":true,"_links":{"self":[{"href":"https:\/\/shinad.vn\/index.php\/wp-json\/wp\/v2\/pages\/2938","targetHints":{"allow":["GET"]}}],"collection":[{"href":"https:\/\/shinad.vn\/index.php\/wp-json\/wp\/v2\/pages"}],"about":[{"href":"https:\/\/shinad.vn\/index.php\/wp-json\/wp\/v2\/types\/page"}],"author":[{"embeddable":true,"href":"https:\/\/shinad.vn\/index.php\/wp-json\/wp\/v2\/users\/1"}],"replies":[{"embeddable":true,"href":"https:\/\/shinad.vn\/index.php\/wp-json\/wp\/v2\/comments?post=2938"}],"version-history":[{"count":6,"href":"https:\/\/shinad.vn\/index.php\/wp-json\/wp\/v2\/pages\/2938\/revisions"}],"predecessor-version":[{"id":2958,"href":"https:\/\/shinad.vn\/index.php\/wp-json\/wp\/v2\/pages\/2938\/revisions\/2958"}],"wp:attachment":[{"href":"https:\/\/shinad.vn\/index.php\/wp-json\/wp\/v2\/media?parent=2938"}],"curies":[{"name":"wp","href":"https:\/\/api.w.org\/{rel}","templated":true}]}}