{"id":185,"date":"2020-04-25T21:03:02","date_gmt":"2020-04-25T14:03:02","guid":{"rendered":"http:\/\/shinad.vn\/?page_id=185"},"modified":"2025-07-31T15:41:10","modified_gmt":"2025-07-31T08:41:10","slug":"ve-shinad","status":"publish","type":"page","link":"https:\/\/shinad.vn\/index.php\/ve-shinad\/","title":{"rendered":"V\u1ec0 SHINAD"},"content":{"rendered":"\n<h5 class=\"wp-block-heading has-text-align-left\"><strong>TH\u01af NG\u1ece<\/strong><\/h5>\n\n\n\n<p class=\"has-text-align-justify\">L\u1eddi \u0111\u1ea7u ti\u00ean, C\u00f4ng ty c\u1ed5 ph\u1ea7n \u0110\u1ea7u t\u01b0 Th\u01b0\u01a1ng m\u1ea1i Qu\u1ea3ng c\u00e1o Shinad xin g\u1eedi l\u1eddi ch\u00e0o tr\u00e2n tr\u1ecdng v\u00e0 ch\u00fac th\u00e0nh c\u00f4ng \u0111\u1ebfn Qu\u00fd \u0111\u1ed1i t\u00e1c v\u00e0 Kh\u00e1ch h\u00e0ng.<\/p>\n\n\n\n<p class=\"has-text-align-justify\">Ng\u00e0y nay, v\u1edbi s\u1ef1 ph\u00e1t tri\u1ec3n m\u1ea1nh c\u1ee7a n\u1ec1n kinh t\u1ebf th\u1ecb tr\u01b0\u1eddng, kh\u00e1ch h\u00e0ng ng\u00e0y c\u00e0ng c\u00f3 nhi\u1ec1u s\u1ef1 l\u1ef1a ch\u1ecdn cho nhu c\u1ea7u m\u00ecnh. Vi\u1ec7c \u0111\u01b0\u1ee3c l\u1ef1a ch\u1ecdn v\u00e0 s\u1ef1 t\u00edn nhi\u1ec7m c\u1ee7a kh\u00e1ch h\u00e0ng lu\u00f4n l\u00e0 b\u00e0i to\u00e1n ch\u00fa tr\u1ecdng h\u00e0ng \u0111\u1ea7u trong c\u00f4ng t\u00e1c b\u00e1n h\u00e0ng c\u1ee7a c\u00e1c doanh nghi\u1ec7p. B\u00ean c\u1ea1nh vi\u1ec7c gia t\u0103ng ch\u1ea5t l\u01b0\u1ee3ng s\u1ea3n ph\u1ea9m, c\u00e1c ch\u01b0\u01a1ng tr\u00ecnh d\u1ecbch v\u1ee5 h\u1eadu m\u00e3i c\u0169ng kh\u00f4ng k\u00e9m ph\u1ea7n quan tr\u1ecdng, ch\u1ee9ng t\u1ecf b\u1eb1ng vi\u1ec7c c\u00e1c doanh nghi\u1ec7p \u0111ang gi\u00e0nh t\u1ef7 l\u1ec7 ng\u00e2n s\u00e1ch marketing ng\u00e0y c\u00e0ng t\u0103ng. Ngo\u00e0i c\u00e1c ch\u01b0\u01a1ng tr\u00ecnh qu\u1ea3ng c\u00e1o ti\u1ebfp th\u1ecb, h\u1ed7 tr\u1ee3 b\u00e1n h\u00e0ng v\u00e0 sau b\u00e1n h\u00e0ng, ch\u01b0\u01a1ng tr\u00ecnh marketing b\u1eb1ng&nbsp;<a href=\"https:\/\/shinad.vn\/index.php\/qua-tang-doanh-nghiep\/\" target=\"_blank\" rel=\"noreferrer noopener\">Qu\u00e0 t\u1eb7ng doanh nghi\u1ec7p<\/a>&nbsp;c\u0169ng ng\u00e0y c\u00e0ng \u0111\u01b0\u1ee3c s\u1eed d\u1ee5ng ch\u00ednh v\u00e0 \u0111\u01b0\u1ee3c xem l\u00e0 c\u00f4ng c\u1ee5 hi\u1ec7u qu\u1ea3 \u0111\u1ec3 qu\u1ea3ng b\u00e1 th\u01b0\u01a1ng hi\u1ec7u, ti\u1ebfp c\u1eadn v\u00e0 gi\u1eef ch\u00e2n kh\u00e1ch h\u00e0ng.<\/p>\n\n\n\n<p class=\"has-text-align-justify\">Ra \u0111\u1eddi v\u1edbi s\u1ee9 m\u1ec7nh&nbsp;<strong>\u201ccung c\u1ea5p c\u00e1c s\u1ea3n ph\u1ea9m d\u1ecbch v\u1ee5 ti\u1ebfp th\u1ecb s\u00e1ng t\u1ea1o, kh\u00e1c bi\u1ec7t, hi\u1ec7u qu\u1ea3 nh\u1ea5t\u201d<\/strong>, SHINAD mong mu\u1ed1n \u0111\u1ed3ng h\u00e0nh c\u00f9ng Qu\u00fd Doanh nghi\u1ec7p<strong>,&nbsp;<\/strong>cung c\u1ea5p cho Qu\u00fd Doanh nghi\u1ec7p c\u00e1c s\u1ea3n ph\u1ea9m d\u1ecbch v\u1ee5 hi\u1ec7u qu\u1ea3 nh\u1ea5t trong vi\u1ec7c k\u1ebft n\u1ed1i v\u00e0 duy tr\u00ec l\u00f2ng tin v\u1edbi kh\u00e1ch h\u00e0ng.<\/p>\n\n\n\n<div style=\"height:18px\" aria-hidden=\"true\" class=\"wp-block-spacer\"><\/div>\n\n\n\n<h6 class=\"wp-block-heading has-text-align-justify\">C\u00e1c s\u1ea3n ph\u1ea9m \u2013 gi\u1ea3i ph\u00e1p ch\u00ednh c\u1ee7a SHINAD nh\u01b0:<\/h6>\n\n\n\n<blockquote class=\"wp-block-quote is-layout-flow wp-block-quote-is-layout-flow\">\n<p class=\"has-text-align-justify\"><em><strong>Qu\u00e0 t\u1eb7ng doanh nghi\u1ec7p<\/strong>: \u0110\u01b0\u1ee3c nh\u1eadn k\u00e8m m\u00f3n qu\u00e0 khi mua s\u1ea3n ph\u1ea9m s\u1ebd l\u00e0 ni\u1ec1m vui c\u1ee7a r\u1ea5t nhi\u1ec1u ng\u01b0\u1eddi. Theo nh\u01b0 th\u1ed1ng k\u00ea c\u1ee7a Hi\u1ec7p h\u1ed9i&nbsp;<a href=\"https:\/\/www.ppai.org\/\" target=\"_blank\" rel=\"noreferrer noopener\">PPAI (Promotional Products Association<\/a><a href=\"https:\/\/www.ppai.org\/\"> International)<\/a>, doanh s\u1ed1 c\u00f3 th\u1ec3 \u0111\u01b0\u1ee3c \u0111\u1ea9y l\u00ean \u0111\u1ebfn 20% n\u1ebfu s\u1eed d\u1ee5ng qu\u00e0 t\u1eb7ng khuy\u1ebfn m\u00e3i, c\u00e1c qu\u00e0 t\u1eb7ng nh\u01b0: S\u1ed5 ghi ch\u00e9p, b\u00fat vi\u1ebft, USB, pin s\u1ea1c d\u1ef1 ph\u00f2ng, b\u00ecnh n\u01b0\u1edbc gi\u1eef nhi\u1ec7t, n\u00f3n, ly in h\u00ecnh \u1ea3nh, ba l\u00f4, \u2026<\/em><\/p>\n<\/blockquote>\n\n\n\n<blockquote class=\"wp-block-quote is-layout-flow wp-block-quote-is-layout-flow\">\n<p class=\"has-text-align-justify\"><em><strong>S\u1ea3n ph\u1ea9m In \u1ea5n v\u00e0 POSM:&nbsp;<\/strong>In \u1ea5n kh\u00f4ng \u0111\u01a1n thu\u1ea7n ch\u1ec9 l\u00e0 in h\u00ecnh \u1ea3nh l\u00ean b\u1ec1 m\u1eb7t v\u1eadt ph\u1ea9m m\u00e0 l\u00e0 c\u1ea3 qu\u00e1 tr\u00ecnh \u0111\u1ea7u t\u01b0 t\u1eeb ph\u1ea7n s\u00e1ng t\u1ea1o, thi\u1ebft k\u1ebf, \u0111\u1ebfn l\u1ef1a ch\u1ecdn ph\u01b0\u01a1ng ph\u00e1p in hi\u1ec7u qu\u1ea3 nh\u1ea5t cho m\u1ed7i s\u1ea3n ph\u1ea9m \u0111\u1ec3 t\u00f4n l\u00ean s\u1ef1 sang tr\u1ecdng v\u00e0 t\u00f4n tr\u1ecdng trao \u0111\u1ebfn \u0111\u1ed1i t\u00e1c v\u00e0 kh\u00e1ch h\u00e0ng. Nh\u1eefng s\u1ea3n ph\u1ea9m in \u1ea5n t\u1ea1i Shinad bao g\u1ed3m: in brochure, catolog, in tr\u00ean t\u00fai x\u00e1ch, bao b\u00ec, h\u1ed9p \u0111\u1ef1ng s\u1ea3n ph\u1ea9m, \u2026<\/em><\/p>\n<\/blockquote>\n\n\n\n<blockquote class=\"wp-block-quote is-layout-flow wp-block-quote-is-layout-flow\">\n<p class=\"has-text-align-justify\"><em><strong>Gi\u1ea3i ph\u00e1p in th\u1ebb nh\u1ef1a:<\/strong>&nbsp;L\u00e0 nh\u1eefng s\u1ea3n ph\u1ea9m th\u1ebb nh\u1ef1a nh\u1ecf g\u1ecdn, ti\u1ec7n d\u1ee5ng \u0111\u01b0\u1ee3c d\u00f9ng trong h\u1ea7u h\u1ebft c\u00e1c l\u0129nh v\u1ef1c hi\u1ec7n nay nh\u01b0: T\u00e0i ch\u00ednh \u2013 Ng\u00e2n h\u00e0ng (th\u1ebb ATM, th\u1ebb li\u00ean k\u1ebft\u2026), Doanh nghi\u1ec7p \u2013 B\u00e1n l\u1ebb (th\u1ebb ID, th\u1ebb membership, th\u1ebb gi\u1eef xe,\u2026), Gi\u00e1o d\u1ee5c (th\u1ebb sinh vi\u00ean, th\u1ebb th\u01b0 vi\u1ec7n,\u2026)\u2026<\/em><\/p>\n<\/blockquote>\n\n\n\n<p class=\"has-text-align-justify\">B\u1eb1ng t\u00e2m huy\u1ebft, kh\u00e1t v\u1ecdng v\u00e0 n\u1ed7 l\u1ef1c kh\u00f4ng ng\u1eebng s\u00e1ng t\u1ea1o, SHINAD v\u1edbi tri\u1ebft l\u00fd kinh doanh xem kh\u00e1ch h\u00e0ng l\u00e0 tr\u00ean h\u1ebft c\u00f9ng \u0110\u1ed9i ng\u0169 nh\u00e2n vi\u00ean chuy\u00ean nghi\u1ec7p s\u1ebd cam k\u1ebft \u0111em \u0111\u1ebfn cho Qu\u00fd Doanh nghi\u1ec7p nh\u1eefng quy\u1ebft \u0111\u1ecbnh hi\u1ec7u qu\u1ea3 nh\u1ea5t.<\/p>\n\n\n\n<p>Xin ch\u00e2n th\u00e0nh c\u1ea3m \u01a1n.<\/p>\n\n\n\n<hr class=\"wp-block-separator has-alpha-channel-opacity\"\/>\n\n\n\n<p><mark style=\"background-color:rgba(0, 0, 0, 0);color:#e81e1e\" class=\"has-inline-color\"><strong>C\u00d4NG TY C\u1ed4 PH\u1ea6N \u0110\u1ea6U T\u01af TH\u01af\u01a0NG M\u1ea0I QU\u1ea2NG C\u00c1O SHINAD<\/strong><br><strong>\u0110\u1ecba ch\u1ec9:<\/strong>&nbsp;53 T\u00e2n Qu\u00fd, P T\u00e2n Qu\u00fd, Q T\u00e2n Ph\u00fa, TP H\u1ed3 Ch\u00ed Minh<br><\/mark><mark style=\"background-color:rgba(0, 0, 0, 0);color:#e90707\" class=\"has-inline-color\"><strong>VPKD: <\/strong>104 \u0110\u01b0\u1eddng s\u1ed1 7, Cityland Center, Q G\u00f2 V\u1ea5p, TP H\u1ed3 Ch\u00ed Minh<br><\/mark><mark style=\"background-color:rgba(0, 0, 0, 0);color:#e81e1e\" class=\"has-inline-color\"><strong>MST:<\/strong>&nbsp;0315947919<br><strong>\u0110i\u1ec7n tho\u1ea1i:<\/strong>&nbsp;0833.889.788<br><strong>Email:<\/strong>&nbsp;info@shinad.vn<br><strong>Facebook: <\/strong>Shinad Advertising JSC<br><strong>Gi\u1edd l\u00e0m vi\u1ec7c: <\/strong>Th\u1ee9 2 \u2013 Th\u1ee9 7: 8:00 \u2013 17:00<\/mark><\/p>\n\n\n\n<figure class=\"wp-block-image size-large\"><img data-recalc-dims=\"1\" fetchpriority=\"high\" decoding=\"async\" width=\"750\" height=\"423\" data-attachment-id=\"2368\" data-permalink=\"https:\/\/shinad.vn\/index.php\/ve-shinad\/cover-1\/\" data-orig-file=\"https:\/\/i0.wp.com\/shinad.vn\/wp-content\/uploads\/2023\/08\/Cover-1.jpg?fit=1640%2C924&amp;ssl=1\" data-orig-size=\"1640,924\" data-comments-opened=\"1\" data-image-meta=\"{&quot;aperture&quot;:&quot;0&quot;,&quot;credit&quot;:&quot;&quot;,&quot;camera&quot;:&quot;&quot;,&quot;caption&quot;:&quot;&quot;,&quot;created_timestamp&quot;:&quot;0&quot;,&quot;copyright&quot;:&quot;&quot;,&quot;focal_length&quot;:&quot;0&quot;,&quot;iso&quot;:&quot;0&quot;,&quot;shutter_speed&quot;:&quot;0&quot;,&quot;title&quot;:&quot;&quot;,&quot;orientation&quot;:&quot;0&quot;}\" data-image-title=\"Cover-1\" data-image-description=\"\" data-image-caption=\"\" data-large-file=\"https:\/\/i0.wp.com\/shinad.vn\/wp-content\/uploads\/2023\/08\/Cover-1.jpg?fit=750%2C423&amp;ssl=1\" src=\"https:\/\/i0.wp.com\/shinad.vn\/wp-content\/uploads\/2023\/08\/Cover-1.jpg?resize=750%2C423&#038;ssl=1\" alt=\"\" class=\"wp-image-2368\" srcset=\"https:\/\/i0.wp.com\/shinad.vn\/wp-content\/uploads\/2023\/08\/Cover-1.jpg?resize=1024%2C577&amp;ssl=1 1024w, https:\/\/i0.wp.com\/shinad.vn\/wp-content\/uploads\/2023\/08\/Cover-1.jpg?resize=300%2C169&amp;ssl=1 300w, https:\/\/i0.wp.com\/shinad.vn\/wp-content\/uploads\/2023\/08\/Cover-1.jpg?resize=768%2C433&amp;ssl=1 768w, https:\/\/i0.wp.com\/shinad.vn\/wp-content\/uploads\/2023\/08\/Cover-1.jpg?resize=1536%2C865&amp;ssl=1 1536w, https:\/\/i0.wp.com\/shinad.vn\/wp-content\/uploads\/2023\/08\/Cover-1.jpg?w=1640&amp;ssl=1 1640w\" sizes=\"(max-width: 750px) 100vw, 750px\" \/><\/figure>\n\n\n\n<div style=\"height:19px\" aria-hidden=\"true\" class=\"wp-block-spacer\"><\/div>\n\n\n\n<p><\/p>\n","protected":false},"excerpt":{"rendered":"<p>TH\u01af NG\u1ece L\u1eddi \u0111\u1ea7u ti\u00ean, C\u00f4ng ty c\u1ed5 ph\u1ea7n \u0110\u1ea7u t\u01b0 Th\u01b0\u01a1ng m\u1ea1i Qu\u1ea3ng c\u00e1o Shinad xin g\u1eedi l\u1eddi ch\u00e0o tr\u00e2n tr\u1ecdng v\u00e0 ch\u00fac th\u00e0nh c\u00f4ng \u0111\u1ebfn Qu\u00fd \u0111\u1ed1i t\u00e1c v\u00e0 Kh\u00e1ch h\u00e0ng. Ng\u00e0y nay, v\u1edbi s\u1ef1 ph\u00e1t tri\u1ec3n m\u1ea1nh c\u1ee7a n\u1ec1n kinh t\u1ebf th\u1ecb tr\u01b0\u1eddng, kh\u00e1ch h\u00e0ng ng\u00e0y c\u00e0ng [&hellip;]<\/p>\n","protected":false},"author":1,"featured_media":0,"parent":0,"menu_order":0,"comment_status":"closed","ping_status":"closed","template":"","meta":{"footnotes":""},"class_list":["post-185","page","type-page","status-publish","hentry"],"yoast_head":"<!-- This site is optimized with the Yoast SEO plugin v27.4 - https:\/\/yoast.com\/product\/yoast-seo-wordpress\/ -->\n<title>GI\u1edaI THI\u1ec6U SHINAD<\/title>\n<meta name=\"description\" content=\"SHINAD JSC chuy\u00ean t\u01b0 v\u1ea5n, thi\u1ebft k\u1ebf, s\u1ea3n xu\u1ea5t, cung c\u1ea5p tr\u1ecdn g\u00f3i c\u00e1c gi\u1ea3i ph\u00e1p v\u1ec1 Qu\u00e0 T\u1eb7ng Doanh Nghi\u1ec7p, In \u1ea4n POSM, v\u00e0 Gi\u1ea3i Ph\u00e1p V\u0103n Ph\u00f2ng\" \/>\n<meta name=\"robots\" content=\"index, follow, max-snippet:-1, max-image-preview:large, max-video-preview:-1\" \/>\n<link rel=\"canonical\" href=\"https:\/\/shinad.vn\/index.php\/ve-shinad\/\" \/>\n<meta property=\"og:locale\" content=\"vi_VN\" \/>\n<meta property=\"og:type\" content=\"article\" \/>\n<meta property=\"og:title\" content=\"GI\u1edaI THI\u1ec6U SHINAD\" \/>\n<meta property=\"og:description\" content=\"SHINAD JSC chuy\u00ean t\u01b0 v\u1ea5n, thi\u1ebft k\u1ebf, s\u1ea3n xu\u1ea5t, cung c\u1ea5p tr\u1ecdn g\u00f3i c\u00e1c gi\u1ea3i ph\u00e1p v\u1ec1 Qu\u00e0 T\u1eb7ng Doanh Nghi\u1ec7p, In \u1ea4n POSM, v\u00e0 Gi\u1ea3i Ph\u00e1p V\u0103n Ph\u00f2ng\" \/>\n<meta property=\"og:url\" content=\"https:\/\/shinad.vn\/index.php\/ve-shinad\/\" \/>\n<meta property=\"article:publisher\" content=\"https:\/\/www.facebook.com\/shinad.vn\" \/>\n<meta property=\"article:modified_time\" content=\"2025-07-31T08:41:10+00:00\" \/>\n<meta property=\"og:image\" content=\"https:\/\/shinad.vn\/wp-content\/uploads\/2023\/08\/Cover-1-1024x577.jpg\" \/>\n<meta name=\"twitter:card\" content=\"summary_large_image\" \/>\n<meta name=\"twitter:label1\" content=\"\u01af\u1edbc t\u00ednh th\u1eddi gian \u0111\u1ecdc\" \/>\n\t<meta name=\"twitter:data1\" content=\"3 ph\u00fat\" \/>\n<script type=\"application\/ld+json\" class=\"yoast-schema-graph\">{\"@context\":\"https:\\\/\\\/schema.org\",\"@graph\":[{\"@type\":\"WebPage\",\"@id\":\"https:\\\/\\\/shinad.vn\\\/index.php\\\/ve-shinad\\\/\",\"url\":\"https:\\\/\\\/shinad.vn\\\/index.php\\\/ve-shinad\\\/\",\"name\":\"GI\u1edaI THI\u1ec6U SHINAD\",\"isPartOf\":{\"@id\":\"https:\\\/\\\/shinad.vn\\\/#website\"},\"primaryImageOfPage\":{\"@id\":\"https:\\\/\\\/shinad.vn\\\/index.php\\\/ve-shinad\\\/#primaryimage\"},\"image\":{\"@id\":\"https:\\\/\\\/shinad.vn\\\/index.php\\\/ve-shinad\\\/#primaryimage\"},\"thumbnailUrl\":\"https:\\\/\\\/shinad.vn\\\/wp-content\\\/uploads\\\/2023\\\/08\\\/Cover-1-1024x577.jpg\",\"datePublished\":\"2020-04-25T14:03:02+00:00\",\"dateModified\":\"2025-07-31T08:41:10+00:00\",\"description\":\"SHINAD JSC chuy\u00ean t\u01b0 v\u1ea5n, thi\u1ebft k\u1ebf, s\u1ea3n xu\u1ea5t, cung c\u1ea5p tr\u1ecdn g\u00f3i c\u00e1c gi\u1ea3i ph\u00e1p v\u1ec1 Qu\u00e0 T\u1eb7ng Doanh Nghi\u1ec7p, In \u1ea4n POSM, v\u00e0 Gi\u1ea3i Ph\u00e1p V\u0103n Ph\u00f2ng\",\"breadcrumb\":{\"@id\":\"https:\\\/\\\/shinad.vn\\\/index.php\\\/ve-shinad\\\/#breadcrumb\"},\"inLanguage\":\"vi\",\"potentialAction\":[{\"@type\":\"ReadAction\",\"target\":[\"https:\\\/\\\/shinad.vn\\\/index.php\\\/ve-shinad\\\/\"]}]},{\"@type\":\"ImageObject\",\"inLanguage\":\"vi\",\"@id\":\"https:\\\/\\\/shinad.vn\\\/index.php\\\/ve-shinad\\\/#primaryimage\",\"url\":\"https:\\\/\\\/i0.wp.com\\\/shinad.vn\\\/wp-content\\\/uploads\\\/2023\\\/08\\\/Cover-1.jpg?fit=1640%2C924&ssl=1\",\"contentUrl\":\"https:\\\/\\\/i0.wp.com\\\/shinad.vn\\\/wp-content\\\/uploads\\\/2023\\\/08\\\/Cover-1.jpg?fit=1640%2C924&ssl=1\",\"width\":1640,\"height\":924},{\"@type\":\"BreadcrumbList\",\"@id\":\"https:\\\/\\\/shinad.vn\\\/index.php\\\/ve-shinad\\\/#breadcrumb\",\"itemListElement\":[{\"@type\":\"ListItem\",\"position\":1,\"name\":\"Trang ch\u1ee7\",\"item\":\"https:\\\/\\\/shinad.vn\\\/\"},{\"@type\":\"ListItem\",\"position\":2,\"name\":\"V\u1ec0 SHINAD\"}]},{\"@type\":\"WebSite\",\"@id\":\"https:\\\/\\\/shinad.vn\\\/#website\",\"url\":\"https:\\\/\\\/shinad.vn\\\/\",\"name\":\"www.shinad.vn\",\"description\":\"\",\"publisher\":{\"@id\":\"https:\\\/\\\/shinad.vn\\\/#organization\"},\"potentialAction\":[{\"@type\":\"SearchAction\",\"target\":{\"@type\":\"EntryPoint\",\"urlTemplate\":\"https:\\\/\\\/shinad.vn\\\/?s={search_term_string}\"},\"query-input\":{\"@type\":\"PropertyValueSpecification\",\"valueRequired\":true,\"valueName\":\"search_term_string\"}}],\"inLanguage\":\"vi\"},{\"@type\":\"Organization\",\"@id\":\"https:\\\/\\\/shinad.vn\\\/#organization\",\"name\":\"C\u00f4ng ty c\u1ed5 ph\u1ea7n \u0111\u1ea7u t\u01b0 th\u01b0\u01a1ng m\u1ea1i qu\u1ea3ng c\u00e1o Shinad\",\"url\":\"https:\\\/\\\/shinad.vn\\\/\",\"logo\":{\"@type\":\"ImageObject\",\"inLanguage\":\"vi\",\"@id\":\"https:\\\/\\\/shinad.vn\\\/#\\\/schema\\\/logo\\\/image\\\/\",\"url\":\"https:\\\/\\\/i0.wp.com\\\/shinad.vn\\\/wp-content\\\/uploads\\\/2020\\\/04\\\/cropped-Logo-SHINAD-ngang-3.png?fit=378%2C101&ssl=1\",\"contentUrl\":\"https:\\\/\\\/i0.wp.com\\\/shinad.vn\\\/wp-content\\\/uploads\\\/2020\\\/04\\\/cropped-Logo-SHINAD-ngang-3.png?fit=378%2C101&ssl=1\",\"width\":378,\"height\":101,\"caption\":\"C\u00f4ng ty c\u1ed5 ph\u1ea7n \u0111\u1ea7u t\u01b0 th\u01b0\u01a1ng m\u1ea1i qu\u1ea3ng c\u00e1o Shinad\"},\"image\":{\"@id\":\"https:\\\/\\\/shinad.vn\\\/#\\\/schema\\\/logo\\\/image\\\/\"},\"sameAs\":[\"https:\\\/\\\/www.facebook.com\\\/shinad.vn\"]}]}<\/script>\n<!-- \/ Yoast SEO plugin. -->","yoast_head_json":{"title":"GI\u1edaI THI\u1ec6U SHINAD","description":"SHINAD JSC chuy\u00ean t\u01b0 v\u1ea5n, thi\u1ebft k\u1ebf, s\u1ea3n xu\u1ea5t, cung c\u1ea5p tr\u1ecdn g\u00f3i c\u00e1c gi\u1ea3i ph\u00e1p v\u1ec1 Qu\u00e0 T\u1eb7ng Doanh Nghi\u1ec7p, In \u1ea4n POSM, v\u00e0 Gi\u1ea3i Ph\u00e1p V\u0103n Ph\u00f2ng","robots":{"index":"index","follow":"follow","max-snippet":"max-snippet:-1","max-image-preview":"max-image-preview:large","max-video-preview":"max-video-preview:-1"},"canonical":"https:\/\/shinad.vn\/index.php\/ve-shinad\/","og_locale":"vi_VN","og_type":"article","og_title":"GI\u1edaI THI\u1ec6U SHINAD","og_description":"SHINAD JSC chuy\u00ean t\u01b0 v\u1ea5n, thi\u1ebft k\u1ebf, s\u1ea3n xu\u1ea5t, cung c\u1ea5p tr\u1ecdn g\u00f3i c\u00e1c gi\u1ea3i ph\u00e1p v\u1ec1 Qu\u00e0 T\u1eb7ng Doanh Nghi\u1ec7p, In \u1ea4n POSM, v\u00e0 Gi\u1ea3i Ph\u00e1p V\u0103n Ph\u00f2ng","og_url":"https:\/\/shinad.vn\/index.php\/ve-shinad\/","article_publisher":"https:\/\/www.facebook.com\/shinad.vn","article_modified_time":"2025-07-31T08:41:10+00:00","og_image":[{"url":"https:\/\/shinad.vn\/wp-content\/uploads\/2023\/08\/Cover-1-1024x577.jpg","type":"","width":"","height":""}],"twitter_card":"summary_large_image","twitter_misc":{"\u01af\u1edbc t\u00ednh th\u1eddi gian \u0111\u1ecdc":"3 ph\u00fat"},"schema":{"@context":"https:\/\/schema.org","@graph":[{"@type":"WebPage","@id":"https:\/\/shinad.vn\/index.php\/ve-shinad\/","url":"https:\/\/shinad.vn\/index.php\/ve-shinad\/","name":"GI\u1edaI THI\u1ec6U SHINAD","isPartOf":{"@id":"https:\/\/shinad.vn\/#website"},"primaryImageOfPage":{"@id":"https:\/\/shinad.vn\/index.php\/ve-shinad\/#primaryimage"},"image":{"@id":"https:\/\/shinad.vn\/index.php\/ve-shinad\/#primaryimage"},"thumbnailUrl":"https:\/\/shinad.vn\/wp-content\/uploads\/2023\/08\/Cover-1-1024x577.jpg","datePublished":"2020-04-25T14:03:02+00:00","dateModified":"2025-07-31T08:41:10+00:00","description":"SHINAD JSC chuy\u00ean t\u01b0 v\u1ea5n, thi\u1ebft k\u1ebf, s\u1ea3n xu\u1ea5t, cung c\u1ea5p tr\u1ecdn g\u00f3i c\u00e1c gi\u1ea3i ph\u00e1p v\u1ec1 Qu\u00e0 T\u1eb7ng Doanh Nghi\u1ec7p, In \u1ea4n POSM, v\u00e0 Gi\u1ea3i Ph\u00e1p V\u0103n Ph\u00f2ng","breadcrumb":{"@id":"https:\/\/shinad.vn\/index.php\/ve-shinad\/#breadcrumb"},"inLanguage":"vi","potentialAction":[{"@type":"ReadAction","target":["https:\/\/shinad.vn\/index.php\/ve-shinad\/"]}]},{"@type":"ImageObject","inLanguage":"vi","@id":"https:\/\/shinad.vn\/index.php\/ve-shinad\/#primaryimage","url":"https:\/\/i0.wp.com\/shinad.vn\/wp-content\/uploads\/2023\/08\/Cover-1.jpg?fit=1640%2C924&ssl=1","contentUrl":"https:\/\/i0.wp.com\/shinad.vn\/wp-content\/uploads\/2023\/08\/Cover-1.jpg?fit=1640%2C924&ssl=1","width":1640,"height":924},{"@type":"BreadcrumbList","@id":"https:\/\/shinad.vn\/index.php\/ve-shinad\/#breadcrumb","itemListElement":[{"@type":"ListItem","position":1,"name":"Trang ch\u1ee7","item":"https:\/\/shinad.vn\/"},{"@type":"ListItem","position":2,"name":"V\u1ec0 SHINAD"}]},{"@type":"WebSite","@id":"https:\/\/shinad.vn\/#website","url":"https:\/\/shinad.vn\/","name":"www.shinad.vn","description":"","publisher":{"@id":"https:\/\/shinad.vn\/#organization"},"potentialAction":[{"@type":"SearchAction","target":{"@type":"EntryPoint","urlTemplate":"https:\/\/shinad.vn\/?s={search_term_string}"},"query-input":{"@type":"PropertyValueSpecification","valueRequired":true,"valueName":"search_term_string"}}],"inLanguage":"vi"},{"@type":"Organization","@id":"https:\/\/shinad.vn\/#organization","name":"C\u00f4ng ty c\u1ed5 ph\u1ea7n \u0111\u1ea7u t\u01b0 th\u01b0\u01a1ng m\u1ea1i qu\u1ea3ng c\u00e1o Shinad","url":"https:\/\/shinad.vn\/","logo":{"@type":"ImageObject","inLanguage":"vi","@id":"https:\/\/shinad.vn\/#\/schema\/logo\/image\/","url":"https:\/\/i0.wp.com\/shinad.vn\/wp-content\/uploads\/2020\/04\/cropped-Logo-SHINAD-ngang-3.png?fit=378%2C101&ssl=1","contentUrl":"https:\/\/i0.wp.com\/shinad.vn\/wp-content\/uploads\/2020\/04\/cropped-Logo-SHINAD-ngang-3.png?fit=378%2C101&ssl=1","width":378,"height":101,"caption":"C\u00f4ng ty c\u1ed5 ph\u1ea7n \u0111\u1ea7u t\u01b0 th\u01b0\u01a1ng m\u1ea1i qu\u1ea3ng c\u00e1o Shinad"},"image":{"@id":"https:\/\/shinad.vn\/#\/schema\/logo\/image\/"},"sameAs":["https:\/\/www.facebook.com\/shinad.vn"]}]}},"jetpack_sharing_enabled":true,"_links":{"self":[{"href":"https:\/\/shinad.vn\/index.php\/wp-json\/wp\/v2\/pages\/185","targetHints":{"allow":["GET"]}}],"collection":[{"href":"https:\/\/shinad.vn\/index.php\/wp-json\/wp\/v2\/pages"}],"about":[{"href":"https:\/\/shinad.vn\/index.php\/wp-json\/wp\/v2\/types\/page"}],"author":[{"embeddable":true,"href":"https:\/\/shinad.vn\/index.php\/wp-json\/wp\/v2\/users\/1"}],"replies":[{"embeddable":true,"href":"https:\/\/shinad.vn\/index.php\/wp-json\/wp\/v2\/comments?post=185"}],"version-history":[{"count":110,"href":"https:\/\/shinad.vn\/index.php\/wp-json\/wp\/v2\/pages\/185\/revisions"}],"predecessor-version":[{"id":3051,"href":"https:\/\/shinad.vn\/index.php\/wp-json\/wp\/v2\/pages\/185\/revisions\/3051"}],"wp:attachment":[{"href":"https:\/\/shinad.vn\/index.php\/wp-json\/wp\/v2\/media?parent=185"}],"curies":[{"name":"wp","href":"https:\/\/api.w.org\/{rel}","templated":true}]}}